{"id":727911,"date":"2025-08-27T20:30:23","date_gmt":"2025-08-27T17:30:23","guid":{"rendered":"https:\/\/roveyayinevi.com.tr\/index.php\/urun\/esik-2\/"},"modified":"2026-04-16T02:35:47","modified_gmt":"2026-04-15T23:35:47","slug":"esik-2","status":"publish","type":"product","link":"https:\/\/roveyayinevi.com.tr\/index.php\/urun\/esik-2\/","title":{"rendered":"E\u015fik"},"content":{"rendered":"<p>Beyaz ve mavilerimi ald\u0131n benden.K\u0131rm\u0131z\u0131 \u00f6ld\u00fc sonra benim i\u00e7in.Yaln\u0131zl\u0131\u011f\u0131m\u0131n ad\u0131n siyah koydun.I\u015f\u0131\u011f\u0131m\u0131 siyah\u0131n kesti sonra.Sana teslim y\u00fcz\u00fcm\u00fc, g\u00f6ky\u00fcz\u00fcne mahkum ettin.Bulutlar\u0131n uzak, ma\u011frur, bulan\u0131k ve karanl\u0131k y\u00fcz\u00fcne beni hapsettin.Oradayd\u0131n, tek kelime bile etmedin.G\u00fcne\u015f yapraklar\u0131na vurduk\u00e7a g\u00f6lgesi b\u00fcy\u00fcyen bir a\u011fa\u00e7 gibi sustun.YALNIZCA SUSTUN.<\/p>\n","protected":false},"excerpt":{"rendered":"<p>Beyaz ve mavilerimi ald\u0131n benden.K\u0131rm\u0131z\u0131 \u00f6ld\u00fc sonra benim i\u00e7in.Yaln\u0131zl\u0131\u011f\u0131m\u0131n ad\u0131n siyah koydun.I\u015f\u0131\u011f\u0131m\u0131 siyah\u0131n kesti sonra.Sana teslim y\u00fcz\u00fcm\u00fc, g\u00f6ky\u00fcz\u00fcne mahkum ettin.Bulutlar\u0131n uzak, ma\u011frur, bulan\u0131k ve karanl\u0131k y\u00fcz\u00fcne<span class=\"excerpt-hellip\"> [\u2026]<\/span><\/p>\n","protected":false},"featured_media":0,"template":"","meta":{"_monsterinsights_skip_tracking":false,"_monsterinsights_sitenote_active":false,"_monsterinsights_sitenote_note":"","_monsterinsights_sitenote_category":0},"product_brand":[],"product_cat":[12291,12509],"product_tag":[],"class_list":{"0":"post-727911","1":"product","2":"type-product","3":"status-publish","5":"product_cat-edebiyat","6":"product_cat-siir","7":"pa_cilt-ciltsiz","8":"pa_tur-kitap","9":"pa_yayinevi-elpis-yayinlari","10":"pa_yazar-elif-aksut","12":"first","13":"instock","14":"sale","15":"shipping-taxable","16":"purchasable","17":"product-type-simple"},"_links":{"self":[{"href":"https:\/\/roveyayinevi.com.tr\/index.php\/wp-json\/wp\/v2\/product\/727911","targetHints":{"allow":["GET"]}}],"collection":[{"href":"https:\/\/roveyayinevi.com.tr\/index.php\/wp-json\/wp\/v2\/product"}],"about":[{"href":"https:\/\/roveyayinevi.com.tr\/index.php\/wp-json\/wp\/v2\/types\/product"}],"wp:attachment":[{"href":"https:\/\/roveyayinevi.com.tr\/index.php\/wp-json\/wp\/v2\/media?parent=727911"}],"wp:term":[{"taxonomy":"product_brand","embeddable":true,"href":"https:\/\/roveyayinevi.com.tr\/index.php\/wp-json\/wp\/v2\/product_brand?post=727911"},{"taxonomy":"product_cat","embeddable":true,"href":"https:\/\/roveyayinevi.com.tr\/index.php\/wp-json\/wp\/v2\/product_cat?post=727911"},{"taxonomy":"product_tag","embeddable":true,"href":"https:\/\/roveyayinevi.com.tr\/index.php\/wp-json\/wp\/v2\/product_tag?post=727911"}],"curies":[{"name":"wp","href":"https:\/\/api.w.org\/{rel}","templated":true}]}}