{"id":727909,"date":"2025-08-27T20:30:21","date_gmt":"2025-08-27T17:30:21","guid":{"rendered":"https:\/\/roveyayinevi.com.tr\/index.php\/urun\/bebek-bakicilari-kulubu\/"},"modified":"2026-04-16T02:35:47","modified_gmt":"2026-04-15T23:35:47","slug":"bebek-bakicilari-kulubu","status":"publish","type":"product","link":"https:\/\/roveyayinevi.com.tr\/index.php\/urun\/bebek-bakicilari-kulubu\/","title":{"rendered":"Bebek Bak\u0131c\u0131lar\u0131 Kul\u00fcb\u00fc"},"content":{"rendered":"<p>Her \u015fey harika bir fikirle ba\u015flad\u0131&#8230; Kristy ve arkada\u015flar\u0131, \u00e7ocuklarla ilgilenmekten \u00e7ok ho\u015flan\u0131r.Kristy bir anl\u0131k ilhamla, en yak\u0131n arkada\u015flar\u0131 utanga\u00e7 Mary Anneve sanatsever Claudia ile birlikte \u201cbak\u0131c\u0131lar kul\u00fcb\u00fc\u201d kurmaya karar verir. Bu kul\u00fcp onlar\u0131 \u00e7ok e\u011flendirecek ve bir s\u00fcr\u00fc para kazanmalar\u0131n\u0131 sa\u011flayacakt\u0131r. Fakat telefon \u015fakalar\u0131yla, yaramaz bebeklerle, kontrolden \u00e7\u0131km\u0131\u015f ev hayvanlar\u0131yla bo\u011fu\u015furlarken beklediklerini bulamazlar. \u00dcstelik Kristy m\u00fcstakbel \u00fcvey babas\u0131n\u0131 kabullenmekte zorlan\u0131r ve ekibin yeni \u00fcyesi Stacey bir \u015feyler sakl\u0131yor gibidir. Ama Kristy ve arkada\u015flar\u0131 hepsinin \u00fcstesinden gelene dek pes etmeyecektir! Netflix\u2019in de diziye uyarlad\u0131\u011f\u0131 Bebek Bak\u0131c\u0131lar\u0131 Kul\u00fcb\u00fc 1986 y\u0131l\u0131nda yay\u0131mlanmaya ba\u015flad\u0131. Toplamda 131 cilde sahip olan seri d\u00fcnya \u00e7ap\u0131nda 176 milyon kopya satt\u0131. <\/p>\n","protected":false},"excerpt":{"rendered":"<p>Her \u015fey harika bir fikirle ba\u015flad\u0131&#8230; Kristy ve arkada\u015flar\u0131, \u00e7ocuklarla ilgilenmekten \u00e7ok ho\u015flan\u0131r.Kristy bir anl\u0131k ilhamla, en yak\u0131n arkada\u015flar\u0131 utanga\u00e7 Mary Anneve sanatsever Claudia ile birlikte<span class=\"excerpt-hellip\"> [\u2026]<\/span><\/p>\n","protected":false},"featured_media":0,"template":"","meta":{"_monsterinsights_skip_tracking":false,"_monsterinsights_sitenote_active":false,"_monsterinsights_sitenote_note":"","_monsterinsights_sitenote_category":0},"product_brand":[],"product_cat":[12689,12274],"product_tag":[],"class_list":{"0":"post-727909","1":"product","2":"type-product","3":"status-publish","5":"product_cat-cizgi-roman-cocuk-ve-genclik-kitaplari","6":"product_cat-cocuk-ve-genclik-kitaplari","7":"pa_cilt-ciltsiz","8":"pa_tur-kitap","9":"pa_yayinevi-epsilon-yayinlari","10":"pa_yazar-ann-m-martin-raina-telgemeier","12":"first","13":"instock","14":"sale","15":"shipping-taxable","16":"purchasable","17":"product-type-simple"},"_links":{"self":[{"href":"https:\/\/roveyayinevi.com.tr\/index.php\/wp-json\/wp\/v2\/product\/727909","targetHints":{"allow":["GET"]}}],"collection":[{"href":"https:\/\/roveyayinevi.com.tr\/index.php\/wp-json\/wp\/v2\/product"}],"about":[{"href":"https:\/\/roveyayinevi.com.tr\/index.php\/wp-json\/wp\/v2\/types\/product"}],"wp:attachment":[{"href":"https:\/\/roveyayinevi.com.tr\/index.php\/wp-json\/wp\/v2\/media?parent=727909"}],"wp:term":[{"taxonomy":"product_brand","embeddable":true,"href":"https:\/\/roveyayinevi.com.tr\/index.php\/wp-json\/wp\/v2\/product_brand?post=727909"},{"taxonomy":"product_cat","embeddable":true,"href":"https:\/\/roveyayinevi.com.tr\/index.php\/wp-json\/wp\/v2\/product_cat?post=727909"},{"taxonomy":"product_tag","embeddable":true,"href":"https:\/\/roveyayinevi.com.tr\/index.php\/wp-json\/wp\/v2\/product_tag?post=727909"}],"curies":[{"name":"wp","href":"https:\/\/api.w.org\/{rel}","templated":true}]}}