{"id":727907,"date":"2025-08-27T20:30:20","date_gmt":"2025-08-27T17:30:20","guid":{"rendered":"https:\/\/roveyayinevi.com.tr\/index.php\/urun\/bir-devletin-cokus-hikayesi-turkiye-selcuklu-devletinin-dagilisi\/"},"modified":"2025-09-18T00:37:19","modified_gmt":"2025-09-17T21:37:19","slug":"bir-devletin-cokus-hikayesi-turkiye-selcuklu-devletinin-dagilisi","status":"publish","type":"product","link":"https:\/\/roveyayinevi.com.tr\/index.php\/urun\/bir-devletin-cokus-hikayesi-turkiye-selcuklu-devletinin-dagilisi\/","title":{"rendered":"Bir Devletin \u00c7\u00f6k\u00fc\u015f Hikayesi &#8211; T\u00fcrkiye Sel\u00e7uklu Devleti&#8217;nin Da\u011f\u0131l\u0131\u015f\u0131"},"content":{"rendered":"<p>1075\u2019de kurulan ve 1318\u2019de sona erdi\u011fi kabul edilen bir devletin 243 y\u0131ll\u0131k \u00f6mr\u00fcn\u00fcn 75 y\u0131ll\u0131k uzun say\u0131labilecek bir d\u00f6neminin \u00e7\u00f6k\u00fc\u015f s\u00fcreci olmas\u0131 olduk\u00e7a ilgi \u00e7ekicidir. Bu zaman zarf\u0131nda farkl\u0131 k\u00f6klere ve anlay\u0131\u015flara sahip, ben merkezli hareket eden \u00fcst y\u00f6netim mensuplar\u0131n\u0131n, devleti ve milleti kurtarma ad\u0131na att\u0131klar\u0131 iddia edilen ad\u0131mlar\u0131n ula\u015ft\u0131\u011f\u0131 noktalar\u0131 ve bunlar\u0131n, \u015fahs\u00ee  \u00e7\u0131karlar\u0131n\u0131 hesaba katarak ald\u0131klar\u0131 her karar\u0131n, sonu haz\u0131rlayan olaylar zincirinin bir halkas\u0131 oldu\u011funu ya\u015fanan olaylar bir ibret vesikas\u0131 olarak ortaya koymaktad\u0131r. Devletlerin hangi \u015fartlarda kuruldu\u011funun bilinmesi kadar, gerilemeyi ba\u015flatan nedenlerin ve sona eri\u015fle sonu\u00e7lanan s\u00fcrecin \u00f6\u011frenilmesinin de b\u00fcy\u00fck \u00f6nem ta\u015f\u0131d\u0131\u011f\u0131 d\u00fc\u015f\u00fcncesiyle bu kitab\u0131 haz\u0131rlad\u0131k.              <\/p>\n","protected":false},"excerpt":{"rendered":"<p>1075\u2019de kurulan ve 1318\u2019de sona erdi\u011fi kabul edilen bir devletin 243 y\u0131ll\u0131k \u00f6mr\u00fcn\u00fcn 75 y\u0131ll\u0131k uzun say\u0131labilecek bir d\u00f6neminin \u00e7\u00f6k\u00fc\u015f s\u00fcreci olmas\u0131 olduk\u00e7a ilgi \u00e7ekicidir. Bu<span class=\"excerpt-hellip\"> [\u2026]<\/span><\/p>\n","protected":false},"featured_media":0,"template":"","meta":{"_monsterinsights_skip_tracking":false,"_monsterinsights_sitenote_active":false,"_monsterinsights_sitenote_note":"","_monsterinsights_sitenote_category":0},"product_brand":[],"product_cat":[12370,12304],"product_tag":[],"class_list":{"0":"post-727907","1":"product","2":"type-product","3":"status-publish","5":"product_cat-arastirma-inceleme","6":"product_cat-tarih","7":"pa_cilt-ciltsiz","8":"pa_tur-kitap","9":"pa_yayinevi-altinordu-yayinlari","10":"pa_yazar-mehmet-ersan","12":"first","13":"instock","14":"sale","15":"shipping-taxable","16":"purchasable","17":"product-type-simple"},"_links":{"self":[{"href":"https:\/\/roveyayinevi.com.tr\/index.php\/wp-json\/wp\/v2\/product\/727907","targetHints":{"allow":["GET"]}}],"collection":[{"href":"https:\/\/roveyayinevi.com.tr\/index.php\/wp-json\/wp\/v2\/product"}],"about":[{"href":"https:\/\/roveyayinevi.com.tr\/index.php\/wp-json\/wp\/v2\/types\/product"}],"wp:attachment":[{"href":"https:\/\/roveyayinevi.com.tr\/index.php\/wp-json\/wp\/v2\/media?parent=727907"}],"wp:term":[{"taxonomy":"product_brand","embeddable":true,"href":"https:\/\/roveyayinevi.com.tr\/index.php\/wp-json\/wp\/v2\/product_brand?post=727907"},{"taxonomy":"product_cat","embeddable":true,"href":"https:\/\/roveyayinevi.com.tr\/index.php\/wp-json\/wp\/v2\/product_cat?post=727907"},{"taxonomy":"product_tag","embeddable":true,"href":"https:\/\/roveyayinevi.com.tr\/index.php\/wp-json\/wp\/v2\/product_tag?post=727907"}],"curies":[{"name":"wp","href":"https:\/\/api.w.org\/{rel}","templated":true}]}}