{"id":727904,"date":"2025-08-27T20:30:17","date_gmt":"2025-08-27T17:30:17","guid":{"rendered":"https:\/\/roveyayinevi.com.tr\/index.php\/urun\/onu-dusunerek-ona-ulasamazsin\/"},"modified":"2026-04-16T02:35:44","modified_gmt":"2026-04-15T23:35:44","slug":"onu-dusunerek-ona-ulasamazsin","status":"publish","type":"product","link":"https:\/\/roveyayinevi.com.tr\/index.php\/urun\/onu-dusunerek-ona-ulasamazsin\/","title":{"rendered":"O\u2019nu D\u00fc\u015f\u00fcnerek O\u2019na Ula\u015famazs\u0131n"},"content":{"rendered":"<p>Bug\u00fcn, zihninin do\u011fdu\u011fu bir d\u00fcnyaya ayak bas\u0131yor olu\u015fumun bir sanc\u0131s\u0131 var.Ya\u011fmur, benim yerime sesleniyor bug\u00fcn. Bug\u00fcn hasretine yatak yapt\u0131\u011f\u0131m bulutlar\u0131n a\u011flamas\u0131 var. Bug\u00fcn mavi umutlar\u0131n griye a\u015fk \u00e7almas\u0131 var. Islanan hayallerim, k\u0131r\u0131k yata\u011f\u0131m, ba\u011f\u0131ran dilim. Eksik rengim, kaybolmu\u015f derg\u00e2h\u0131m, gizlenen suretin var bug\u00fcn sevgilim. Bug\u00fcn yaln\u0131zl\u0131\u011f\u0131m var ya\u011fan..<\/p>\n","protected":false},"excerpt":{"rendered":"<p>Bug\u00fcn, zihninin do\u011fdu\u011fu bir d\u00fcnyaya ayak bas\u0131yor olu\u015fumun bir sanc\u0131s\u0131 var.Ya\u011fmur, benim yerime sesleniyor bug\u00fcn. Bug\u00fcn hasretine yatak yapt\u0131\u011f\u0131m bulutlar\u0131n a\u011flamas\u0131 var. Bug\u00fcn mavi umutlar\u0131n griye<span class=\"excerpt-hellip\"> [\u2026]<\/span><\/p>\n","protected":false},"featured_media":0,"template":"","meta":{"_monsterinsights_skip_tracking":false,"_monsterinsights_sitenote_active":false,"_monsterinsights_sitenote_note":"","_monsterinsights_sitenote_category":0},"product_brand":[],"product_cat":[12777,12291],"product_tag":[],"class_list":{"0":"post-727904","1":"product","2":"type-product","3":"status-publish","5":"product_cat-deneme","6":"product_cat-edebiyat","7":"pa_cilt-ciltsiz","8":"pa_tur-kitap","9":"pa_yayinevi-hayykitap","10":"pa_yazar-naz-altinbas","12":"first","13":"instock","14":"sale","15":"shipping-taxable","16":"purchasable","17":"product-type-simple"},"_links":{"self":[{"href":"https:\/\/roveyayinevi.com.tr\/index.php\/wp-json\/wp\/v2\/product\/727904","targetHints":{"allow":["GET"]}}],"collection":[{"href":"https:\/\/roveyayinevi.com.tr\/index.php\/wp-json\/wp\/v2\/product"}],"about":[{"href":"https:\/\/roveyayinevi.com.tr\/index.php\/wp-json\/wp\/v2\/types\/product"}],"wp:attachment":[{"href":"https:\/\/roveyayinevi.com.tr\/index.php\/wp-json\/wp\/v2\/media?parent=727904"}],"wp:term":[{"taxonomy":"product_brand","embeddable":true,"href":"https:\/\/roveyayinevi.com.tr\/index.php\/wp-json\/wp\/v2\/product_brand?post=727904"},{"taxonomy":"product_cat","embeddable":true,"href":"https:\/\/roveyayinevi.com.tr\/index.php\/wp-json\/wp\/v2\/product_cat?post=727904"},{"taxonomy":"product_tag","embeddable":true,"href":"https:\/\/roveyayinevi.com.tr\/index.php\/wp-json\/wp\/v2\/product_tag?post=727904"}],"curies":[{"name":"wp","href":"https:\/\/api.w.org\/{rel}","templated":true}]}}