{"id":727901,"date":"2025-08-27T20:30:14","date_gmt":"2025-08-27T17:30:14","guid":{"rendered":"https:\/\/roveyayinevi.com.tr\/index.php\/urun\/kilidi-acamazsan-kir-kapiyi\/"},"modified":"2026-04-16T02:35:44","modified_gmt":"2026-04-15T23:35:44","slug":"kilidi-acamazsan-kir-kapiyi","status":"publish","type":"product","link":"https:\/\/roveyayinevi.com.tr\/index.php\/urun\/kilidi-acamazsan-kir-kapiyi\/","title":{"rendered":"Kilidi A\u00e7amazsan K\u0131r Kap\u0131y\u0131"},"content":{"rendered":"<p>\u201c\u00c7ocuk b\u00fcy\u00fcd\u00fc, d\u00fc\u015f bitti&#8230;\u201d Pink Floyd, a\u00e7\u0131lmakta direnen kap\u0131lar kar\u015f\u0131s\u0131nda pes etmeyen, kap\u0131lar\u0131 k\u0131rmak zorunda kalsa da muhakkak sonunda a\u00e7may\u0131 ba\u015faran asi \u00e7ocuklar\u0131n s\u00f6zc\u00fcs\u00fcyd\u00fc. Sadece m\u00fczikte \u00e7\u0131\u011f\u0131r a\u00e7mad\u0131 Pink Floyd, bask\u0131ya ve dayatmalara diren\u00e7 g\u00f6sterenlerin kalbinde, hayallerinde, isyanlar\u0131nda ve itirazlar\u0131nda yepyeni ufuklar a\u00e7t\u0131. Pink Floyd yaln\u0131zca bir m\u00fczik grubu de\u011fil bir ya\u015fam bi\u00e7imi ve felsefeydi de ayn\u0131 zamanda. Pink Floyd \u00e7a\u011f\u0131n\u0131 a\u015fan, zaman\u0131n \u00f6tesinde m\u00fczikten ba\u015fka \u015fans\u0131 olmayanlar\u0131n yolculu\u011fuydu. Onlar kendi yolculuklar\u0131nda kilitli kap\u0131larla kar\u015f\u0131la\u015ft\u0131lar. Yapt\u0131r\u0131mlarla, yasaklarla, bask\u0131larla, zincirlerle ve s\u00fcr\u00fc dayatmas\u0131yla&#8230; Ama hep birlikte itiraz etmenin ve direnmenin bir yolunu buldular: M\u00fczik! Bu kitap, Pink Floyd\u2019a, Ay\u2019\u0131n karanl\u0131k y\u00fcz\u00fcne bir yolculuk&#8230; Belki de as\u0131l karanl\u0131k k\u0131r\u0131lamayan kap\u0131lard\u0131. O zaman y\u00f6n ver g\u00fcne\u015fin kalbine do\u011fru! <\/p>\n","protected":false},"excerpt":{"rendered":"<p>\u201c\u00c7ocuk b\u00fcy\u00fcd\u00fc, d\u00fc\u015f bitti&#8230;\u201d Pink Floyd, a\u00e7\u0131lmakta direnen kap\u0131lar kar\u015f\u0131s\u0131nda pes etmeyen, kap\u0131lar\u0131 k\u0131rmak zorunda kalsa da muhakkak sonunda a\u00e7may\u0131 ba\u015faran asi \u00e7ocuklar\u0131n s\u00f6zc\u00fcs\u00fcyd\u00fc. Sadece m\u00fczikte<span class=\"excerpt-hellip\"> [\u2026]<\/span><\/p>\n","protected":false},"featured_media":0,"template":"","meta":{"_monsterinsights_skip_tracking":false,"_monsterinsights_sitenote_active":false,"_monsterinsights_sitenote_note":"","_monsterinsights_sitenote_category":0},"product_brand":[],"product_cat":[14009,12291],"product_tag":[],"class_list":{"0":"post-727901","1":"product","2":"type-product","3":"status-publish","5":"product_cat-biyografi-otobiyografi-edebiyat","6":"product_cat-edebiyat","7":"pa_cilt-ciltsiz","8":"pa_tur-kitap","9":"pa_yayinevi-destek-yayinlari","10":"pa_yazar-fatma-berber-sumeyra-teltik","12":"first","13":"instock","14":"sale","15":"shipping-taxable","16":"purchasable","17":"product-type-simple"},"_links":{"self":[{"href":"https:\/\/roveyayinevi.com.tr\/index.php\/wp-json\/wp\/v2\/product\/727901","targetHints":{"allow":["GET"]}}],"collection":[{"href":"https:\/\/roveyayinevi.com.tr\/index.php\/wp-json\/wp\/v2\/product"}],"about":[{"href":"https:\/\/roveyayinevi.com.tr\/index.php\/wp-json\/wp\/v2\/types\/product"}],"wp:attachment":[{"href":"https:\/\/roveyayinevi.com.tr\/index.php\/wp-json\/wp\/v2\/media?parent=727901"}],"wp:term":[{"taxonomy":"product_brand","embeddable":true,"href":"https:\/\/roveyayinevi.com.tr\/index.php\/wp-json\/wp\/v2\/product_brand?post=727901"},{"taxonomy":"product_cat","embeddable":true,"href":"https:\/\/roveyayinevi.com.tr\/index.php\/wp-json\/wp\/v2\/product_cat?post=727901"},{"taxonomy":"product_tag","embeddable":true,"href":"https:\/\/roveyayinevi.com.tr\/index.php\/wp-json\/wp\/v2\/product_tag?post=727901"}],"curies":[{"name":"wp","href":"https:\/\/api.w.org\/{rel}","templated":true}]}}