{"id":727900,"date":"2025-08-27T20:30:13","date_gmt":"2025-08-27T17:30:13","guid":{"rendered":"https:\/\/roveyayinevi.com.tr\/index.php\/urun\/noel-babanin-takma-sakali\/"},"modified":"2026-04-16T02:35:44","modified_gmt":"2026-04-15T23:35:44","slug":"noel-babanin-takma-sakali","status":"publish","type":"product","link":"https:\/\/roveyayinevi.com.tr\/index.php\/urun\/noel-babanin-takma-sakali\/","title":{"rendered":"Noel Baba&#8217;n\u0131n Takma Sakal\u0131"},"content":{"rendered":"<p>Bu y\u0131l uslu durdunuz mu?O h\u00e2lde bu kitab\u0131 okumaya ve yeni y\u0131l\u0131 kahkahalarla kar\u015f\u0131lamaya hak kazand\u0131n\u0131z!Ho Ho Ho! Bir al\u0131\u015fveri\u015f merkezi yanl\u0131\u015fl\u0131kla hakiki Noel Baba&#8217;y\u0131 i\u015fe al\u0131rsa ne olur? Koskoca bir kasabay\u0131 doyurmaya yetecek b\u00fcy\u00fckl\u00fckteki enfes bir y\u0131lba\u015f\u0131 turtas\u0131 neden durduk yere patlar? Peki, mini minnac\u0131k bir kar-adam\u0131, nas\u0131l evcille\u015ftirilir?Fantastik edebiyat\u0131n \u015f\u00f6valyesi (evet, yanl\u0131\u015f okumad\u0131n\u0131z!) S\u00f6r Terry Pratchett, Noel Baba&#8217;n\u0131n Takma Sakal\u0131 isimli kitab\u0131nda, bu kez ustal\u0131\u011f\u0131n\u0131 kar ve buz kapl\u0131 maceralarda konu\u015fturuyor, okurlar\u0131n i\u00e7ini yeni y\u0131l co\u015fkusuyla saracak s\u0131cac\u0131k \u00f6yk\u00fclere imza at\u0131yor. Y\u00fczy\u0131llar boyunca her y\u00f6n\u00fcyle b\u00fcy\u00fck de\u011fi\u015fim g\u00f6steren Noel Baba efsanesinin g\u00fcnl\u00fck ya\u015fama ve sosyal ili\u015fkilere yans\u0131mas\u0131n\u0131 komik bir dille kalemine dolayan yazar; bilgisayar, yapay zek\u00e2 ve hatta bu \u00f6yk\u00fclerin yaz\u0131ld\u0131\u011f\u0131 zamanlarda hen\u00fcz ke\u015ffedilmemi\u015f bilumum teknolojik geli\u015fmenin Noel ruhu \u00fczerindeki etkilerini tart\u0131\u015f\u0131yor.<\/p>\n","protected":false},"excerpt":{"rendered":"<p>Bu y\u0131l uslu durdunuz mu?O h\u00e2lde bu kitab\u0131 okumaya ve yeni y\u0131l\u0131 kahkahalarla kar\u015f\u0131lamaya hak kazand\u0131n\u0131z!Ho Ho Ho! Bir al\u0131\u015fveri\u015f merkezi yanl\u0131\u015fl\u0131kla hakiki Noel Baba&#8217;y\u0131 i\u015fe<span class=\"excerpt-hellip\"> [\u2026]<\/span><\/p>\n","protected":false},"featured_media":0,"template":"","meta":{"_monsterinsights_skip_tracking":false,"_monsterinsights_sitenote_active":false,"_monsterinsights_sitenote_note":"","_monsterinsights_sitenote_category":0},"product_brand":[],"product_cat":[12275,12274],"product_tag":[],"class_list":{"0":"post-727900","1":"product","2":"type-product","3":"status-publish","5":"product_cat-6-12-yas-kitaplari","6":"product_cat-cocuk-ve-genclik-kitaplari","7":"pa_cilt-ciltsiz","8":"pa_tur-kitap","9":"pa_yayinevi-tudem-yayinlari","10":"pa_yazar-terry-pratchett","12":"first","13":"instock","14":"sale","15":"shipping-taxable","16":"purchasable","17":"product-type-simple"},"_links":{"self":[{"href":"https:\/\/roveyayinevi.com.tr\/index.php\/wp-json\/wp\/v2\/product\/727900","targetHints":{"allow":["GET"]}}],"collection":[{"href":"https:\/\/roveyayinevi.com.tr\/index.php\/wp-json\/wp\/v2\/product"}],"about":[{"href":"https:\/\/roveyayinevi.com.tr\/index.php\/wp-json\/wp\/v2\/types\/product"}],"wp:attachment":[{"href":"https:\/\/roveyayinevi.com.tr\/index.php\/wp-json\/wp\/v2\/media?parent=727900"}],"wp:term":[{"taxonomy":"product_brand","embeddable":true,"href":"https:\/\/roveyayinevi.com.tr\/index.php\/wp-json\/wp\/v2\/product_brand?post=727900"},{"taxonomy":"product_cat","embeddable":true,"href":"https:\/\/roveyayinevi.com.tr\/index.php\/wp-json\/wp\/v2\/product_cat?post=727900"},{"taxonomy":"product_tag","embeddable":true,"href":"https:\/\/roveyayinevi.com.tr\/index.php\/wp-json\/wp\/v2\/product_tag?post=727900"}],"curies":[{"name":"wp","href":"https:\/\/api.w.org\/{rel}","templated":true}]}}