{"id":727898,"date":"2025-08-27T20:30:11","date_gmt":"2025-08-27T17:30:11","guid":{"rendered":"https:\/\/roveyayinevi.com.tr\/index.php\/urun\/sahte-peygamberler-yalan-cemaatler\/"},"modified":"2026-04-15T02:46:32","modified_gmt":"2026-04-14T23:46:32","slug":"sahte-peygamberler-yalan-cemaatler","status":"publish","type":"product","link":"https:\/\/roveyayinevi.com.tr\/index.php\/urun\/sahte-peygamberler-yalan-cemaatler\/","title":{"rendered":"Sahte Peygamberler Yalan Cemaatler"},"content":{"rendered":"<p>BAZILARI DEL\u0130 AMA HEPS\u0130 AYNI Psikiyatrist Anthony Storr\u2019un en \u00f6zg\u00fcn, ayd\u0131nlat\u0131c\u0131 ve be\u011feni toplam\u0131\u015f kitaplar\u0131ndan biridir. Storr\u2019un \u00f6zg\u00fcn ve insanc\u0131l anlat\u0131m\u0131yla kitapta, hem Jim Jones ve David Koresh gibi k\u00f6t\u00fc nam salm\u0131\u015f cani gurular\u0131n hem de Loyolal\u0131 Ignatius ve \u0130sa gibi Bat\u0131\u2019da sayg\u0131nl\u0131k kazanm\u0131\u015f tinsel liderlerin fark\u0131nda oldu\u011fumuzdan \u00e7ok daha fazla ki\u015fiyi etkilediklerini anl\u0131yoruz. Neden baz\u0131lar\u0131n\u0131 sayg\u0131n d\u00fc\u015f\u00fcn\u00fcr ya da tinsel lider olarak adland\u0131r\u0131yoruz da di\u011ferlerine deli diyoruz? Storr, g\u00f6r\u00fcn\u00fc\u015fte deli ya da g\u00f6r\u00fcn\u00fc\u015fte akl\u0131 ba\u015f\u0131nda olanlar\u0131n asl\u0131nda birbirlerinden pek de farklar\u0131 olmad\u0131\u011f\u0131n\u0131, sadece yelpazenin fakl\u0131 b\u00f6l\u00fcmlerinde yer ald\u0131klar\u0131n\u0131 g\u00f6steriyor. \u201cAnthony Storr\u2019un Sahte Peygamberler Yalan Cemaatler\u2019i, ilk iyi guru rehberi. \u00d6nceden bu konu \u00fczerinde \u00e7al\u0131\u015fm\u0131\u015f yazarlardan farkl\u0131 olarak, gurular\u0131n \u00f6\u011fretilerini ele almay\u0131p psikiyatrist kimli\u011fiyle \u0131\u015f\u0131klar\u0131 gurular\u0131n \u00fczerine \u00e7eviriyor\u2026 Bir delilik testi i\u015fe yaramaz. Dr. Storr\u2019a g\u00f6re, bunun yerine \u2018hem sadece kendiyle ilgilenen hem de otoriter olan\u2019 ki\u015filere g\u00fcvenmemeliyiz, \u00e7\u00fcnk\u00fc \u2018kendinden emin olma karizmas\u0131 hepimizin i\u00e7indeki \u00e7ocu\u011fu tuza\u011fa d\u00fc\u015f\u00fcren bir kapand\u0131r\u2026\u2019 Yeni dinleri bu kadar basit ve anla\u015f\u0131l\u0131r bir bi\u00e7imde anlatan az say\u0131da eserden biri.\u201d Colin Hughes, Independent \u201c\u00c7ok heyecan verici bir kitap\u2026 Anthony Storr, sadece yazma yetene\u011fi olan bir psikiyatrist olmakla kalmay\u0131p, daha \u00f6nce kimsenin fikir belirtmek istemedi\u011fi bu konuyu son derece ak\u0131c\u0131 ve ak\u0131lc\u0131 bir dille i\u015flemi\u015ftir. Ayn\u0131 zamanda Dr. Storr, insan ruhunun \u00e7\u00f6z\u00fcmlenmesi s\u00f6z konusu oldu\u011funda, profesyonel becerilerinin s\u0131n\u0131r\u0131n\u0131n fark\u0131nda olan az say\u0131da psikiyatristten biri.\u201d Damian Thompson, Literary Review \u201cUyar\u0131c\u0131 ve okunabilir bir kitap\u2026 \u0130\u00e7inde Gurdjieff ve Rajneesh\u2019in, Jung ve Freud\u2019un, Loyola ve \u0130sa\u2019n\u0131n da bulundu\u011fu bir sahtekarlar ve saplant\u0131l\u0131 ki\u015filer ordusu\u2026 Storr, t\u00fcm bilgeli\u011fiyle gurular\u0131n sa\u011fl\u0131\u011f\u0131 nas\u0131l tehdit edebileceklerini g\u00f6zler \u00f6n\u00fcne seriyor.\u201d Simon Jenkins, Sunday Times \u00c7ok az say\u0131da m\u00fcridi olan ki\u015fisel inan\u00e7 sistemleri, kand\u0131rmacadan ibaret gibi g\u00f6r\u00fcn\u00fcr. Milyonlarca ki\u015fi taraf\u0131ndan kabul g\u00f6rm\u00fc\u015f inan\u00e7 sistemleri ise di\u011ferleri kadar mant\u0131k d\u0131\u015f\u0131 olsalar bile, d\u00fcnya dini olarak adland\u0131r\u0131l\u0131rlar. <\/p>\n","protected":false},"excerpt":{"rendered":"<p>BAZILARI DEL\u0130 AMA HEPS\u0130 AYNI Psikiyatrist Anthony Storr\u2019un en \u00f6zg\u00fcn, ayd\u0131nlat\u0131c\u0131 ve be\u011feni toplam\u0131\u015f kitaplar\u0131ndan biridir. Storr\u2019un \u00f6zg\u00fcn ve insanc\u0131l anlat\u0131m\u0131yla kitapta, hem Jim Jones ve<span class=\"excerpt-hellip\"> [\u2026]<\/span><\/p>\n","protected":false},"featured_media":0,"template":"","meta":{"_monsterinsights_skip_tracking":false,"_monsterinsights_sitenote_active":false,"_monsterinsights_sitenote_note":"","_monsterinsights_sitenote_category":0},"product_brand":[],"product_cat":[19998,12388],"product_tag":[],"class_list":{"0":"post-727898","1":"product","2":"type-product","3":"status-publish","5":"product_cat-din-felsefesi","6":"product_cat-felsefe","7":"pa_cilt-ciltsiz","8":"pa_tur-kitap","9":"pa_yayinevi-okuyan-us-yayin","10":"pa_yazar-anthony-storr","12":"first","13":"instock","14":"sale","15":"shipping-taxable","16":"purchasable","17":"product-type-simple"},"_links":{"self":[{"href":"https:\/\/roveyayinevi.com.tr\/index.php\/wp-json\/wp\/v2\/product\/727898","targetHints":{"allow":["GET"]}}],"collection":[{"href":"https:\/\/roveyayinevi.com.tr\/index.php\/wp-json\/wp\/v2\/product"}],"about":[{"href":"https:\/\/roveyayinevi.com.tr\/index.php\/wp-json\/wp\/v2\/types\/product"}],"wp:attachment":[{"href":"https:\/\/roveyayinevi.com.tr\/index.php\/wp-json\/wp\/v2\/media?parent=727898"}],"wp:term":[{"taxonomy":"product_brand","embeddable":true,"href":"https:\/\/roveyayinevi.com.tr\/index.php\/wp-json\/wp\/v2\/product_brand?post=727898"},{"taxonomy":"product_cat","embeddable":true,"href":"https:\/\/roveyayinevi.com.tr\/index.php\/wp-json\/wp\/v2\/product_cat?post=727898"},{"taxonomy":"product_tag","embeddable":true,"href":"https:\/\/roveyayinevi.com.tr\/index.php\/wp-json\/wp\/v2\/product_tag?post=727898"}],"curies":[{"name":"wp","href":"https:\/\/api.w.org\/{rel}","templated":true}]}}