{"id":727897,"date":"2025-08-27T20:30:10","date_gmt":"2025-08-27T17:30:10","guid":{"rendered":"https:\/\/roveyayinevi.com.tr\/index.php\/urun\/bir-kis-ruyasi\/"},"modified":"2026-04-16T02:35:44","modified_gmt":"2026-04-15T23:35:44","slug":"bir-kis-ruyasi","status":"publish","type":"product","link":"https:\/\/roveyayinevi.com.tr\/index.php\/urun\/bir-kis-ruyasi\/","title":{"rendered":"Bir K\u0131\u015f R\u00fcyas\u0131"},"content":{"rendered":"<p>Y\u00fcksek lisans \u00f6\u011frencisi Ashley Davison, Noel tatilini Seattle\u2019da tek ba\u015f\u0131na ya\u015fayan annesiyle birlikte ge\u00e7irmeyi iple \u00e7eker. Eski ordu istihbarat subay\u0131 olan Dashiell Sutherland\u2019in de Seattle\u2019da bir i\u015f g\u00f6r\u00fc\u015fmesi vard\u0131r ve 23 Aral\u0131k\u2019ta orada olmak zorundad\u0131r. San Francisco\u2019dan Seattle\u2019a olan u\u00e7ak biletleri t\u00fckenince ikisi de ne yapacaklar\u0131n\u0131 bilemeden havaalan\u0131nda s\u0131k\u0131\u015f\u0131p kal\u0131r. Son \u00e7are bir araba kiralamakt\u0131r ve kiral\u0131k tek bir araba kalm\u0131\u015ft\u0131r. Ashley ve Dashiell kalan tek arabay\u0131 birlikte kiralamaya karar verir ama ikisi de onlar\u0131 bekleyen zorlu yolculuktan habersizdir. Bu iki yabanc\u0131 \u00f6nce sessizce yola \u00e7\u0131ksa da saatler ilerledik\u00e7e birbirlerine kar\u015f\u0131 koyamay\u0131p aralar\u0131ndaki buzlar\u0131 eritirler. Tatl\u0131 sert sohbetleri koyula\u015ft\u0131k\u00e7a sadece ortak y\u00f6nlerini ke\u015ffetmekle kalmazlar, ayn\u0131 zamanda birbirlerine kar\u015f\u0131 koyamad\u0131klar\u0131n\u0131 da fark ederler. Yolculuk s\u0131ras\u0131nda ger\u00e7ekle\u015fen beklenmedik olaylar, Seattle\u2019a var\u0131\u015flar\u0131n\u0131 geciktirse de gafil avland\u0131klar\u0131 bu duygu, aralar\u0131ndaki ba\u011f\u0131 daha da g\u00fc\u00e7lendirecektir. Ya\u011fan ilk kar\u0131n bu iki hassas kalbe muhte\u015fem bir hediyesi vard\u0131r&#8230;  \u201cMuhte\u015fem ve i\u00e7 \u0131s\u0131tan bir hik\u00e2ye&#8230; Bol kahkaha ve a\u015fk dolu.\u201d \u2013 Romance Reviews Today<\/p>\n","protected":false},"excerpt":{"rendered":"<p>Y\u00fcksek lisans \u00f6\u011frencisi Ashley Davison, Noel tatilini Seattle\u2019da tek ba\u015f\u0131na ya\u015fayan annesiyle birlikte ge\u00e7irmeyi iple \u00e7eker. Eski ordu istihbarat subay\u0131 olan Dashiell Sutherland\u2019in de Seattle\u2019da bir<span class=\"excerpt-hellip\"> [\u2026]<\/span><\/p>\n","protected":false},"featured_media":0,"template":"","meta":{"_monsterinsights_skip_tracking":false,"_monsterinsights_sitenote_active":false,"_monsterinsights_sitenote_note":"","_monsterinsights_sitenote_category":0},"product_brand":[],"product_cat":[12291,50487],"product_tag":[],"class_list":{"0":"post-727897","1":"product","2":"type-product","3":"status-publish","5":"product_cat-edebiyat","6":"product_cat-kurgu","7":"pa_cilt-ciltsiz","8":"pa_tur-kitap","9":"pa_yayinevi-epsilon-yayinlari","10":"pa_yazar-debbie-macomber","12":"first","13":"instock","14":"sale","15":"shipping-taxable","16":"purchasable","17":"product-type-simple"},"_links":{"self":[{"href":"https:\/\/roveyayinevi.com.tr\/index.php\/wp-json\/wp\/v2\/product\/727897","targetHints":{"allow":["GET"]}}],"collection":[{"href":"https:\/\/roveyayinevi.com.tr\/index.php\/wp-json\/wp\/v2\/product"}],"about":[{"href":"https:\/\/roveyayinevi.com.tr\/index.php\/wp-json\/wp\/v2\/types\/product"}],"wp:attachment":[{"href":"https:\/\/roveyayinevi.com.tr\/index.php\/wp-json\/wp\/v2\/media?parent=727897"}],"wp:term":[{"taxonomy":"product_brand","embeddable":true,"href":"https:\/\/roveyayinevi.com.tr\/index.php\/wp-json\/wp\/v2\/product_brand?post=727897"},{"taxonomy":"product_cat","embeddable":true,"href":"https:\/\/roveyayinevi.com.tr\/index.php\/wp-json\/wp\/v2\/product_cat?post=727897"},{"taxonomy":"product_tag","embeddable":true,"href":"https:\/\/roveyayinevi.com.tr\/index.php\/wp-json\/wp\/v2\/product_tag?post=727897"}],"curies":[{"name":"wp","href":"https:\/\/api.w.org\/{rel}","templated":true}]}}