{"id":727893,"date":"2025-08-27T20:30:06","date_gmt":"2025-08-27T17:30:06","guid":{"rendered":"https:\/\/roveyayinevi.com.tr\/index.php\/urun\/huzurun-firtinasi\/"},"modified":"2026-04-16T02:35:44","modified_gmt":"2026-04-15T23:35:44","slug":"huzurun-firtinasi","status":"publish","type":"product","link":"https:\/\/roveyayinevi.com.tr\/index.php\/urun\/huzurun-firtinasi\/","title":{"rendered":"Huzur&#8217;un F\u0131rt\u0131na&#8217;s\u0131"},"content":{"rendered":"<p>Bir kalp ayn\u0131 anda hem h\u00fczn\u00fc hem de mutlulu\u011fu nas\u0131l ta\u015f\u0131yabilir?Sade bir nik\u00e2h\u2026Tek tarafl\u0131 hissedilen g\u00fczel duygular\u2026Ve bu evlikten dolay\u0131 hissedilen sinir\u2026Huzur, ilk g\u00f6r\u00fc\u015fte vurulmu\u015ftu o kahveliklere ve ilk g\u00f6r\u00fc\u015fte kalbini ele ge\u00e7irmesine izin vermi\u015fti.F\u0131rt\u0131na ise istemedi\u011fi evlili\u011fe zorlanmas\u0131n\u0131n su\u00e7lusu olarak Huzur\u2019u g\u00f6rm\u00fc\u015f ve t\u00fcm sinirini ondan \u00e7\u0131karm\u0131\u015ft\u0131. Ad\u0131 gibi sert\u00e7e esip y\u0131k\u0131p ge\u00e7mi\u015fti Huzur&#8217;un kalbini&#8230;Peki \u2018ke\u015fke\u2019ler \u2018iyiki\u2019lere d\u00f6n\u00fc\u015febilir miydi bir masumun g\u00f6nl\u00fcnde ya da bu ke\u015fkelerin bir sonu var m\u0131d\u0131r? Derler ya hani \u2018\u0130nsan sab\u0131r ile insand\u0131r. Sab\u0131r ise s\u0131rd\u0131r, ard\u0131r, s\u0131navd\u0131r,\u2019 diye.Huzur\u2019un F\u0131rt\u0131na\u2019s\u0131 zor olarak adland\u0131rd\u0131klar\u0131m\u0131z\u0131n asl\u0131nda basit olabilece\u011fini, ke\u015fkelerin iyikilere d\u00f6n\u00fc\u015f\u00fcrken insan\u0131 insan yapan\u0131n sabr\u0131 oldu\u011funu \u00f6\u011frenece\u011fiz.Yaralar\u0131 \u00e7o\u011fald\u0131k\u00e7a belki de hissettikleri duygu zaman i\u00e7erisinde yava\u015f yava\u015f haf\u0131zalar\u0131nda silinecek, kalplerinde bir s\u0131z\u0131 olarak kalacakt\u0131. Ve bu s\u0131z\u0131 bir \u00f6m\u00fcr boyu onlarla birlikte nefes al\u0131p verecekti.Ey sessizlerin sesi\u2026G\u00f6n\u00fcl sustu dil s\u00f6yledi, dil sustu g\u00f6n\u00fcl dillendi.Bunlara birebir tan\u0131k olmak i\u00e7in sadece kitap kapa\u011f\u0131n\u0131 a\u00e7man\u0131z yeterli.<\/p>\n","protected":false},"excerpt":{"rendered":"<p>Bir kalp ayn\u0131 anda hem h\u00fczn\u00fc hem de mutlulu\u011fu nas\u0131l ta\u015f\u0131yabilir?Sade bir nik\u00e2h\u2026Tek tarafl\u0131 hissedilen g\u00fczel duygular\u2026Ve bu evlikten dolay\u0131 hissedilen sinir\u2026Huzur, ilk g\u00f6r\u00fc\u015fte vurulmu\u015ftu o<span class=\"excerpt-hellip\"> [\u2026]<\/span><\/p>\n","protected":false},"featured_media":0,"template":"","meta":{"_monsterinsights_skip_tracking":false,"_monsterinsights_sitenote_active":false,"_monsterinsights_sitenote_note":"","_monsterinsights_sitenote_category":0},"product_brand":[],"product_cat":[12291,12711],"product_tag":[],"class_list":{"0":"post-727893","1":"product","2":"type-product","3":"status-publish","5":"product_cat-edebiyat","6":"product_cat-roman-oyku","7":"pa_cilt-ciltsiz","8":"pa_tur-kitap","9":"pa_yayinevi-herdem-kitap","10":"pa_yazar-busra-vanli","12":"first","13":"instock","14":"sale","15":"shipping-taxable","16":"purchasable","17":"product-type-simple"},"_links":{"self":[{"href":"https:\/\/roveyayinevi.com.tr\/index.php\/wp-json\/wp\/v2\/product\/727893","targetHints":{"allow":["GET"]}}],"collection":[{"href":"https:\/\/roveyayinevi.com.tr\/index.php\/wp-json\/wp\/v2\/product"}],"about":[{"href":"https:\/\/roveyayinevi.com.tr\/index.php\/wp-json\/wp\/v2\/types\/product"}],"wp:attachment":[{"href":"https:\/\/roveyayinevi.com.tr\/index.php\/wp-json\/wp\/v2\/media?parent=727893"}],"wp:term":[{"taxonomy":"product_brand","embeddable":true,"href":"https:\/\/roveyayinevi.com.tr\/index.php\/wp-json\/wp\/v2\/product_brand?post=727893"},{"taxonomy":"product_cat","embeddable":true,"href":"https:\/\/roveyayinevi.com.tr\/index.php\/wp-json\/wp\/v2\/product_cat?post=727893"},{"taxonomy":"product_tag","embeddable":true,"href":"https:\/\/roveyayinevi.com.tr\/index.php\/wp-json\/wp\/v2\/product_tag?post=727893"}],"curies":[{"name":"wp","href":"https:\/\/api.w.org\/{rel}","templated":true}]}}