{"id":727891,"date":"2025-08-27T20:30:05","date_gmt":"2025-08-27T17:30:05","guid":{"rendered":"https:\/\/roveyayinevi.com.tr\/index.php\/urun\/o-en-sevgiliye\/"},"modified":"2026-04-16T02:35:44","modified_gmt":"2026-04-15T23:35:44","slug":"o-en-sevgiliye","status":"publish","type":"product","link":"https:\/\/roveyayinevi.com.tr\/index.php\/urun\/o-en-sevgiliye\/","title":{"rendered":"O En Sevgiliye"},"content":{"rendered":"<p>Sultan\u0131m;Kan k\u0131rm\u0131z\u0131 a\u00e7an \u00e7i\u00e7e\u011fin ad\u0131na g\u00fcl-i hamra (k\u0131rm\u0131z\u0131 g\u00fcl) demi\u015fler.\u0130\u015fte o senin remzin Sultan\u0131m.Kalabal\u0131klar i\u00e7inde m\u00fczmin yaln\u0131zl\u0131\u011f\u0131m\u0131n tesellisi o i\u015fte, senin m\u00fcbarek ad\u0131n i\u015fte&#8230;Yaral\u0131 g\u00f6nl\u00fcm\u00fcn derman\u0131 olan, ad\u0131n\u0131n tecellisi i\u015fte&#8230;Ya R\u00e2s\u00fblallah!.. Seni sevmeye namzet g\u00f6n\u00fcller \u015fimdi asr\u0131n garipleri oldular. \u015eimdi karanl\u0131k camlar\u0131n ard\u0131ndan bakakalm\u0131\u015f, yolunu g\u00f6zleyen h\u00fcz\u00fcnl\u00fc g\u00f6zler ve bir g\u00fcn bir mu\u015ftu gelir senden umuduyla bekle\u015fiyorken y\u0131llar y\u0131l\u0131&#8230;G\u00fcn gelir birden bir \u0131\u015f\u0131k huzmesi vurdu\u011funda camlara, i\u015fte o g\u00fcn b\u0131rak\u0131r yerini sekineye, bu yorgun ak\u015fam, y\u0131lg\u0131n geceler, karamsar zamanlar&#8230;Do\u011f evlerin odalar\u0131na g\u00fcne\u015f gibi Ya Nebi (sav)!.. Darmada\u011f\u0131n oldu\u011fumuzdan beri biz, kayboldu\u011fumdan beri ben, kemal bulsun \u00f6ncekiler gibi, hakiki sevginle, ilahi a\u015fkla, b\u00fct\u00fcn \u00e2lemler yeniden!..<\/p>\n","protected":false},"excerpt":{"rendered":"<p>Sultan\u0131m;Kan k\u0131rm\u0131z\u0131 a\u00e7an \u00e7i\u00e7e\u011fin ad\u0131na g\u00fcl-i hamra (k\u0131rm\u0131z\u0131 g\u00fcl) demi\u015fler.\u0130\u015fte o senin remzin Sultan\u0131m.Kalabal\u0131klar i\u00e7inde m\u00fczmin yaln\u0131zl\u0131\u011f\u0131m\u0131n tesellisi o i\u015fte, senin m\u00fcbarek ad\u0131n i\u015fte&#8230;Yaral\u0131 g\u00f6nl\u00fcm\u00fcn derman\u0131<span class=\"excerpt-hellip\"> [\u2026]<\/span><\/p>\n","protected":false},"featured_media":0,"template":"","meta":{"_monsterinsights_skip_tracking":false,"_monsterinsights_sitenote_active":false,"_monsterinsights_sitenote_note":"","_monsterinsights_sitenote_category":0},"product_brand":[],"product_cat":[12718,12719,12720],"product_tag":[],"class_list":{"0":"post-727891","1":"product","2":"type-product","3":"status-publish","5":"product_cat-din","6":"product_cat-islam","7":"product_cat-tasavvuf-mezhepler-tarikatlar","8":"pa_cilt-ciltsiz","9":"pa_tur-kitap","10":"pa_yayinevi-herdem-kitap","11":"pa_yazar-zekeriya-maral","13":"first","14":"instock","15":"sale","16":"shipping-taxable","17":"purchasable","18":"product-type-simple"},"_links":{"self":[{"href":"https:\/\/roveyayinevi.com.tr\/index.php\/wp-json\/wp\/v2\/product\/727891","targetHints":{"allow":["GET"]}}],"collection":[{"href":"https:\/\/roveyayinevi.com.tr\/index.php\/wp-json\/wp\/v2\/product"}],"about":[{"href":"https:\/\/roveyayinevi.com.tr\/index.php\/wp-json\/wp\/v2\/types\/product"}],"wp:attachment":[{"href":"https:\/\/roveyayinevi.com.tr\/index.php\/wp-json\/wp\/v2\/media?parent=727891"}],"wp:term":[{"taxonomy":"product_brand","embeddable":true,"href":"https:\/\/roveyayinevi.com.tr\/index.php\/wp-json\/wp\/v2\/product_brand?post=727891"},{"taxonomy":"product_cat","embeddable":true,"href":"https:\/\/roveyayinevi.com.tr\/index.php\/wp-json\/wp\/v2\/product_cat?post=727891"},{"taxonomy":"product_tag","embeddable":true,"href":"https:\/\/roveyayinevi.com.tr\/index.php\/wp-json\/wp\/v2\/product_tag?post=727891"}],"curies":[{"name":"wp","href":"https:\/\/api.w.org\/{rel}","templated":true}]}}