{"id":727888,"date":"2025-08-27T20:30:02","date_gmt":"2025-08-27T17:30:02","guid":{"rendered":"https:\/\/roveyayinevi.com.tr\/index.php\/urun\/ataturkun-ordusu\/"},"modified":"2026-04-16T02:35:44","modified_gmt":"2026-04-15T23:35:44","slug":"ataturkun-ordusu","status":"publish","type":"product","link":"https:\/\/roveyayinevi.com.tr\/index.php\/urun\/ataturkun-ordusu\/","title":{"rendered":"Atat\u00fcrk\u2019\u00fcn Ordusu"},"content":{"rendered":"<p>\u00d6mr\u00fc vatan m\u00fccadelesinde ge\u00e7mi\u015f, devlet adam\u0131, &#8220;Mavi Vatan&#8221; kavram\u0131n\u0131n yarat\u0131c\u0131lar\u0131ndan, Vatan Partisi Genel Ba\u015fkan Yard\u0131mc\u0131s\u0131 Amiral Soner Polat, ya\u015fama veda etmeden k\u0131sa s\u00fcre \u00f6nce amans\u0131z hastal\u0131kla bo\u011fu\u015furken hastane odas\u0131nda haz\u0131rlad\u0131\u011f\u0131 bu kitab\u0131, &#8220;son vatani g\u00f6rev&#8221; olarak kabul ediyordu.Amiral Polat&#8217;\u0131n Mustafa Kemal Atat\u00fcrk ve T\u00fcrk Subay\u0131&#8217;n\u0131n anlam\u0131ndan Cumhuriyet ve T\u00fcrk Silahl\u0131 Kuwetleri&#8217;nin yap\u0131s\u0131na, \u00c7anakkale Ruhu&#8217;nun g\u00fcn\u00fcm\u00fczdeki yans\u0131malar\u0131ndan emperyalizmin T\u00fcrkiye&#8217;ye sald\u0131r\u0131lar\u0131na a\u00e7\u0131lan geni\u015f yelpazede kaleme ald\u0131\u011f\u0131 makaleler, Atat\u00fcrk&#8217;\u00fcn Ordusu ba\u015fl\u0131\u011f\u0131 alt\u0131nda ayd\u0131nlat\u0131c\u0131l\u0131\u011f\u0131n\u0131 s\u00fcrd\u00fcr\u00fcyor.&#8221;T\u00fcrkler b\u00fct\u00fcn d\u00fcnyada devlet ve ordu kurma gelene\u011fi ile tan\u0131n\u0131r. Uzun tarihsel s\u00fcre\u00e7lerde kendine \u00f6zg\u00fc askeri de\u011ferler yaratm\u0131\u015ft\u0131r. Askerine her zaman b\u00fcy\u00fck \u00f6nem atfetmi\u015ftir. Anadolu&#8217;da esnaf\u0131n zorunlu ihtiya\u00e7lar i\u00e7in Mehmet\u00e7ik&#8217;ten \u00fccret talep etmedi\u011fi bilinir. Komutan asker ili\u015fkisi derin bir sevgi ve sayg\u0131ya dayan\u0131r. Bu duygu \u00f6ylesine g\u00fc\u00e7l\u00fcd\u00fcr ki &#8216;\u00f6lmeyi emredecek bir zirveye&#8217; t\u0131rmanm\u0131\u015ft\u0131r.&#8221;Soner Polat&#8221;Soner Polat, sonsuza kadar n\u00f6betimizin ba\u015f\u0131ndaki \u00f6lmeyen n\u00f6bet\u00e7idir &#8230; Yeminimiz, sonsuzlu\u011fun huzurundad\u0131r. B\u00fcy\u00fck zorluklar\u0131 Sonsuz Er&#8217;in bilinciyle, y\u00fcksek karakteriyle, devrimci ahlak\u0131yla yenece\u011fiz!&#8221;Do\u011fu Perin\u00e7ek<\/p>\n","protected":false},"excerpt":{"rendered":"<p>\u00d6mr\u00fc vatan m\u00fccadelesinde ge\u00e7mi\u015f, devlet adam\u0131, &#8220;Mavi Vatan&#8221; kavram\u0131n\u0131n yarat\u0131c\u0131lar\u0131ndan, Vatan Partisi Genel Ba\u015fkan Yard\u0131mc\u0131s\u0131 Amiral Soner Polat, ya\u015fama veda etmeden k\u0131sa s\u00fcre \u00f6nce amans\u0131z hastal\u0131kla<span class=\"excerpt-hellip\"> [\u2026]<\/span><\/p>\n","protected":false},"featured_media":0,"template":"","meta":{"_monsterinsights_skip_tracking":false,"_monsterinsights_sitenote_active":false,"_monsterinsights_sitenote_note":"","_monsterinsights_sitenote_category":0},"product_brand":[],"product_cat":[13059,12337],"product_tag":[],"class_list":{"0":"post-727888","1":"product","2":"type-product","3":"status-publish","5":"product_cat-diger-politika-siyaset","6":"product_cat-politika-siyaset","7":"pa_cilt-ciltsiz","8":"pa_tur-kitap","9":"pa_yayinevi-kaynak-yayinlari","10":"pa_yazar-soner-polat","12":"first","13":"instock","14":"sale","15":"shipping-taxable","16":"purchasable","17":"product-type-simple"},"_links":{"self":[{"href":"https:\/\/roveyayinevi.com.tr\/index.php\/wp-json\/wp\/v2\/product\/727888","targetHints":{"allow":["GET"]}}],"collection":[{"href":"https:\/\/roveyayinevi.com.tr\/index.php\/wp-json\/wp\/v2\/product"}],"about":[{"href":"https:\/\/roveyayinevi.com.tr\/index.php\/wp-json\/wp\/v2\/types\/product"}],"wp:attachment":[{"href":"https:\/\/roveyayinevi.com.tr\/index.php\/wp-json\/wp\/v2\/media?parent=727888"}],"wp:term":[{"taxonomy":"product_brand","embeddable":true,"href":"https:\/\/roveyayinevi.com.tr\/index.php\/wp-json\/wp\/v2\/product_brand?post=727888"},{"taxonomy":"product_cat","embeddable":true,"href":"https:\/\/roveyayinevi.com.tr\/index.php\/wp-json\/wp\/v2\/product_cat?post=727888"},{"taxonomy":"product_tag","embeddable":true,"href":"https:\/\/roveyayinevi.com.tr\/index.php\/wp-json\/wp\/v2\/product_tag?post=727888"}],"curies":[{"name":"wp","href":"https:\/\/api.w.org\/{rel}","templated":true}]}}