{"id":727885,"date":"2025-08-27T20:29:59","date_gmt":"2025-08-27T17:29:59","guid":{"rendered":"https:\/\/roveyayinevi.com.tr\/index.php\/urun\/buyumek\/"},"modified":"2026-04-16T02:35:44","modified_gmt":"2026-04-15T23:35:44","slug":"buyumek","status":"publish","type":"product","link":"https:\/\/roveyayinevi.com.tr\/index.php\/urun\/buyumek\/","title":{"rendered":"B\u00fcy\u00fcmek"},"content":{"rendered":"<p>\u201c\u0130nsanlar hayret vericidir, bamba\u015fka \u015fekillerde b\u00fcy\u00fcrler ve hayatlar\u0131n\u0131n b\u00fct\u00fcn par\u00e7alar\u0131 bir araya geldi\u011finde m\u00fcthi\u015f bir hik\u00e2ye \u00e7\u0131kar ortaya.\u201d Her insan\u0131n b\u00fcy\u00fcme maceras\u0131 bir di\u011ferinden farkl\u0131d\u0131r ve herkes biriciktir. \u00c7ocuklar bu kitab\u0131n her sayfas\u0131nda b\u00fcy\u00fcmenin farkl\u0131 bir evresiyle tan\u0131\u015facak.<\/p>\n","protected":false},"excerpt":{"rendered":"<p>\u201c\u0130nsanlar hayret vericidir, bamba\u015fka \u015fekillerde b\u00fcy\u00fcrler ve hayatlar\u0131n\u0131n b\u00fct\u00fcn par\u00e7alar\u0131 bir araya geldi\u011finde m\u00fcthi\u015f bir hik\u00e2ye \u00e7\u0131kar ortaya.\u201d Her insan\u0131n b\u00fcy\u00fcme maceras\u0131 bir di\u011ferinden farkl\u0131d\u0131r ve<span class=\"excerpt-hellip\"> [\u2026]<\/span><\/p>\n","protected":false},"featured_media":0,"template":"","meta":{"_monsterinsights_skip_tracking":false,"_monsterinsights_sitenote_active":false,"_monsterinsights_sitenote_note":"","_monsterinsights_sitenote_category":0},"product_brand":[],"product_cat":[12274,12518],"product_tag":[],"class_list":{"0":"post-727885","1":"product","2":"type-product","3":"status-publish","5":"product_cat-cocuk-ve-genclik-kitaplari","6":"product_cat-okul-oncesi-kitaplar","7":"pa_cilt-ciltsiz","8":"pa_tur-kitap","9":"pa_yayinevi-hep-kitap","10":"pa_yazar-libby-walden-richard-jones","12":"first","13":"instock","14":"sale","15":"shipping-taxable","16":"purchasable","17":"product-type-simple"},"_links":{"self":[{"href":"https:\/\/roveyayinevi.com.tr\/index.php\/wp-json\/wp\/v2\/product\/727885","targetHints":{"allow":["GET"]}}],"collection":[{"href":"https:\/\/roveyayinevi.com.tr\/index.php\/wp-json\/wp\/v2\/product"}],"about":[{"href":"https:\/\/roveyayinevi.com.tr\/index.php\/wp-json\/wp\/v2\/types\/product"}],"wp:attachment":[{"href":"https:\/\/roveyayinevi.com.tr\/index.php\/wp-json\/wp\/v2\/media?parent=727885"}],"wp:term":[{"taxonomy":"product_brand","embeddable":true,"href":"https:\/\/roveyayinevi.com.tr\/index.php\/wp-json\/wp\/v2\/product_brand?post=727885"},{"taxonomy":"product_cat","embeddable":true,"href":"https:\/\/roveyayinevi.com.tr\/index.php\/wp-json\/wp\/v2\/product_cat?post=727885"},{"taxonomy":"product_tag","embeddable":true,"href":"https:\/\/roveyayinevi.com.tr\/index.php\/wp-json\/wp\/v2\/product_tag?post=727885"}],"curies":[{"name":"wp","href":"https:\/\/api.w.org\/{rel}","templated":true}]}}