{"id":727884,"date":"2025-08-27T20:29:59","date_gmt":"2025-08-27T17:29:59","guid":{"rendered":"https:\/\/roveyayinevi.com.tr\/index.php\/urun\/tuketim-sosyolojisi-2\/"},"modified":"2026-04-16T02:35:44","modified_gmt":"2026-04-15T23:35:44","slug":"tuketim-sosyolojisi-2","status":"publish","type":"product","link":"https:\/\/roveyayinevi.com.tr\/index.php\/urun\/tuketim-sosyolojisi-2\/","title":{"rendered":"T\u00fcketim Sosyolojisi"},"content":{"rendered":"<p>\u0130nsano\u011flu di\u011fer canl\u0131lar gibi hayat\u0131n\u0131 devam ettirmek i\u00e7in ihtiya\u00e7lar\u0131n\u0131 kar\u015f\u0131lamak zorunda ve di\u011ferleriyle birlikte ya\u015famak durumunda olan bir varl\u0131kt\u0131r. \u0130nsano\u011flunu di\u011fer t\u00fcrlerden ay\u0131ran temel \u00f6zellik di\u011ferleriyle ileti\u015fimi sa\u011flamak i\u00e7in dili kullanmas\u0131d\u0131r. Dilin arac\u0131l\u0131\u011f\u0131yla tecr\u00fcbelerini sonraki ku\u015faklara aktarabilmesi, kendi davran\u0131\u015flar\u0131 \u00fczerinde iradeye sahip olmas\u0131, sadece d\u0131\u015f etkenlerin etkisiyle de\u011fil, insan iradesiyle ve yarat\u0131c\u0131 g\u00fcc\u00fcyle davran\u0131\u015fta bulunmas\u0131 gibi insan\u0131n \u00f6zelliklerinin uzun bir listesini \u00e7\u0131karmak m\u00fcmk\u00fcnd\u00fcr. Bunlar i\u00e7inden en \u00f6nemlisi makro d\u00fczeyde toplumun yaln\u0131z maddi, d\u0131\u015f toplumsal etkenlerin etkisiyle de\u011fil, insan iradesiyle, yarat\u0131c\u0131l\u0131\u011f\u0131yla de\u011fi\u015fmesi ve geli\u015fmesidir. Tarihsel olarak insano\u011flu maddi olan (do\u011fay\u0131), maddi olmayan d\u00fcnyay\u0131, belirli eylem tarzlar\u0131n\u0131 ve d\u00fc\u015f\u00fcnme bi\u00e7imlerini \u00fcretme, de\u011fi\u015ftirme, geli\u015ftirme, biriktirme ve bunlar\u0131 kendinden sonraki nesillere aktarma potansiyeline sahip olmu\u015ftur. Uygarl\u0131\u011f\u0131n geli\u015fiminde Bat\u0131 toplumlar\u0131 modernle\u015fme s\u00fcrecinde do\u011fay\u0131 d\u00f6n\u00fc\u015ft\u00fcrmede, ekonomik sistemin geli\u015fmesinde, end\u00fcstriyel \u00fcretimde b\u00fcy\u00fck ba\u015far\u0131lar sa\u011flam\u0131\u015ft\u0131r. \u00dcretimin geli\u015fmesiyle de ihtiya\u00e7lar\u0131 kar\u015f\u0131lama ara\u00e7lar\u0131 ve bi\u00e7imleri \u00f6nemli \u00f6l\u00e7\u00fcde de\u011fi\u015fmi\u015ftir. \u0130htiya\u00e7lar\u0131 kar\u015f\u0131lama piyasaya ba\u011f\u0131ml\u0131 hale gelirken, ihtiya\u00e7 kar\u015f\u0131lama bi\u00e7imleri zorunlu gereksinimlerden arzulara do\u011fru de\u011fi\u015fim seyri izlemi\u015ftir.<\/p>\n","protected":false},"excerpt":{"rendered":"<p>\u0130nsano\u011flu di\u011fer canl\u0131lar gibi hayat\u0131n\u0131 devam ettirmek i\u00e7in ihtiya\u00e7lar\u0131n\u0131 kar\u015f\u0131lamak zorunda ve di\u011ferleriyle birlikte ya\u015famak durumunda olan bir varl\u0131kt\u0131r. \u0130nsano\u011flunu di\u011fer t\u00fcrlerden ay\u0131ran temel \u00f6zellik di\u011ferleriyle<span class=\"excerpt-hellip\"> [\u2026]<\/span><\/p>\n","protected":false},"featured_media":0,"template":"","meta":{"_monsterinsights_skip_tracking":false,"_monsterinsights_sitenote_active":false,"_monsterinsights_sitenote_note":"","_monsterinsights_sitenote_category":0},"product_brand":[],"product_cat":[12325,12324],"product_tag":[],"class_list":{"0":"post-727884","1":"product","2":"type-product","3":"status-publish","5":"product_cat-diger-sosyoloji","6":"product_cat-sosyoloji","7":"pa_cilt-ciltsiz","8":"pa_tur-kitap","9":"pa_yayinevi-altinordu-yayinlari","10":"pa_yazar-abdulkadir-zorlu","12":"first","13":"instock","14":"sale","15":"shipping-taxable","16":"purchasable","17":"product-type-simple"},"_links":{"self":[{"href":"https:\/\/roveyayinevi.com.tr\/index.php\/wp-json\/wp\/v2\/product\/727884","targetHints":{"allow":["GET"]}}],"collection":[{"href":"https:\/\/roveyayinevi.com.tr\/index.php\/wp-json\/wp\/v2\/product"}],"about":[{"href":"https:\/\/roveyayinevi.com.tr\/index.php\/wp-json\/wp\/v2\/types\/product"}],"wp:attachment":[{"href":"https:\/\/roveyayinevi.com.tr\/index.php\/wp-json\/wp\/v2\/media?parent=727884"}],"wp:term":[{"taxonomy":"product_brand","embeddable":true,"href":"https:\/\/roveyayinevi.com.tr\/index.php\/wp-json\/wp\/v2\/product_brand?post=727884"},{"taxonomy":"product_cat","embeddable":true,"href":"https:\/\/roveyayinevi.com.tr\/index.php\/wp-json\/wp\/v2\/product_cat?post=727884"},{"taxonomy":"product_tag","embeddable":true,"href":"https:\/\/roveyayinevi.com.tr\/index.php\/wp-json\/wp\/v2\/product_tag?post=727884"}],"curies":[{"name":"wp","href":"https:\/\/api.w.org\/{rel}","templated":true}]}}