{"id":727882,"date":"2025-08-27T20:29:57","date_gmt":"2025-08-27T17:29:57","guid":{"rendered":"https:\/\/roveyayinevi.com.tr\/index.php\/urun\/hayatimizi-degistiren-filmler-2015-2020\/"},"modified":"2026-04-16T02:35:44","modified_gmt":"2026-04-15T23:35:44","slug":"hayatimizi-degistiren-filmler-2015-2020","status":"publish","type":"product","link":"https:\/\/roveyayinevi.com.tr\/index.php\/urun\/hayatimizi-degistiren-filmler-2015-2020\/","title":{"rendered":"Hayat\u0131m\u0131z\u0131 De\u011fi\u015ftiren Filmler 2015 &#8211; 2020"},"content":{"rendered":"<p>Ne \u00c7ok Ba\u015fyap\u0131t \u0130zledik! Benim i\u00e7in bu y\u0131llar ger\u00e7ekten de ba\u015fyap\u0131t ke\u015ffetme y\u0131llar\u0131d\u0131r. Yazd\u0131\u011f\u0131m 426 filmin i\u00e7inde t\u00fcrlerin zenginli\u011fi \u015fa\u015f\u0131rt\u0131c\u0131d\u0131r: fantastikten bilim-kurguya, kara-filmden sava\u015f filmlerine, m\u00fczikalden biyografilere\u2026 Ama ayr\u0131ca Nazi soyk\u0131r\u0131m\u0131, \u0131rk\u00e7\u0131l\u0131k, kad\u0131n s\u00f6m\u00fcr\u00fcs\u00fc, e\u015fcinsellere bask\u0131 gibi daha ya\u015famsal ve h\u00e2l\u00e2 g\u00fcncel temalara da bolca de\u011finilmi\u015ftir. Ayr\u0131ca kolay kolay hi\u00e7bir t\u00fcre girmeyen ve her biri ayr\u0131 s\u00fcrprizler i\u00e7eren yap\u0131mlar da vard\u0131r: Parazit\u2019ten Roma\u2019ya, Birdman\u2019dan Carol\u2019a, Joker\u2019den Dirili\u015f\u2019e, Y\u00fcz\u00fcndeki S\u0131r\u2019dan A\u015f\u0131klar \u015eehri\u2019ne, Sevgisiz\u2019den Yaz\u2019a, Ay I\u015f\u0131\u011f\u0131\u2019ndan Whiplash\u2019a, \u0130da\u2019dan Gen\u00e7 Karl Marx\u2019a\u2026 Ya\u015fanan b\u00fcy\u00fck bunal\u0131m\u0131n tam e\u015fi\u011finde sinemay\u0131 yenileyen ve b\u00fct\u00fcnsel bak\u0131nca, her \u015feye kar\u015f\u0131n gelecek i\u00e7in umut veren filmler\u2026 <\/p>\n","protected":false},"excerpt":{"rendered":"<p>Ne \u00c7ok Ba\u015fyap\u0131t \u0130zledik! Benim i\u00e7in bu y\u0131llar ger\u00e7ekten de ba\u015fyap\u0131t ke\u015ffetme y\u0131llar\u0131d\u0131r. Yazd\u0131\u011f\u0131m 426 filmin i\u00e7inde t\u00fcrlerin zenginli\u011fi \u015fa\u015f\u0131rt\u0131c\u0131d\u0131r: fantastikten bilim-kurguya, kara-filmden sava\u015f filmlerine, m\u00fczikalden<span class=\"excerpt-hellip\"> [\u2026]<\/span><\/p>\n","protected":false},"featured_media":0,"template":"","meta":{"_monsterinsights_skip_tracking":false,"_monsterinsights_sitenote_active":false,"_monsterinsights_sitenote_note":"","_monsterinsights_sitenote_category":0},"product_brand":[],"product_cat":[12409,12408],"product_tag":[],"class_list":{"0":"post-727882","1":"product","2":"type-product","3":"status-publish","5":"product_cat-fotograf-sinema-tiyatro","6":"product_cat-sanat","7":"pa_cilt-ciltsiz","8":"pa_tur-kitap","9":"pa_yayinevi-remzi-kitabevi","10":"pa_yazar-atilla-dorsay","12":"first","13":"instock","14":"sale","15":"shipping-taxable","16":"purchasable","17":"product-type-simple"},"_links":{"self":[{"href":"https:\/\/roveyayinevi.com.tr\/index.php\/wp-json\/wp\/v2\/product\/727882","targetHints":{"allow":["GET"]}}],"collection":[{"href":"https:\/\/roveyayinevi.com.tr\/index.php\/wp-json\/wp\/v2\/product"}],"about":[{"href":"https:\/\/roveyayinevi.com.tr\/index.php\/wp-json\/wp\/v2\/types\/product"}],"wp:attachment":[{"href":"https:\/\/roveyayinevi.com.tr\/index.php\/wp-json\/wp\/v2\/media?parent=727882"}],"wp:term":[{"taxonomy":"product_brand","embeddable":true,"href":"https:\/\/roveyayinevi.com.tr\/index.php\/wp-json\/wp\/v2\/product_brand?post=727882"},{"taxonomy":"product_cat","embeddable":true,"href":"https:\/\/roveyayinevi.com.tr\/index.php\/wp-json\/wp\/v2\/product_cat?post=727882"},{"taxonomy":"product_tag","embeddable":true,"href":"https:\/\/roveyayinevi.com.tr\/index.php\/wp-json\/wp\/v2\/product_tag?post=727882"}],"curies":[{"name":"wp","href":"https:\/\/api.w.org\/{rel}","templated":true}]}}