{"id":727878,"date":"2025-08-27T20:29:54","date_gmt":"2025-08-27T17:29:54","guid":{"rendered":"https:\/\/roveyayinevi.com.tr\/index.php\/urun\/temel-duzeyde-ingilizce-baslangic-aktiviteleri-ingilizce-ogreniyorum\/"},"modified":"2026-04-07T02:44:13","modified_gmt":"2026-04-06T23:44:13","slug":"temel-duzeyde-ingilizce-baslangic-aktiviteleri-ingilizce-ogreniyorum","status":"publish","type":"product","link":"https:\/\/roveyayinevi.com.tr\/index.php\/urun\/temel-duzeyde-ingilizce-baslangic-aktiviteleri-ingilizce-ogreniyorum\/","title":{"rendered":"Temel D\u00fczeyde \u0130ngilizce Ba\u015flang\u0131\u00e7 Aktiviteleri-\u0130ngilizce \u00d6\u011freniyorum"},"content":{"rendered":"<p>G\u00fcn\u00fcm\u00fczde yabanc\u0131 dil bilmek temel bir gereksinimdir. Yabanc\u0131 dil \u00f6\u011fretimi ve \u00f6\u011frenimi her ge\u00e7en g\u00fcn \u00f6nem kazanmaktad\u0131r.\u0130ngilizcenin yabanc\u0131 dil olarak \u00f6\u011frenimi de \u00f6\u011fretimi de h\u0131zla yayg\u0131nla\u015fmaktad\u0131r. Elinizde bulunan \u0130ngilizce \u00d6\u011freniyorum kitab\u0131 \u00e7ocuklar\u0131m\u0131za k\u00fc\u00e7\u00fck ya\u015ftan itibaren anadilinden ba\u015fka bir dili daha \u00f6\u011frenme olana\u011f\u0131 sunarak evrensel bir bak\u0131\u015f a\u00e7\u0131s\u0131 kazand\u0131rmay\u0131 hedeflemi\u015ftir. Kitab\u0131n i\u00e7inde yer alan \u00f6\u011fretim \u00e7al\u0131\u015fmalar\u0131, \u00f6\u011frendi\u011fini i\u00e7selle\u015ftirilmesi ve g\u00fcnl\u00fck ya\u015fama aktaracak nitelikteki  \u00e7al\u0131\u015fma sayfalar\u0131yla peki\u015ftirilmi\u015ftir. Temel d\u00fczeyde  yabanc\u0131 bir dili \u00f6\u011frenmenin en kolay \u015fekli \u0130ngilizce \u00d6\u011freniyorum kitab\u0131nda gizli. Bahar Sar\u0131kaya E\u011fitim Dan\u0131\u015fman\u0131 <\/p>\n","protected":false},"excerpt":{"rendered":"<p>G\u00fcn\u00fcm\u00fczde yabanc\u0131 dil bilmek temel bir gereksinimdir. Yabanc\u0131 dil \u00f6\u011fretimi ve \u00f6\u011frenimi her ge\u00e7en g\u00fcn \u00f6nem kazanmaktad\u0131r.\u0130ngilizcenin yabanc\u0131 dil olarak \u00f6\u011frenimi de \u00f6\u011fretimi de h\u0131zla yayg\u0131nla\u015fmaktad\u0131r.<span class=\"excerpt-hellip\"> [\u2026]<\/span><\/p>\n","protected":false},"featured_media":0,"template":"","meta":{"_monsterinsights_skip_tracking":false,"_monsterinsights_sitenote_active":false,"_monsterinsights_sitenote_note":"","_monsterinsights_sitenote_category":0},"product_brand":[],"product_cat":[12274,15842],"product_tag":[],"class_list":{"0":"post-727878","1":"product","2":"type-product","3":"status-publish","5":"product_cat-cocuk-ve-genclik-kitaplari","6":"product_cat-egitici-kitaplar","7":"pa_cilt-ciltsiz","8":"pa_tur-kitap","9":"pa_yayinevi-pia-cocuk-yayinlari","10":"pa_yazar-pia-cocuk-yayinlari-kolektif","12":"first","13":"instock","14":"sale","15":"shipping-taxable","16":"purchasable","17":"product-type-simple"},"_links":{"self":[{"href":"https:\/\/roveyayinevi.com.tr\/index.php\/wp-json\/wp\/v2\/product\/727878","targetHints":{"allow":["GET"]}}],"collection":[{"href":"https:\/\/roveyayinevi.com.tr\/index.php\/wp-json\/wp\/v2\/product"}],"about":[{"href":"https:\/\/roveyayinevi.com.tr\/index.php\/wp-json\/wp\/v2\/types\/product"}],"wp:attachment":[{"href":"https:\/\/roveyayinevi.com.tr\/index.php\/wp-json\/wp\/v2\/media?parent=727878"}],"wp:term":[{"taxonomy":"product_brand","embeddable":true,"href":"https:\/\/roveyayinevi.com.tr\/index.php\/wp-json\/wp\/v2\/product_brand?post=727878"},{"taxonomy":"product_cat","embeddable":true,"href":"https:\/\/roveyayinevi.com.tr\/index.php\/wp-json\/wp\/v2\/product_cat?post=727878"},{"taxonomy":"product_tag","embeddable":true,"href":"https:\/\/roveyayinevi.com.tr\/index.php\/wp-json\/wp\/v2\/product_tag?post=727878"}],"curies":[{"name":"wp","href":"https:\/\/api.w.org\/{rel}","templated":true}]}}