{"id":727877,"date":"2025-08-27T20:29:53","date_gmt":"2025-08-27T17:29:53","guid":{"rendered":"https:\/\/roveyayinevi.com.tr\/index.php\/urun\/bilissel-beceri-el-goz-koordinasyonu-sayilari-ogreniyorum\/"},"modified":"2026-04-16T02:35:44","modified_gmt":"2026-04-15T23:35:44","slug":"bilissel-beceri-el-goz-koordinasyonu-sayilari-ogreniyorum","status":"publish","type":"product","link":"https:\/\/roveyayinevi.com.tr\/index.php\/urun\/bilissel-beceri-el-goz-koordinasyonu-sayilari-ogreniyorum\/","title":{"rendered":"Bili\u015fsel Beceri El G\u00f6z Koordinasyonu -Say\u0131lar\u0131 \u00d6\u011freniyorum"},"content":{"rendered":"<p>\u0130lk\u00f6\u011fretimde matematikle ilk kez tan\u0131\u015fan \u00e7ocukta genelde toplumdaki matematik korkusunun vermi\u015f oldu\u011fu \u00f6nyarg\u0131n\u0131n da etkisiyle bir \u00f6zg\u00fcven eksikli\u011fi olu\u015fur. Bu korku \u00e7ocukta farkl\u0131 d\u00fc\u015f\u00fcnmekten korkma, \u00e7\u00f6z\u00fcm \u00fcretmede yetersizlik gibi konularda olumsuzluklar olu\u015fturur. Say\u0131lar\u0131 \u00d6\u011freniyorum kitab\u0131nda ele al\u0131nan t\u00fcm konular MEB Matematik Dersi \u00d6\u011fretim Program\u0131\u2019nda yer alan kazan\u0131mlara birebir uygun olup, \u00e7al\u0131\u015fmalar k\u00fc\u00e7\u00fck ad\u0131mlar ilkesine g\u00f6re haz\u0131rlanm\u0131\u015ft\u0131r. B\u00f6ylece ya\u015f\u0131 ve ya\u015f\u0131n\u0131n gere\u011fi olan geli\u015fimsel seyir, bili\u015fsel geli\u015fim, somut d\u00fc\u015f\u00fcnme becerisi g\u00f6z \u00f6n\u00fcne al\u0131narak matematiksel-mant\u0131ksal, g\u00f6rsel-mek\u00e2nsal kapasitesini geli\u015ftirmeyi ama\u00e7lar. Bunu yaparken de saymaktan, boyamaktan, e\u015flemekten keyif alaca\u011f\u0131 birbirinden<\/p>\n","protected":false},"excerpt":{"rendered":"<p>\u0130lk\u00f6\u011fretimde matematikle ilk kez tan\u0131\u015fan \u00e7ocukta genelde toplumdaki matematik korkusunun vermi\u015f oldu\u011fu \u00f6nyarg\u0131n\u0131n da etkisiyle bir \u00f6zg\u00fcven eksikli\u011fi olu\u015fur. Bu korku \u00e7ocukta farkl\u0131 d\u00fc\u015f\u00fcnmekten korkma, \u00e7\u00f6z\u00fcm<span class=\"excerpt-hellip\"> [\u2026]<\/span><\/p>\n","protected":false},"featured_media":0,"template":"","meta":{"_monsterinsights_skip_tracking":false,"_monsterinsights_sitenote_active":false,"_monsterinsights_sitenote_note":"","_monsterinsights_sitenote_category":0},"product_brand":[],"product_cat":[12274,15842],"product_tag":[],"class_list":{"0":"post-727877","1":"product","2":"type-product","3":"status-publish","5":"product_cat-cocuk-ve-genclik-kitaplari","6":"product_cat-egitici-kitaplar","7":"pa_cilt-ciltsiz","8":"pa_tur-kitap","9":"pa_yayinevi-pia-cocuk-yayinlari","10":"pa_yazar-pia-cocuk-yayinlari-kolektif","12":"first","13":"instock","14":"sale","15":"shipping-taxable","16":"purchasable","17":"product-type-simple"},"_links":{"self":[{"href":"https:\/\/roveyayinevi.com.tr\/index.php\/wp-json\/wp\/v2\/product\/727877","targetHints":{"allow":["GET"]}}],"collection":[{"href":"https:\/\/roveyayinevi.com.tr\/index.php\/wp-json\/wp\/v2\/product"}],"about":[{"href":"https:\/\/roveyayinevi.com.tr\/index.php\/wp-json\/wp\/v2\/types\/product"}],"wp:attachment":[{"href":"https:\/\/roveyayinevi.com.tr\/index.php\/wp-json\/wp\/v2\/media?parent=727877"}],"wp:term":[{"taxonomy":"product_brand","embeddable":true,"href":"https:\/\/roveyayinevi.com.tr\/index.php\/wp-json\/wp\/v2\/product_brand?post=727877"},{"taxonomy":"product_cat","embeddable":true,"href":"https:\/\/roveyayinevi.com.tr\/index.php\/wp-json\/wp\/v2\/product_cat?post=727877"},{"taxonomy":"product_tag","embeddable":true,"href":"https:\/\/roveyayinevi.com.tr\/index.php\/wp-json\/wp\/v2\/product_tag?post=727877"}],"curies":[{"name":"wp","href":"https:\/\/api.w.org\/{rel}","templated":true}]}}