{"id":727875,"date":"2025-08-27T20:29:51","date_gmt":"2025-08-27T17:29:51","guid":{"rendered":"https:\/\/roveyayinevi.com.tr\/index.php\/urun\/gurur\/"},"modified":"2026-04-16T02:35:44","modified_gmt":"2026-04-15T23:35:44","slug":"gurur","status":"publish","type":"product","link":"https:\/\/roveyayinevi.com.tr\/index.php\/urun\/gurur\/","title":{"rendered":"Gurur"},"content":{"rendered":"<p>&#8230; O bak\u0131\u015flar\u0131 hat\u0131rlad\u0131m. Y\u0131llar \u00f6nce de \u201co\u201d g\u00fcn bana \u00f6yle so\u011fuk ve anlams\u0131z bakm\u0131\u015ft\u0131. Di\u011fer insanlara kar\u015f\u0131l\u0131ks\u0131z uzatt\u0131\u011f\u0131 tebess\u00fcm\u00fcn\u00fc y\u0131llar sonra kendisini hala seven biri olmama kar\u015f\u0131n yine benden esirgemi\u015fti. &#8230; \u015earap kokusu de\u011fildi etrafa yay\u0131lan; kan kokusuydu! &#8230; Ba\u015f\u0131n\u0131 kald\u0131rd\u0131\u011f\u0131nda, on d\u00f6rt, on be\u015f ya\u015flar\u0131nda bir \u00e7o &#8211; cu\u011fun elindeki tabancay\u0131 do\u011frultmu\u015f, birka\u00e7 ad\u0131m \u00f6tede kendisine bakt\u0131\u011f\u0131n\u0131 g\u00f6rd\u00fc. &#8230; \u00d6l\u00fcmle ya\u015fam aras\u0131ndaki uzakl\u0131k eliyle \u00e7orab\u0131 aras\u0131n &#8211; dayd\u0131. &#8230; U\u00e7!.. A\u00e7! A\u00e7 Kanatlar\u0131n\u0131\u2026 &#8230; U\u00e7mad\u0131 keklik, a\u00e7mad\u0131 kanatlar\u0131n\u0131\u2026 &#8230; Y\u0131kand\u0131, pakland\u0131, ar\u0131nd\u0131 g\u00fcnahlar\u0131ndan k\u0131nal\u0131 keklik, Cemal\u2019in g\u00f6zya\u015flar\u0131yla. &#8230; Bal g\u00f6zl\u00fcm, Elmas\u0131m, Kad\u0131n\u0131m, Ac\u0131 kar\u015f\u0131s\u0131nda s\u00f6zlerin bir de\u011feri olmad\u0131\u011f\u0131n\u0131 bilmeme kar\u015f\u0131n, h\u00fcz\u00fcnl\u00fc y\u00fcre\u011fimde yo\u011funla\u015fan duygular\u0131m\u0131 y\u00fcre &#8211; \u011fine ak\u0131tabilmek i\u00e7in yaz\u0131yorum. <\/p>\n","protected":false},"excerpt":{"rendered":"<p>&#8230; O bak\u0131\u015flar\u0131 hat\u0131rlad\u0131m. Y\u0131llar \u00f6nce de \u201co\u201d g\u00fcn bana \u00f6yle so\u011fuk ve anlams\u0131z bakm\u0131\u015ft\u0131. Di\u011fer insanlara kar\u015f\u0131l\u0131ks\u0131z uzatt\u0131\u011f\u0131 tebess\u00fcm\u00fcn\u00fc y\u0131llar sonra kendisini hala seven biri<span class=\"excerpt-hellip\"> [\u2026]<\/span><\/p>\n","protected":false},"featured_media":0,"template":"","meta":{"_monsterinsights_skip_tracking":false,"_monsterinsights_sitenote_active":false,"_monsterinsights_sitenote_note":"","_monsterinsights_sitenote_category":0},"product_brand":[],"product_cat":[12291,12711],"product_tag":[],"class_list":{"0":"post-727875","1":"product","2":"type-product","3":"status-publish","5":"product_cat-edebiyat","6":"product_cat-roman-oyku","7":"pa_cilt-ciltsiz","8":"pa_tur-kitap","9":"pa_yayinevi-alic-yayinlari","10":"pa_yazar-ahmet-boztepe","12":"first","13":"instock","14":"sale","15":"shipping-taxable","16":"purchasable","17":"product-type-simple"},"_links":{"self":[{"href":"https:\/\/roveyayinevi.com.tr\/index.php\/wp-json\/wp\/v2\/product\/727875","targetHints":{"allow":["GET"]}}],"collection":[{"href":"https:\/\/roveyayinevi.com.tr\/index.php\/wp-json\/wp\/v2\/product"}],"about":[{"href":"https:\/\/roveyayinevi.com.tr\/index.php\/wp-json\/wp\/v2\/types\/product"}],"wp:attachment":[{"href":"https:\/\/roveyayinevi.com.tr\/index.php\/wp-json\/wp\/v2\/media?parent=727875"}],"wp:term":[{"taxonomy":"product_brand","embeddable":true,"href":"https:\/\/roveyayinevi.com.tr\/index.php\/wp-json\/wp\/v2\/product_brand?post=727875"},{"taxonomy":"product_cat","embeddable":true,"href":"https:\/\/roveyayinevi.com.tr\/index.php\/wp-json\/wp\/v2\/product_cat?post=727875"},{"taxonomy":"product_tag","embeddable":true,"href":"https:\/\/roveyayinevi.com.tr\/index.php\/wp-json\/wp\/v2\/product_tag?post=727875"}],"curies":[{"name":"wp","href":"https:\/\/api.w.org\/{rel}","templated":true}]}}