{"id":727874,"date":"2025-08-27T20:29:50","date_gmt":"2025-08-27T17:29:50","guid":{"rendered":"https:\/\/roveyayinevi.com.tr\/index.php\/urun\/meraklisi-icin-darbeler-kitabi\/"},"modified":"2026-04-16T02:35:44","modified_gmt":"2026-04-15T23:35:44","slug":"meraklisi-icin-darbeler-kitabi","status":"publish","type":"product","link":"https:\/\/roveyayinevi.com.tr\/index.php\/urun\/meraklisi-icin-darbeler-kitabi\/","title":{"rendered":"Merakl\u0131s\u0131 \u0130\u00e7in Darbeler Kitab\u0131"},"content":{"rendered":"<p>Bir Polonyal\u0131n\u0131n Papa se\u00e7ilmi\u015f olmas\u0131n\u0131n, Polonya\u2019daki i\u015f\u00e7i ayaklanmas\u0131n\u0131n, Afganistan\u2019daki Sovyet i\u015fgaline kar\u015f\u0131 ABD destekli Taliban sava\u015f\u0131n\u0131n ve K\u0131br\u0131s-Yunanistan ihtilaflar\u0131n\u0131n 12 Eyl\u00fcl 1980 darbesiyle ili\u015fkisini d\u00fc\u015f\u00fcnd\u00fcn\u00fcz m\u00fc hi\u00e7? Ya \u0130srail\u2019in kurulu\u015funun hemen ard\u0131ndan Suriye\u2019de yap\u0131lan ilk CIA darbesinin, 27 May\u0131s 1960 darbesine etkisini?   Peki, ABD ve Sovyetler aras\u0131ndaki So\u011fuk Sava\u015f rekabetini, Filistin direni\u015f hareketini, Prag Bahar\u0131\u2019n\u0131n yol a\u00e7t\u0131\u011f\u0131 1968 isyanlar\u0131n\u0131 tart\u0131\u015fmadan 12 Mart\u2019\u0131 anlamak m\u00fcmk\u00fcn m\u00fc sizce?   Murat Yetkin, Merakl\u0131s\u0131 \u0130\u00e7in Darbeler Kitab\u0131\u2019nda T\u00fcrkiye\u2019nin siyasi co\u011frafyas\u0131nda ad\u0131m ad\u0131m gezinerek, olaylar\u0131, ki\u015fileri, kurumlar\u0131 birbirine ba\u011flayan zinciri ustal\u0131kla g\u00f6zler \u00f6n\u00fcne seriyor. <\/p>\n","protected":false},"excerpt":{"rendered":"<p>Bir Polonyal\u0131n\u0131n Papa se\u00e7ilmi\u015f olmas\u0131n\u0131n, Polonya\u2019daki i\u015f\u00e7i ayaklanmas\u0131n\u0131n, Afganistan\u2019daki Sovyet i\u015fgaline kar\u015f\u0131 ABD destekli Taliban sava\u015f\u0131n\u0131n ve K\u0131br\u0131s-Yunanistan ihtilaflar\u0131n\u0131n 12 Eyl\u00fcl 1980 darbesiyle ili\u015fkisini d\u00fc\u015f\u00fcnd\u00fcn\u00fcz m\u00fc<span class=\"excerpt-hellip\"> [\u2026]<\/span><\/p>\n","protected":false},"featured_media":0,"template":"","meta":{"_monsterinsights_skip_tracking":false,"_monsterinsights_sitenote_active":false,"_monsterinsights_sitenote_note":"","_monsterinsights_sitenote_category":0},"product_brand":[],"product_cat":[13590,12337],"product_tag":[],"class_list":{"0":"post-727874","1":"product","2":"type-product","3":"status-publish","5":"product_cat-arastirma-inceleme-politika-siyaset","6":"product_cat-politika-siyaset","7":"pa_cilt-ciltsiz","8":"pa_tur-kitap","9":"pa_yayinevi-dogan-kitap","10":"pa_yazar-murat-yetkin","12":"first","13":"instock","14":"sale","15":"shipping-taxable","16":"purchasable","17":"product-type-simple"},"_links":{"self":[{"href":"https:\/\/roveyayinevi.com.tr\/index.php\/wp-json\/wp\/v2\/product\/727874","targetHints":{"allow":["GET"]}}],"collection":[{"href":"https:\/\/roveyayinevi.com.tr\/index.php\/wp-json\/wp\/v2\/product"}],"about":[{"href":"https:\/\/roveyayinevi.com.tr\/index.php\/wp-json\/wp\/v2\/types\/product"}],"wp:attachment":[{"href":"https:\/\/roveyayinevi.com.tr\/index.php\/wp-json\/wp\/v2\/media?parent=727874"}],"wp:term":[{"taxonomy":"product_brand","embeddable":true,"href":"https:\/\/roveyayinevi.com.tr\/index.php\/wp-json\/wp\/v2\/product_brand?post=727874"},{"taxonomy":"product_cat","embeddable":true,"href":"https:\/\/roveyayinevi.com.tr\/index.php\/wp-json\/wp\/v2\/product_cat?post=727874"},{"taxonomy":"product_tag","embeddable":true,"href":"https:\/\/roveyayinevi.com.tr\/index.php\/wp-json\/wp\/v2\/product_tag?post=727874"}],"curies":[{"name":"wp","href":"https:\/\/api.w.org\/{rel}","templated":true}]}}