{"id":727872,"date":"2025-08-27T20:29:48","date_gmt":"2025-08-27T17:29:48","guid":{"rendered":"https:\/\/roveyayinevi.com.tr\/index.php\/urun\/hakimin-yolculugu-1-suriyeden-turkiyeye\/"},"modified":"2026-04-16T02:35:43","modified_gmt":"2026-04-15T23:35:43","slug":"hakimin-yolculugu-1-suriyeden-turkiyeye","status":"publish","type":"product","link":"https:\/\/roveyayinevi.com.tr\/index.php\/urun\/hakimin-yolculugu-1-suriyeden-turkiyeye\/","title":{"rendered":"Hakim&#8217;in Yolculu\u011fu &#8211; 1 Suriye&#8217;den T\u00fcrkiye&#8217;ye"},"content":{"rendered":"<p>Umut yolunda Suriye&#8217;den T\u00fcrkiye&#8217;ye uzanan ya\u015famlar&#8230;Fabien Toulm\u00e9&#8217;nin ger\u00e7ek ki\u015filerden ve ya\u015fanm\u0131\u015f olaylardan esin alarak \u00fc\u00e7 ciltlik bir seriye d\u00f6n\u00fc\u015ft\u00fcrd\u00fc\u011f\u00fc Hakim&#8217;in Yolculu\u011fu, insanl\u0131\u011f\u0131 unutmu\u015f bir d\u00fcnyada insan olman\u0131n nas\u0131l bir \u015fey oldu\u011funa dair etkileyici bir grafik roman.Sanat\u00e7\u0131n\u0131n, uzun ara\u015ft\u0131rmalar sonucu ve y\u0131llara yay\u0131lan ikili g\u00f6r\u00fc\u015fmeleriyle \u015fekillenen anlat\u0131s\u0131, Suriye&#8217;deki sava\u015f nedeniyle sahip oldu\u011fu her \u015feyi geride b\u0131rak\u0131p, tamamen yasal yollar \u00fczerinden, yeni ve daha &#8220;ya\u015fanabilir&#8221; bir hayat kurmaya \u00e7abalayan bir adam\u0131n m\u00fccadelesine tan\u0131kl\u0131k ettiriyor.Kendi h\u00e2linde bir bah\u00e7\u0131van\u0131n ba\u015f\u0131na neler gelebilir? Hakim i\u00e7in ya\u015fam, hayallerinin pe\u015finde azimle \u00e7al\u0131\u015fan bir gen\u00e7 i\u00e7in seyrinde ilerlerken 2011&#8217;de Suriye sokaklar\u0131nda filizlenmeye ba\u015flayan Arap Bahar\u0131 hareketi ile alt\u00fcst olur. Dayat\u0131lan korku iklimi ba\u015fta b\u00fcy\u00fck kentler olmak \u00fczere t\u00fcm \u00fclkeyi sarar. Fidanl\u0131\u011f\u0131 gasp edilen ve ard\u0131ndan sokaktaki yaral\u0131lara yard\u0131m etti\u011fi gerek\u00e7esiyle bir s\u00fcre tutuklu kal\u0131p i\u015fkence g\u00f6ren Hakim i\u00e7in art\u0131k Suriye&#8217;de ya\u015famak imk\u00e2ns\u0131z h\u00e2le gelir. Gen\u00e7 adam\u0131n \u015eam&#8217;\u0131n g\u00fcney banliy\u00f6s\u00fcnden ba\u015flayan s\u00fcrg\u00fcnl\u00fc\u011f\u00fc; L\u00fcbnan, \u00dcrd\u00fcn, T\u00fcrkiye, Yunanistan, Makedonya, S\u0131rbistan, Macaristan, Avusturya, \u0130svi\u00e7re \u00fclkeleri \u00fczerinden Fransa&#8217;n\u0131n Aix-en-Provence \u015fehrine kadar uzan\u0131r.   Serinin ilk kitab\u0131 olan &#8220;Suriye&#8217;den T\u00fcrkiye&#8217;ye&#8221;yi Desen okurlar\u0131 i\u00e7in \u00f6zel k\u0131lan yan\u0131 T\u00fcrkiye&#8217;den de bolca kareler i\u00e7ermesi. Sokak tabelalar\u0131ndan \u015fehirlerin mimarisine ve evlerin mobilyalar\u0131na kadar incelikle verilen detaylar da Fabien Toulm\u00e9&#8217;nin \u00e7izer olarak hik\u00e2yeyi aktarmadaki ustal\u0131\u011f\u0131n\u0131 kan\u0131tl\u0131yor. Hakim&#8217;in 2013&#8217;\u00fcn Mart ay\u0131nda, Amman \u00fczerinden u\u00e7akla Antalya&#8217;ya gelmesiyle ba\u015flayan T\u00fcrkiye ser\u00fcveni; s\u0131ras\u0131yla \u0130stanbul ve \u0130zmir \u015fehirlerini de kapsayan bir g\u00fczerg\u00e2hta, trajikomik durumlar e\u015fli\u011finde veriliyor. Ya\u015fanm\u0131\u015f bir hik\u00e2yeye dayanmas\u0131ndan \u00f6t\u00fcr\u00fc hem bir belgesel hem de merak uyand\u0131r\u0131c\u0131 bir haber r\u00f6portaj niteli\u011fi ta\u015f\u0131yan Hakim&#8217;in Yolculu\u011fu, usta bir \u00e7izer ve hik\u00e2ye anlat\u0131c\u0131s\u0131 olan Toulm\u00e9&#8217;nin g\u00fc\u00e7l\u00fc g\u00f6rselleriyle m\u00fcthi\u015f bir sinematografik anlat\u0131m sergiliyor.&#8221;Bunun benim ba\u015f\u0131ma gelebilece\u011fi akl\u0131mdan bile ge\u00e7mezdi. Anl\u0131yorum ki her insan bir g\u00fcn &#8216;m\u00fclteci&#8217; olabilir&#8230; Bunun i\u00e7in \u00fclkenin \u00e7\u00f6kmesi yeterli. Ya sen de onunla birlikte \u00e7\u00f6k\u00fcyorsun ya da \u00e7ekip gidiyorsun.&#8221;<\/p>\n","protected":false},"excerpt":{"rendered":"<p>Umut yolunda Suriye&#8217;den T\u00fcrkiye&#8217;ye uzanan ya\u015famlar&#8230;Fabien Toulm\u00e9&#8217;nin ger\u00e7ek ki\u015filerden ve ya\u015fanm\u0131\u015f olaylardan esin alarak \u00fc\u00e7 ciltlik bir seriye d\u00f6n\u00fc\u015ft\u00fcrd\u00fc\u011f\u00fc Hakim&#8217;in Yolculu\u011fu, insanl\u0131\u011f\u0131 unutmu\u015f bir d\u00fcnyada insan<span class=\"excerpt-hellip\"> [\u2026]<\/span><\/p>\n","protected":false},"featured_media":0,"template":"","meta":{"_monsterinsights_skip_tracking":false,"_monsterinsights_sitenote_active":false,"_monsterinsights_sitenote_note":"","_monsterinsights_sitenote_category":0},"product_brand":[],"product_cat":[12291,12711],"product_tag":[],"class_list":{"0":"post-727872","1":"product","2":"type-product","3":"status-publish","5":"product_cat-edebiyat","6":"product_cat-roman-oyku","7":"pa_cilt-ciltsiz","8":"pa_tur-kitap","9":"pa_yayinevi-desen-yayinlari","10":"pa_yazar-fabien-toulme","12":"first","13":"instock","14":"sale","15":"shipping-taxable","16":"purchasable","17":"product-type-simple"},"_links":{"self":[{"href":"https:\/\/roveyayinevi.com.tr\/index.php\/wp-json\/wp\/v2\/product\/727872","targetHints":{"allow":["GET"]}}],"collection":[{"href":"https:\/\/roveyayinevi.com.tr\/index.php\/wp-json\/wp\/v2\/product"}],"about":[{"href":"https:\/\/roveyayinevi.com.tr\/index.php\/wp-json\/wp\/v2\/types\/product"}],"wp:attachment":[{"href":"https:\/\/roveyayinevi.com.tr\/index.php\/wp-json\/wp\/v2\/media?parent=727872"}],"wp:term":[{"taxonomy":"product_brand","embeddable":true,"href":"https:\/\/roveyayinevi.com.tr\/index.php\/wp-json\/wp\/v2\/product_brand?post=727872"},{"taxonomy":"product_cat","embeddable":true,"href":"https:\/\/roveyayinevi.com.tr\/index.php\/wp-json\/wp\/v2\/product_cat?post=727872"},{"taxonomy":"product_tag","embeddable":true,"href":"https:\/\/roveyayinevi.com.tr\/index.php\/wp-json\/wp\/v2\/product_tag?post=727872"}],"curies":[{"name":"wp","href":"https:\/\/api.w.org\/{rel}","templated":true}]}}