{"id":727870,"date":"2025-08-27T20:29:47","date_gmt":"2025-08-27T17:29:47","guid":{"rendered":"https:\/\/roveyayinevi.com.tr\/index.php\/urun\/surec-ve-tur-odakli-okuma-ve-yazma-egitimi\/"},"modified":"2026-04-16T02:35:43","modified_gmt":"2026-04-15T23:35:43","slug":"surec-ve-tur-odakli-okuma-ve-yazma-egitimi","status":"publish","type":"product","link":"https:\/\/roveyayinevi.com.tr\/index.php\/urun\/surec-ve-tur-odakli-okuma-ve-yazma-egitimi\/","title":{"rendered":"S\u00fcre\u00e7 ve T\u00fcr Odakl\u0131 Okuma Ve Yazma E\u011fitimi"},"content":{"rendered":"<p>Ana dili ediniminde bireylerin s\u0131ras\u0131yla dinleme, konu\u015fma, okuma ve yazma becerilerini edindikleri g\u00f6r\u00fcl\u00fcr. \u201cYazma; dil becerileri i\u00e7inde insanlar\u0131n yapmaktan \u00e7ekindi\u011fi, sevmedi\u011fi ve en \u00e7ok korktu\u011fu beceridir.\u201d desek yanl\u0131\u015f olmaz san\u0131r\u0131m. T\u00fcrk\u00e7e derslerinde m\u00fcfredat\u0131n yeti\u015ftirilmesi i\u00e7in en az zaman\u0131n, T\u00fcrk\u00e7e ders kitaplar\u0131nda da en az yerin ayr\u0131ld\u0131\u011f\u0131 beceri, yazma becerisidir. Evet, ger\u00e7ekten de yazma beceresi dil becerileri i\u00e7inde geli\u015ftirilmesi en zor olan beceridir; bu g\u00f6r\u00fc\u015fe san\u0131r\u0131m kimse kar\u015f\u0131 \u00e7\u0131kmayacakt\u0131r. Okumada zihni harekete ge\u00e7iren haz\u0131r bir uyar\u0131c\u0131 varken, yazman\u0131n uyar\u0131c\u0131s\u0131 bellek ve \u00e7a\u011fr\u0131\u015f\u0131mlarla zihnimiz taraf\u0131ndan \u00fcretilir. Zihnin \u00fcretti\u011fi bu \u00e7a\u011fr\u0131\u015f\u0131m ve d\u00fc\u015f\u00fcnceleri al\u0131c\u0131n\u0131n anlayaca\u011f\u0131 \u015fekilde kurgulamak, do\u011fru ve tam ifadeleri bulabilmek b\u00fcy\u00fck bir bili\u015fsel \u00e7aba gerektirmektedir. Bununla birlikte dilin ve d\u00fc\u015f\u00fcncenin geli\u015fmesinde en b\u00fcy\u00fck katk\u0131y\u0131 sa\u011flayan beceri de yazma becerisidir. Dil kullan\u0131m\u0131 yazmayla peki\u015ftirilir, dil becerisindeki yetkinlik ve eksiklikler yazma s\u00fcrecinde ortaya \u00e7\u0131kar, yazmada d\u00fc\u015f\u00fcnce ve dil ke\u015ffedilir, bu ba\u011flamda yeni stratejiler geli\u015ftirilir ve yenilenip de\u011fi\u015ftirilir.<\/p>\n","protected":false},"excerpt":{"rendered":"<p>Ana dili ediniminde bireylerin s\u0131ras\u0131yla dinleme, konu\u015fma, okuma ve yazma becerilerini edindikleri g\u00f6r\u00fcl\u00fcr. \u201cYazma; dil becerileri i\u00e7inde insanlar\u0131n yapmaktan \u00e7ekindi\u011fi, sevmedi\u011fi ve en \u00e7ok korktu\u011fu beceridir.\u201d<span class=\"excerpt-hellip\"> [\u2026]<\/span><\/p>\n","protected":false},"featured_media":0,"template":"","meta":{"_monsterinsights_skip_tracking":false,"_monsterinsights_sitenote_active":false,"_monsterinsights_sitenote_note":"","_monsterinsights_sitenote_category":0},"product_brand":[],"product_cat":[20225,12291],"product_tag":[],"class_list":{"0":"post-727870","1":"product","2":"type-product","3":"status-publish","5":"product_cat-dil-bilim","6":"product_cat-edebiyat","7":"pa_cilt-ciltsiz","8":"pa_tur-kitap","9":"pa_yayinevi-ani-yayincilik","10":"pa_yazar-ani-yayincilik-kolektif","12":"first","13":"instock","14":"sale","15":"shipping-taxable","16":"purchasable","17":"product-type-simple"},"_links":{"self":[{"href":"https:\/\/roveyayinevi.com.tr\/index.php\/wp-json\/wp\/v2\/product\/727870","targetHints":{"allow":["GET"]}}],"collection":[{"href":"https:\/\/roveyayinevi.com.tr\/index.php\/wp-json\/wp\/v2\/product"}],"about":[{"href":"https:\/\/roveyayinevi.com.tr\/index.php\/wp-json\/wp\/v2\/types\/product"}],"wp:attachment":[{"href":"https:\/\/roveyayinevi.com.tr\/index.php\/wp-json\/wp\/v2\/media?parent=727870"}],"wp:term":[{"taxonomy":"product_brand","embeddable":true,"href":"https:\/\/roveyayinevi.com.tr\/index.php\/wp-json\/wp\/v2\/product_brand?post=727870"},{"taxonomy":"product_cat","embeddable":true,"href":"https:\/\/roveyayinevi.com.tr\/index.php\/wp-json\/wp\/v2\/product_cat?post=727870"},{"taxonomy":"product_tag","embeddable":true,"href":"https:\/\/roveyayinevi.com.tr\/index.php\/wp-json\/wp\/v2\/product_tag?post=727870"}],"curies":[{"name":"wp","href":"https:\/\/api.w.org\/{rel}","templated":true}]}}