{"id":727867,"date":"2025-08-27T20:29:45","date_gmt":"2025-08-27T17:29:45","guid":{"rendered":"https:\/\/roveyayinevi.com.tr\/index.php\/urun\/liderlik-tarzlari-ve-orgutsel-sessizlik-iliskisinde-orgutsel-adalet-ve-kusak-farkliliklarinin-etkisi\/"},"modified":"2026-04-16T02:35:43","modified_gmt":"2026-04-15T23:35:43","slug":"liderlik-tarzlari-ve-orgutsel-sessizlik-iliskisinde-orgutsel-adalet-ve-kusak-farkliliklarinin-etkisi","status":"publish","type":"product","link":"https:\/\/roveyayinevi.com.tr\/index.php\/urun\/liderlik-tarzlari-ve-orgutsel-sessizlik-iliskisinde-orgutsel-adalet-ve-kusak-farkliliklarinin-etkisi\/","title":{"rendered":"Liderlik Tarzlar\u0131 ve \u00d6rg\u00fctsel Sessizlik \u0130li\u015fkisinde \u00d6rg\u00fctsel Adalet ve Ku\u015fak Farkl\u0131l\u0131klar\u0131n\u0131n Etkisi"},"content":{"rendered":"<p>\u00e7indekiler1. Giri\u015f1.1 Problem1.2 Ara\u015ft\u0131rman\u0131n Amac\u01311.3 Ara\u015ft\u0131rman\u0131n \u00d6nemi1.4 Ara\u015ft\u0131rman\u0131n Varsay\u0131mlar\u01311.5 Ara\u015ft\u0131rman\u0131n S\u0131n\u0131rl\u0131l\u0131klar\u01311.6 Tan\u0131mlar2. Kavramsal Ve Kuramsal \u00c7er\u00e7eve2.1 Y\u00f6netim Ve Liderlik2.2 \u00d6rg\u00fctsel Sessizlik2.3 \u00d6rg\u00fctsel Sessizli\u011fin Kuramsal Temelleri2.4 \u00d6rg\u00fctsel Sessizli\u011fe \u0130li\u015fkin Tutum Modelleri2.5 \u00d6rg\u00fctsel Sessizli\u011fe \u0130li\u015fkin Tutumlar2.6 \u00d6rg\u00fctsel Adalet2.7 Ku\u015fak Farkl\u0131l\u0131klar\u01312.8 \u0130lgili Ara\u015ft\u0131rmalar3. Y\u00f6ntem3.1 Ara\u015ftr\u0131man\u0131n Modeli Ve Hipotezler3.2 Evren Ve \u00d6rneklem3.3 Veri Toplama Ara\u00e7lar\u0131 Ve Teknikleri4. Sonu\u00e7 Ve \u00d6neriler5. Kaynak\u00e7a6. Ekler<\/p>\n","protected":false},"excerpt":{"rendered":"<p>\u00e7indekiler1. Giri\u015f1.1 Problem1.2 Ara\u015ft\u0131rman\u0131n Amac\u01311.3 Ara\u015ft\u0131rman\u0131n \u00d6nemi1.4 Ara\u015ft\u0131rman\u0131n Varsay\u0131mlar\u01311.5 Ara\u015ft\u0131rman\u0131n S\u0131n\u0131rl\u0131l\u0131klar\u01311.6 Tan\u0131mlar2. Kavramsal Ve Kuramsal \u00c7er\u00e7eve2.1 Y\u00f6netim Ve Liderlik2.2 \u00d6rg\u00fctsel Sessizlik2.3 \u00d6rg\u00fctsel Sessizli\u011fin Kuramsal Temelleri2.4 \u00d6rg\u00fctsel<span class=\"excerpt-hellip\"> [\u2026]<\/span><\/p>\n","protected":false},"featured_media":0,"template":"","meta":{"_monsterinsights_skip_tracking":false,"_monsterinsights_sitenote_active":false,"_monsterinsights_sitenote_note":"","_monsterinsights_sitenote_category":0},"product_brand":[],"product_cat":[13043,14381],"product_tag":[],"class_list":{"0":"post-727867","1":"product","2":"type-product","3":"status-publish","5":"product_cat-ekonomi","6":"product_cat-isletme-muhasebe-maliye","7":"pa_cilt-ciltsiz","8":"pa_tur-kitap","9":"pa_yayinevi-gazi-kitabevi","10":"pa_yazar-oguzhan-kinter","12":"first","13":"instock","14":"sale","15":"shipping-taxable","16":"purchasable","17":"product-type-simple"},"_links":{"self":[{"href":"https:\/\/roveyayinevi.com.tr\/index.php\/wp-json\/wp\/v2\/product\/727867","targetHints":{"allow":["GET"]}}],"collection":[{"href":"https:\/\/roveyayinevi.com.tr\/index.php\/wp-json\/wp\/v2\/product"}],"about":[{"href":"https:\/\/roveyayinevi.com.tr\/index.php\/wp-json\/wp\/v2\/types\/product"}],"wp:attachment":[{"href":"https:\/\/roveyayinevi.com.tr\/index.php\/wp-json\/wp\/v2\/media?parent=727867"}],"wp:term":[{"taxonomy":"product_brand","embeddable":true,"href":"https:\/\/roveyayinevi.com.tr\/index.php\/wp-json\/wp\/v2\/product_brand?post=727867"},{"taxonomy":"product_cat","embeddable":true,"href":"https:\/\/roveyayinevi.com.tr\/index.php\/wp-json\/wp\/v2\/product_cat?post=727867"},{"taxonomy":"product_tag","embeddable":true,"href":"https:\/\/roveyayinevi.com.tr\/index.php\/wp-json\/wp\/v2\/product_tag?post=727867"}],"curies":[{"name":"wp","href":"https:\/\/api.w.org\/{rel}","templated":true}]}}