{"id":727865,"date":"2025-08-27T20:29:44","date_gmt":"2025-08-27T17:29:44","guid":{"rendered":"https:\/\/roveyayinevi.com.tr\/index.php\/urun\/cov-id-19un-sektorel-etkilerine-stratejik-bir-bakis-kuresel-isletmelerin-analizi\/"},"modified":"2026-04-16T02:35:43","modified_gmt":"2026-04-15T23:35:43","slug":"cov-id-19un-sektorel-etkilerine-stratejik-bir-bakis-kuresel-isletmelerin-analizi","status":"publish","type":"product","link":"https:\/\/roveyayinevi.com.tr\/index.php\/urun\/cov-id-19un-sektorel-etkilerine-stratejik-bir-bakis-kuresel-isletmelerin-analizi\/","title":{"rendered":"Cov id 19un Sekt\u00f6rel Etkilerine Stratejik Bir Bak\u0131\u015f: K\u00fcresel \u0130\u015fletmelerin Analizi"},"content":{"rendered":"<p>\u0130\u00e7indekiler\u00d6ns\u00f6z1. Literat\u00fcrde pandemi2. Ara\u015ftr\u0131man\u0131n y\u00f6ntemiBirinci b\u00f6l\u00fcm1.1 Bankac\u0131l\u0131k, finans, sigortac\u0131l\u0131k ve yatr\u0131m sekt\u00f6r\u00fc \u015firketleri1.2 Sonu\u00e7 ve de\u011ferlendirme2 \u0130kinci b\u00f6l\u00fcm2.1 End\u00fcstri \u00fcr\u00fcnleri sekt\u00f6r\u00fc \u015firketleri2.2 Sonu\u00e7 ve de\u011ferlendirme3 \u00dc\u00e7\u00fcnc\u00fc b\u00f6l\u00fcm3.1 Enerji sekt\u00f6r\u00fc \u015firketleri3.2 Sonu\u00e7 ve de\u011ferlendirme4 D\u00f6rd\u00fcnc\u00fc b\u00f6l\u00fcm4.1 E\u011flence, oyun, interet, sosyal medya sekt\u00f6r\u00fc \u015firketleri4.2 Sonu\u00e7 ve de\u011ferlendirme5 Be\u015finci b\u00f6l\u00fcm5.1 Havayolu sekt\u00f6r\u00fc \u015firketleri5.2 Sonu\u00e7 ve de\u011ferlendirme6 Alt\u0131nc\u0131 b\u00f6l\u00fcm6.1 Holdingler6.2 Sonu\u00e7 ve de\u011ferlendirme7 Yedinci b\u00f6l\u00fcm7.1 \u0130n\u015faat, emlak ve konaklama sekt\u00f6r\u00fc \u015firketleri7.2 Sonu\u00e7 ve de\u011ferlendirme8 Sekizinci b\u00f6l\u00fcm8.1 Perakendicilik, sat\u0131\u015f ma\u011fazas\u0131 ve g\u0131da sekt\u00f6r\u00fc \u015firketleri8.2 Sonu\u00e7 ve de\u011ferlendirme9 Dokuzuncu b\u00f6l\u00fcm9.1 Posta, telgraf ve kargo hizmetleri sekt\u00f6r\u00fc \u015firketleri9.2 Sonu\u00e7 ve de\u011ferlendirme10 Onuncu b\u00f6l\u00fcm10.1 Sa\u011fl\u0131k ve ecza sekt\u00f6r\u00fc \u015firketleri10.2 Sonu\u00e7 ve de\u011ferlendirme11 Onbirinci b\u00f6l\u00fcm11.1 Teknoloji, elektrik-elektronik, bili\u015fim sekt\u00f6r\u00fc \u015firketleri11.2 Sonu\u00e7 ve de\u011ferlendirme12 Onikinci b\u00f6l\u00fcm12.1 Telekom\u00fcnikasyon ve ileti\u015fim sekt\u00f6r\u00fc \u015firketleri12.2 Sonu\u00e7 ve de\u011ferlendirme13 On\u00fc\u00e7\u00fcnc\u00fc b\u00f6l\u00fcm13.1 Otomotiv sekt\u00f6r\u00fc \u015firketleri13.2 Sonu\u00e7 ve de\u011ferlendirmeSonu\u00e7 ve de\u011ferlendirmeKaynak\u00e7a<\/p>\n","protected":false},"excerpt":{"rendered":"<p>\u0130\u00e7indekiler\u00d6ns\u00f6z1. Literat\u00fcrde pandemi2. Ara\u015ftr\u0131man\u0131n y\u00f6ntemiBirinci b\u00f6l\u00fcm1.1 Bankac\u0131l\u0131k, finans, sigortac\u0131l\u0131k ve yatr\u0131m sekt\u00f6r\u00fc \u015firketleri1.2 Sonu\u00e7 ve de\u011ferlendirme2 \u0130kinci b\u00f6l\u00fcm2.1 End\u00fcstri \u00fcr\u00fcnleri sekt\u00f6r\u00fc \u015firketleri2.2 Sonu\u00e7 ve de\u011ferlendirme3 \u00dc\u00e7\u00fcnc\u00fc<span class=\"excerpt-hellip\"> [\u2026]<\/span><\/p>\n","protected":false},"featured_media":0,"template":"","meta":{"_monsterinsights_skip_tracking":false,"_monsterinsights_sitenote_active":false,"_monsterinsights_sitenote_note":"","_monsterinsights_sitenote_category":0},"product_brand":[],"product_cat":[13043,14381],"product_tag":[],"class_list":{"0":"post-727865","1":"product","2":"type-product","3":"status-publish","5":"product_cat-ekonomi","6":"product_cat-isletme-muhasebe-maliye","7":"pa_cilt-ciltsiz","8":"pa_tur-kitap","9":"pa_yayinevi-gazi-kitabevi","10":"pa_yazar-muhammed-ali-yetgin","12":"first","13":"instock","14":"sale","15":"shipping-taxable","16":"purchasable","17":"product-type-simple"},"_links":{"self":[{"href":"https:\/\/roveyayinevi.com.tr\/index.php\/wp-json\/wp\/v2\/product\/727865","targetHints":{"allow":["GET"]}}],"collection":[{"href":"https:\/\/roveyayinevi.com.tr\/index.php\/wp-json\/wp\/v2\/product"}],"about":[{"href":"https:\/\/roveyayinevi.com.tr\/index.php\/wp-json\/wp\/v2\/types\/product"}],"wp:attachment":[{"href":"https:\/\/roveyayinevi.com.tr\/index.php\/wp-json\/wp\/v2\/media?parent=727865"}],"wp:term":[{"taxonomy":"product_brand","embeddable":true,"href":"https:\/\/roveyayinevi.com.tr\/index.php\/wp-json\/wp\/v2\/product_brand?post=727865"},{"taxonomy":"product_cat","embeddable":true,"href":"https:\/\/roveyayinevi.com.tr\/index.php\/wp-json\/wp\/v2\/product_cat?post=727865"},{"taxonomy":"product_tag","embeddable":true,"href":"https:\/\/roveyayinevi.com.tr\/index.php\/wp-json\/wp\/v2\/product_tag?post=727865"}],"curies":[{"name":"wp","href":"https:\/\/api.w.org\/{rel}","templated":true}]}}