{"id":727864,"date":"2025-08-27T20:29:43","date_gmt":"2025-08-27T17:29:43","guid":{"rendered":"https:\/\/roveyayinevi.com.tr\/index.php\/urun\/aristoteles-anlama-arzusu\/"},"modified":"2026-04-16T02:35:43","modified_gmt":"2026-04-15T23:35:43","slug":"aristoteles-anlama-arzusu","status":"publish","type":"product","link":"https:\/\/roveyayinevi.com.tr\/index.php\/urun\/aristoteles-anlama-arzusu\/","title":{"rendered":"Aristoteles Anlama Arzusu"},"content":{"rendered":"<p>Metafizik\u2019in ilk c\u00fcmlesi, t\u00fcm insanlar\u0131n do\u011fal olarak bilmeyi arzulad\u0131klar\u0131n\u0131 s\u00f6yler. Peki, bu d\u00fcnyada bu arzu taraf\u0131ndan y\u00f6nlendiriliyor olmak bizim i\u00e7in ne anlama gelmektedir?Eser hi\u00e7 ku\u015fkusuz t\u00fcm Yunan felsefesi \u00f6\u011frencileri ve Bat\u0131n\u0131n entelekt\u00fcel tarihinde yer alan dev bir fig\u00fcr olarak Aristoteles\u2019e ilgi duyan daha pek \u00e7oklar\u0131 i\u00e7in ufuk a\u00e7\u0131c\u0131 bir girizg\u00e2h olacakt\u0131r.Aristoteles i\u00e7in Jonathan Lear\u2019dan daha ayd\u0131nlat\u0131c\u0131 ya da ilgi uyand\u0131r\u0131c\u0131 bir k\u0131lavuz d\u00fc\u015f\u00fcnmek zor.\u2013The Times Educational Supplement<\/p>\n","protected":false},"excerpt":{"rendered":"<p>Metafizik\u2019in ilk c\u00fcmlesi, t\u00fcm insanlar\u0131n do\u011fal olarak bilmeyi arzulad\u0131klar\u0131n\u0131 s\u00f6yler. Peki, bu d\u00fcnyada bu arzu taraf\u0131ndan y\u00f6nlendiriliyor olmak bizim i\u00e7in ne anlama gelmektedir?Eser hi\u00e7 ku\u015fkusuz t\u00fcm<span class=\"excerpt-hellip\"> [\u2026]<\/span><\/p>\n","protected":false},"featured_media":0,"template":"","meta":{"_monsterinsights_skip_tracking":false,"_monsterinsights_sitenote_active":false,"_monsterinsights_sitenote_note":"","_monsterinsights_sitenote_category":0},"product_brand":[],"product_cat":[12388,13555],"product_tag":[],"class_list":{"0":"post-727864","1":"product","2":"type-product","3":"status-publish","5":"product_cat-felsefe","6":"product_cat-genel-felsefe","7":"pa_cilt-ciltsiz","8":"pa_tur-kitap","9":"pa_yayinevi-alfa-yayinlari","10":"pa_yazar-jonathan-lear","12":"first","13":"instock","14":"sale","15":"shipping-taxable","16":"purchasable","17":"product-type-simple"},"_links":{"self":[{"href":"https:\/\/roveyayinevi.com.tr\/index.php\/wp-json\/wp\/v2\/product\/727864","targetHints":{"allow":["GET"]}}],"collection":[{"href":"https:\/\/roveyayinevi.com.tr\/index.php\/wp-json\/wp\/v2\/product"}],"about":[{"href":"https:\/\/roveyayinevi.com.tr\/index.php\/wp-json\/wp\/v2\/types\/product"}],"wp:attachment":[{"href":"https:\/\/roveyayinevi.com.tr\/index.php\/wp-json\/wp\/v2\/media?parent=727864"}],"wp:term":[{"taxonomy":"product_brand","embeddable":true,"href":"https:\/\/roveyayinevi.com.tr\/index.php\/wp-json\/wp\/v2\/product_brand?post=727864"},{"taxonomy":"product_cat","embeddable":true,"href":"https:\/\/roveyayinevi.com.tr\/index.php\/wp-json\/wp\/v2\/product_cat?post=727864"},{"taxonomy":"product_tag","embeddable":true,"href":"https:\/\/roveyayinevi.com.tr\/index.php\/wp-json\/wp\/v2\/product_tag?post=727864"}],"curies":[{"name":"wp","href":"https:\/\/api.w.org\/{rel}","templated":true}]}}