{"id":727863,"date":"2025-08-27T20:29:42","date_gmt":"2025-08-27T17:29:42","guid":{"rendered":"https:\/\/roveyayinevi.com.tr\/index.php\/urun\/turkiyede-doviz-gelirinin-ulusal-para-arzi-ve-merkezi-yonetim-borcu-uzerine-etkisi\/"},"modified":"2026-04-16T02:35:43","modified_gmt":"2026-04-15T23:35:43","slug":"turkiyede-doviz-gelirinin-ulusal-para-arzi-ve-merkezi-yonetim-borcu-uzerine-etkisi","status":"publish","type":"product","link":"https:\/\/roveyayinevi.com.tr\/index.php\/urun\/turkiyede-doviz-gelirinin-ulusal-para-arzi-ve-merkezi-yonetim-borcu-uzerine-etkisi\/","title":{"rendered":"T\u00fcrkiye\u2019de D\u00f6viz Gelirinin Ulusal Para Arz\u0131 ve Merkezi Y\u00f6netim Borcu \u00dczerine Etkisi"},"content":{"rendered":"<p>\u0130\u00e7indekiler\u00d6ns\u00f6z\u0130\u00e7indekilerTablolar Listesi\u015eekiller ListesiK\u0131saltmalarGiri\u015fBirinci B\u00f6l\u00fcmPara Arz\u0131 Ve \u00dclke D\u00f6viz Geliri Kavramlar\u0131n\u0131n Kapsam\u01311.1 Paran\u0131n Tan\u0131m\u0131 Ve Term\u00fcnolojisi1.2 \u00c7e\u015fitli Para Kavramlar\u01311.3 Paran\u0131n Fonksiyonlar\u01311.4 Paran\u0131n Nitelikleri1.5 Paran\u0131n Genel Bir Tarih\u00e7esi1.6 Para Sistemi T\u00fcrleri Ve Para Sistemlerinin Tarihsel Geli\u015fimi1.7 Para Arz\u0131 Kavram\u0131 Ve Para Arz\u0131 Teorileri1.8 \u00dclke D\u00f6viz Geliri \u0130le Para Arz\u0131 Aras\u0131ndaki \u0130li\u015fki\u0130kinci B\u00f6l\u00fcmMerkezi Y\u00f6netim Ve Kamu Borcu Kavramlar\u0131n\u0131n Kapsam\u01312.1 Merkezi Y\u00f6netim Kavram\u01312.2 Kamu Borcu Kavram\u01312.3 Kamu Bor\u00e7lanmas\u0131n\u0131n Olas\u0131 \u0130ktisadi Etkilerine \u0130li\u015fkin \u00d6rnekler2.5 T\u00fcrkiye\u2019de Kamu Bor\u00e7lanmas\u0131n\u0131n Tarihi Ge\u015filimi\u00dc\u00e7\u00fcnc\u00fc B\u00f6l\u00fcmT\u00fcrkiye\u2019de D\u00f6viz Gelirinin Ulusal Para Arz\u0131 Ve Merkezi Y\u00f6netim Borcu \u00dczer\u015fndeki Etkisi3.1 Literat\u00fcr \u0130ncelemesi3.2 Ampirik \u00c7al\u0131\u015fmaSonu\u00e7Kaynaklar<\/p>\n","protected":false},"excerpt":{"rendered":"<p>\u0130\u00e7indekiler\u00d6ns\u00f6z\u0130\u00e7indekilerTablolar Listesi\u015eekiller ListesiK\u0131saltmalarGiri\u015fBirinci B\u00f6l\u00fcmPara Arz\u0131 Ve \u00dclke D\u00f6viz Geliri Kavramlar\u0131n\u0131n Kapsam\u01311.1 Paran\u0131n Tan\u0131m\u0131 Ve Term\u00fcnolojisi1.2 \u00c7e\u015fitli Para Kavramlar\u01311.3 Paran\u0131n Fonksiyonlar\u01311.4 Paran\u0131n Nitelikleri1.5 Paran\u0131n Genel Bir Tarih\u00e7esi1.6<span class=\"excerpt-hellip\"> [\u2026]<\/span><\/p>\n","protected":false},"featured_media":0,"template":"","meta":{"_monsterinsights_skip_tracking":false,"_monsterinsights_sitenote_active":false,"_monsterinsights_sitenote_note":"","_monsterinsights_sitenote_category":0},"product_brand":[],"product_cat":[17249,13043],"product_tag":[],"class_list":{"0":"post-727863","1":"product","2":"type-product","3":"status-publish","5":"product_cat-borsa-finans","6":"product_cat-ekonomi","7":"pa_cilt-ciltsiz","8":"pa_tur-kitap","9":"pa_yayinevi-gazi-kitabevi","10":"pa_yazar-mehmet-erdogmus-salih-barisik","12":"first","13":"instock","14":"sale","15":"shipping-taxable","16":"purchasable","17":"product-type-simple"},"_links":{"self":[{"href":"https:\/\/roveyayinevi.com.tr\/index.php\/wp-json\/wp\/v2\/product\/727863","targetHints":{"allow":["GET"]}}],"collection":[{"href":"https:\/\/roveyayinevi.com.tr\/index.php\/wp-json\/wp\/v2\/product"}],"about":[{"href":"https:\/\/roveyayinevi.com.tr\/index.php\/wp-json\/wp\/v2\/types\/product"}],"wp:attachment":[{"href":"https:\/\/roveyayinevi.com.tr\/index.php\/wp-json\/wp\/v2\/media?parent=727863"}],"wp:term":[{"taxonomy":"product_brand","embeddable":true,"href":"https:\/\/roveyayinevi.com.tr\/index.php\/wp-json\/wp\/v2\/product_brand?post=727863"},{"taxonomy":"product_cat","embeddable":true,"href":"https:\/\/roveyayinevi.com.tr\/index.php\/wp-json\/wp\/v2\/product_cat?post=727863"},{"taxonomy":"product_tag","embeddable":true,"href":"https:\/\/roveyayinevi.com.tr\/index.php\/wp-json\/wp\/v2\/product_tag?post=727863"}],"curies":[{"name":"wp","href":"https:\/\/api.w.org\/{rel}","templated":true}]}}