{"id":727862,"date":"2025-08-27T20:29:42","date_gmt":"2025-08-27T17:29:42","guid":{"rendered":"https:\/\/roveyayinevi.com.tr\/index.php\/urun\/bir-belgeseli-gerceklestirmek\/"},"modified":"2026-04-16T02:35:28","modified_gmt":"2026-04-15T23:35:28","slug":"bir-belgeseli-gerceklestirmek","status":"publish","type":"product","link":"https:\/\/roveyayinevi.com.tr\/index.php\/urun\/bir-belgeseli-gerceklestirmek\/","title":{"rendered":"Bir Belgeseli Ger\u00e7ekle\u015ftirmek"},"content":{"rendered":"<p>Bir Belgeseli Ger\u00e7ekle\u015ftirmek, kendi \u00e7al\u0131\u015fmalar\u0131n\u0131z\u0131n geli\u015fimine katk\u0131da bulunacak, zaman a\u015f\u0131r\u0131 ilkeler sunan, form \u00fczerine kusursuz ve kapsaml\u0131 bir \u00e7al\u0131\u015fma. Belgesel yapmaya hevesli olanlar kadar halihaz\u0131rda belgesel y\u00f6netmenleri i\u00e7in de ideal olan\u0131 ara\u015ft\u0131ran Bir Belgeseli Ger\u00e7ekle\u015ftirmek, teorik oldu\u011fu kadar pratik a\u00e7\u0131dan da \u00fcretimin ve yeniden-\u00fcretimin t\u00fcm safhalar\u0131n\u0131 mercek alt\u0131na almakta: projeler, \u00e7ekim pratikleri, fikir geli\u015ftirme s\u00fcre\u00e7leri kitab\u0131n dokusunu olu\u015fturmakta. Belgesel yap\u0131m s\u00fcrecindeki hem kurucu temelleri hem de ileri meseleleri tart\u0131\u015fan kitap, belgesel yap\u0131m\u0131na uygun bir fikri ara\u015ft\u0131rmak ve bu fikri parlatmak, bir ekipman geli\u015ftirmek, belgesel i\u00e7in gerekli olan ekibi y\u00f6netmek, \u00e7ekim s\u0131ras\u0131nda kontrol\u00fc kaybetmemek gibi t\u00fcrl\u00fc ince ayr\u0131nt\u0131y\u0131 da i\u00e7eren muazzam bir metin&#8230;   \u201cBu kitab\u0131 ziyadesiyle de\u011ferli k\u0131lan \u015fey yazar\u0131n durmaks\u0131z\u0131n kendi sanat\u0131n\u0131n felsefi temellerini ara\u015ft\u0131rmas\u0131 ve bu esnada film yap\u0131m s\u00fcrecinin teknik k\u0131s\u0131mlar\u0131n\u0131 asla yitirmemesidir&#8230;\u201d Jonathan Luskin, Flying Moose Pictures, San Francisco   \u201cBu kitab\u0131n en kuvvetli taraf\u0131 yarat\u0131c\u0131 bir hik\u00e2ye anlat\u0131c\u0131l\u0131\u011f\u0131 olarak belgesel film yap\u0131mc\u0131l\u0131\u011f\u0131 \u00fczerinde durmas\u0131&#8230; Kitap, gen\u00e7 film yap\u0131mc\u0131lar\u0131na pazardaki herhangi bir ba\u015fl\u0131ktan \u00e7ok daha fazla etik bir temel sunmaktad\u0131r.\u201d Phil Hopper, Fordham \u00dcniversitesi   \u201cZekice ve ustaca kaleme al\u0131nm\u0131\u015f olan Bir Belgeseli Ger\u00e7ekle\u015ftirmek, her bel- gesel yap\u0131mc\u0131s\u0131n\u0131n kitapl\u0131\u011f\u0131nda kendine \u00f6nemli bir yer bulacak bir kitap&#8230;\u201d Videomaker Dergisi   MICHAEL RABIGER Michael Rabiger 35\u2019ten fazla filmi y\u00f6netmi\u015f ya da d\u00fczenlenmesine katk\u0131da bulunmu\u015ftur. Columbia College\u2019da etkin bir Belgesel Merkezi kuran Rabiger \u015fimdilerde Emeritus Profes\u00f6r olarak \u00e7e\u015fitli \u00fclkelerde seminerler d\u00fczenliyor; konuk profes\u00f6r olarak da New York \u00dcniversitesi\u2019nde dersler veriyor.   <\/p>\n","protected":false},"excerpt":{"rendered":"<p>Bir Belgeseli Ger\u00e7ekle\u015ftirmek, kendi \u00e7al\u0131\u015fmalar\u0131n\u0131z\u0131n geli\u015fimine katk\u0131da bulunacak, zaman a\u015f\u0131r\u0131 ilkeler sunan, form \u00fczerine kusursuz ve kapsaml\u0131 bir \u00e7al\u0131\u015fma. Belgesel yapmaya hevesli olanlar kadar halihaz\u0131rda belgesel<span class=\"excerpt-hellip\"> [\u2026]<\/span><\/p>\n","protected":false},"featured_media":0,"template":"","meta":{"_monsterinsights_skip_tracking":false,"_monsterinsights_sitenote_active":false,"_monsterinsights_sitenote_note":"","_monsterinsights_sitenote_category":0},"product_brand":[],"product_cat":[12409,12408],"product_tag":[],"class_list":{"0":"post-727862","1":"product","2":"type-product","3":"status-publish","5":"product_cat-fotograf-sinema-tiyatro","6":"product_cat-sanat","7":"pa_cilt-ciltsiz","8":"pa_tur-kitap","9":"pa_yayinevi-ayrinti-yayinlari","10":"pa_yazar-michael-rabiger","12":"first","13":"instock","14":"sale","15":"shipping-taxable","16":"purchasable","17":"product-type-simple"},"_links":{"self":[{"href":"https:\/\/roveyayinevi.com.tr\/index.php\/wp-json\/wp\/v2\/product\/727862","targetHints":{"allow":["GET"]}}],"collection":[{"href":"https:\/\/roveyayinevi.com.tr\/index.php\/wp-json\/wp\/v2\/product"}],"about":[{"href":"https:\/\/roveyayinevi.com.tr\/index.php\/wp-json\/wp\/v2\/types\/product"}],"wp:attachment":[{"href":"https:\/\/roveyayinevi.com.tr\/index.php\/wp-json\/wp\/v2\/media?parent=727862"}],"wp:term":[{"taxonomy":"product_brand","embeddable":true,"href":"https:\/\/roveyayinevi.com.tr\/index.php\/wp-json\/wp\/v2\/product_brand?post=727862"},{"taxonomy":"product_cat","embeddable":true,"href":"https:\/\/roveyayinevi.com.tr\/index.php\/wp-json\/wp\/v2\/product_cat?post=727862"},{"taxonomy":"product_tag","embeddable":true,"href":"https:\/\/roveyayinevi.com.tr\/index.php\/wp-json\/wp\/v2\/product_tag?post=727862"}],"curies":[{"name":"wp","href":"https:\/\/api.w.org\/{rel}","templated":true}]}}