{"id":727861,"date":"2025-08-27T20:29:41","date_gmt":"2025-08-27T17:29:41","guid":{"rendered":"https:\/\/roveyayinevi.com.tr\/index.php\/urun\/uluslararasi-adli-muhasebe\/"},"modified":"2025-08-31T16:57:37","modified_gmt":"2025-08-31T13:57:37","slug":"uluslararasi-adli-muhasebe","status":"publish","type":"product","link":"https:\/\/roveyayinevi.com.tr\/index.php\/urun\/uluslararasi-adli-muhasebe\/","title":{"rendered":"Uluslararas\u0131 Adli Muhasebe"},"content":{"rendered":"<p>\u0130\u00e7indekiler\u00d6ns\u00f6z\u0130\u00e7indekilerTablolar\u0131n Listesi\u015eekillerin ListesiGiri\u015fI. B\u00f6l\u00fcm: Kavramsal \u00c7er\u00e7eveII. B\u00f6l\u00fcm: Uluslararas\u0131 Dava DestekleriIII. Uluslararas\u0131 Uzman Tan\u0131kl\u0131k Uygulamalar\u0131IV. B\u00f6l\u00fcm: Uluslararas\u0131 Hile (\u00d6zel) Denetim HizmetleriV. B\u00f6l\u00fcm: Uluslararas\u0131 Adli Muhasebe \u0130le \u0130lgilli Mali Su\u00e7larVI. B\u00f6l\u00fcm: Adli Muhasebe E\u011fitimiVII. B\u00f6l\u00fcm: \u00d6rnek Uygulamalar<\/p>\n","protected":false},"excerpt":{"rendered":"<p>\u0130\u00e7indekiler\u00d6ns\u00f6z\u0130\u00e7indekilerTablolar\u0131n Listesi\u015eekillerin ListesiGiri\u015fI. B\u00f6l\u00fcm: Kavramsal \u00c7er\u00e7eveII. B\u00f6l\u00fcm: Uluslararas\u0131 Dava DestekleriIII. Uluslararas\u0131 Uzman Tan\u0131kl\u0131k Uygulamalar\u0131IV. B\u00f6l\u00fcm: Uluslararas\u0131 Hile (\u00d6zel) Denetim HizmetleriV. B\u00f6l\u00fcm: Uluslararas\u0131 Adli Muhasebe \u0130le \u0130lgilli<span class=\"excerpt-hellip\"> [\u2026]<\/span><\/p>\n","protected":false},"featured_media":0,"template":"","meta":{"_monsterinsights_skip_tracking":false,"_monsterinsights_sitenote_active":false,"_monsterinsights_sitenote_note":"","_monsterinsights_sitenote_category":0},"product_brand":[],"product_cat":[13043,14381],"product_tag":[],"class_list":{"0":"post-727861","1":"product","2":"type-product","3":"status-publish","5":"product_cat-ekonomi","6":"product_cat-isletme-muhasebe-maliye","7":"pa_cilt-ciltsiz","8":"pa_tur-kitap","9":"pa_yayinevi-gazi-kitabevi","10":"pa_yazar-selcuk-gulten-baki-toraman","12":"first","13":"instock","14":"sale","15":"shipping-taxable","16":"purchasable","17":"product-type-simple"},"_links":{"self":[{"href":"https:\/\/roveyayinevi.com.tr\/index.php\/wp-json\/wp\/v2\/product\/727861","targetHints":{"allow":["GET"]}}],"collection":[{"href":"https:\/\/roveyayinevi.com.tr\/index.php\/wp-json\/wp\/v2\/product"}],"about":[{"href":"https:\/\/roveyayinevi.com.tr\/index.php\/wp-json\/wp\/v2\/types\/product"}],"wp:attachment":[{"href":"https:\/\/roveyayinevi.com.tr\/index.php\/wp-json\/wp\/v2\/media?parent=727861"}],"wp:term":[{"taxonomy":"product_brand","embeddable":true,"href":"https:\/\/roveyayinevi.com.tr\/index.php\/wp-json\/wp\/v2\/product_brand?post=727861"},{"taxonomy":"product_cat","embeddable":true,"href":"https:\/\/roveyayinevi.com.tr\/index.php\/wp-json\/wp\/v2\/product_cat?post=727861"},{"taxonomy":"product_tag","embeddable":true,"href":"https:\/\/roveyayinevi.com.tr\/index.php\/wp-json\/wp\/v2\/product_tag?post=727861"}],"curies":[{"name":"wp","href":"https:\/\/api.w.org\/{rel}","templated":true}]}}