{"id":727857,"date":"2025-08-27T20:29:38","date_gmt":"2025-08-27T17:29:38","guid":{"rendered":"https:\/\/roveyayinevi.com.tr\/index.php\/urun\/disiplinlerarasi-medya-okumalari\/"},"modified":"2026-01-29T03:04:38","modified_gmt":"2026-01-29T00:04:38","slug":"disiplinlerarasi-medya-okumalari","status":"publish","type":"product","link":"https:\/\/roveyayinevi.com.tr\/index.php\/urun\/disiplinlerarasi-medya-okumalari\/","title":{"rendered":"Disiplinleraras\u0131 Medya Okumalar\u0131"},"content":{"rendered":"<p>Medya, geli\u015fen yeni ileti\u015fim teknolojileri ile toplumsal ya\u015fam i\u00e7inde vazge\u00e7ilmez bir unsurdur. 2020 y\u0131l\u0131 i\u00e7inde ya\u015fad\u0131\u011f\u0131m\u0131z C ovid-19 salg\u0131n\u0131 nedeniyle g\u00fcndelik ya\u015fam pratiklerindeki d\u00f6n\u00fc\u015f\u00fcm, medyan\u0131n \u00f6nemini art\u0131rd\u0131. Distopik bir d\u00fcnyan\u0131n i\u00e7inde ya\u015fad\u0131\u011f\u0131m\u0131z hissini veren salg\u0131n d\u00f6neminde, geleneksel veya yeni medya ara\u00e7lar\u0131, sosyalle\u015fmenin ba\u015fat bir unsuru haline geldi. Elinizdeki kitap, g\u00fcn\u00fcm\u00fczde, hem k\u00fcresel hem de ulusal boyutta enformasyon sa\u011flay\u0131c\u0131s\u0131 olan medyan\u0131n, ileti\u015fim \u00e7al\u0131\u015fmalar\u0131 d\u0131\u015f\u0131ndaki farkl\u0131 disiplinlerin bak\u0131\u015f a\u00e7\u0131s\u0131yla de\u011ferlendirilmesi fikrinden yola \u00e7\u0131kt\u0131. Bu ama\u00e7la felsefe, resim, g\u00f6rsel ileti\u015fim tasar\u0131m\u0131, gazetecilik, radyo, televizyon ve sinema gibi farkl\u0131 disiplinlerin medya okumalar\u0131na odakland\u0131. Bu ba\u011flamda kitap, medyan\u0131n felsefi boyutu, 2016 ABD Ba\u015fkanl\u0131k se\u00e7imlerinin T\u00fcrk bas\u0131n\u0131na yans\u0131mas\u0131, medyan\u0131n egemen iktidar yap\u0131lar\u0131na kar\u015f\u0131 direnmenin bir arac\u0131 olma potansiyeli ve hacktivizm, sanat yap\u0131tlar\u0131n\u0131n medya nesnesi haline gelmesi ve estetik de\u011ferlerin metala\u015ft\u0131r\u0131lmas\u0131, mobil uygulama tasar\u0131mlar\u0131 \u00fczerine \u00f6neriler, Vietnam, \u0130rlanda \u00f6rnekleminden hareketle toplumsal cinsiyet \u00f6\u011felerinin sinemada temsili, sinema filmlerinde rengin \u00f6nemi ve kullan\u0131m bi\u00e7imleri ile sinema salonlar\u0131n\u0131n gelece\u011fini inceleyen \u00e7al\u0131\u015fmalar\u0131 i\u00e7ermektedir&#8230; <\/p>\n","protected":false},"excerpt":{"rendered":"<p>Medya, geli\u015fen yeni ileti\u015fim teknolojileri ile toplumsal ya\u015fam i\u00e7inde vazge\u00e7ilmez bir unsurdur. 2020 y\u0131l\u0131 i\u00e7inde ya\u015fad\u0131\u011f\u0131m\u0131z C ovid-19 salg\u0131n\u0131 nedeniyle g\u00fcndelik ya\u015fam pratiklerindeki d\u00f6n\u00fc\u015f\u00fcm, medyan\u0131n \u00f6nemini<span class=\"excerpt-hellip\"> [\u2026]<\/span><\/p>\n","protected":false},"featured_media":0,"template":"","meta":{"_monsterinsights_skip_tracking":false,"_monsterinsights_sitenote_active":false,"_monsterinsights_sitenote_note":"","_monsterinsights_sitenote_category":0},"product_brand":[],"product_cat":[15983,13488],"product_tag":[],"class_list":{"0":"post-727857","1":"product","2":"type-product","3":"status-publish","5":"product_cat-iletisim-ve-medya","6":"product_cat-toplum-ve-insan","7":"pa_cilt-ciltsiz","8":"pa_tur-kitap","9":"pa_yayinevi-utopya-yayinevi","10":"pa_yazar-utopya-yayinevi-kolektif","12":"first","13":"instock","14":"sale","15":"shipping-taxable","16":"purchasable","17":"product-type-simple"},"_links":{"self":[{"href":"https:\/\/roveyayinevi.com.tr\/index.php\/wp-json\/wp\/v2\/product\/727857","targetHints":{"allow":["GET"]}}],"collection":[{"href":"https:\/\/roveyayinevi.com.tr\/index.php\/wp-json\/wp\/v2\/product"}],"about":[{"href":"https:\/\/roveyayinevi.com.tr\/index.php\/wp-json\/wp\/v2\/types\/product"}],"wp:attachment":[{"href":"https:\/\/roveyayinevi.com.tr\/index.php\/wp-json\/wp\/v2\/media?parent=727857"}],"wp:term":[{"taxonomy":"product_brand","embeddable":true,"href":"https:\/\/roveyayinevi.com.tr\/index.php\/wp-json\/wp\/v2\/product_brand?post=727857"},{"taxonomy":"product_cat","embeddable":true,"href":"https:\/\/roveyayinevi.com.tr\/index.php\/wp-json\/wp\/v2\/product_cat?post=727857"},{"taxonomy":"product_tag","embeddable":true,"href":"https:\/\/roveyayinevi.com.tr\/index.php\/wp-json\/wp\/v2\/product_tag?post=727857"}],"curies":[{"name":"wp","href":"https:\/\/api.w.org\/{rel}","templated":true}]}}