{"id":727855,"date":"2025-08-27T20:29:36","date_gmt":"2025-08-27T17:29:36","guid":{"rendered":"https:\/\/roveyayinevi.com.tr\/index.php\/urun\/biz-bir-baskaydik-baharda\/"},"modified":"2026-04-16T02:35:28","modified_gmt":"2026-04-15T23:35:28","slug":"biz-bir-baskaydik-baharda","status":"publish","type":"product","link":"https:\/\/roveyayinevi.com.tr\/index.php\/urun\/biz-bir-baskaydik-baharda\/","title":{"rendered":"Biz Bir Ba\u015fkayd\u0131k Baharda"},"content":{"rendered":"<p>1964 \u015eubat\u2019\u0131n 1\u2019nci g\u00fcn\u00fc \u0130zmir\u2019in Alsancak semtinde do\u011fdum. \u0130lkokula kahramanlar semtinde ba\u015flayarak, bir y\u0131l\u0131 yurt d\u0131\u015f\u0131nda olmak \u00fczere 4 ayr\u0131 okulda okuyarak bitirdim. Orta okulu E\u015fref pa\u015fa Orta Okulunda, Liseyi Ege \u00dcn. Laborant okulunu kazanmama ra\u011fmen \u0130zmir \u0130n\u00f6n\u00fc Lisesinde okuyarak bitirdim. Astsubay S\u0131n\u0131f okulunda okuyarak 1984 y\u0131l\u0131nda Astsubay olarak mezun oldu\u011fumda, orta okul y\u0131llar\u0131nda ba\u015flad\u0131\u011f\u0131m \u015fiir yazmaya devam ettim. 2008 y\u0131l\u0131nda emekli oldu\u011fumda elimde \u015fiirlerim vard\u0131 ama yazmaya devam ettim. KEMAL\u0130ZME adl\u0131 \u015fiirimin Tugay gazetesinde yay\u0131nlanmaya de\u011fer bulunmas\u0131, beni kitap \u00e7\u0131kartma konusunda cesaretlendirse de, Film yap\u0131mc\u0131 ve y\u00f6netmeni olan arkada\u015f\u0131m Handan Acar Pehlivan ve T\u00fcrkan Duranl\u0131 Probst bu konuda bana verdikleri manevi destekleri ile \u015fiirlerimi yay\u0131nlamaya karar verdim.<\/p>\n","protected":false},"excerpt":{"rendered":"<p>1964 \u015eubat\u2019\u0131n 1\u2019nci g\u00fcn\u00fc \u0130zmir\u2019in Alsancak semtinde do\u011fdum. \u0130lkokula kahramanlar semtinde ba\u015flayarak, bir y\u0131l\u0131 yurt d\u0131\u015f\u0131nda olmak \u00fczere 4 ayr\u0131 okulda okuyarak bitirdim. Orta okulu E\u015fref<span class=\"excerpt-hellip\"> [\u2026]<\/span><\/p>\n","protected":false},"featured_media":0,"template":"","meta":{"_monsterinsights_skip_tracking":false,"_monsterinsights_sitenote_active":false,"_monsterinsights_sitenote_note":"","_monsterinsights_sitenote_category":0},"product_brand":[],"product_cat":[13701,12291],"product_tag":[],"class_list":{"0":"post-727855","1":"product","2":"type-product","3":"status-publish","5":"product_cat-ani-mektup-gunluk","6":"product_cat-edebiyat","7":"pa_cilt-ciltsiz","8":"pa_tur-kitap","9":"pa_yayinevi-kitap72-yayinlari","10":"pa_yazar-irfan-sipak","12":"first","13":"instock","14":"sale","15":"shipping-taxable","16":"purchasable","17":"product-type-simple"},"_links":{"self":[{"href":"https:\/\/roveyayinevi.com.tr\/index.php\/wp-json\/wp\/v2\/product\/727855","targetHints":{"allow":["GET"]}}],"collection":[{"href":"https:\/\/roveyayinevi.com.tr\/index.php\/wp-json\/wp\/v2\/product"}],"about":[{"href":"https:\/\/roveyayinevi.com.tr\/index.php\/wp-json\/wp\/v2\/types\/product"}],"wp:attachment":[{"href":"https:\/\/roveyayinevi.com.tr\/index.php\/wp-json\/wp\/v2\/media?parent=727855"}],"wp:term":[{"taxonomy":"product_brand","embeddable":true,"href":"https:\/\/roveyayinevi.com.tr\/index.php\/wp-json\/wp\/v2\/product_brand?post=727855"},{"taxonomy":"product_cat","embeddable":true,"href":"https:\/\/roveyayinevi.com.tr\/index.php\/wp-json\/wp\/v2\/product_cat?post=727855"},{"taxonomy":"product_tag","embeddable":true,"href":"https:\/\/roveyayinevi.com.tr\/index.php\/wp-json\/wp\/v2\/product_tag?post=727855"}],"curies":[{"name":"wp","href":"https:\/\/api.w.org\/{rel}","templated":true}]}}