{"id":727853,"date":"2025-08-27T20:29:34","date_gmt":"2025-08-27T17:29:34","guid":{"rendered":"https:\/\/roveyayinevi.com.tr\/index.php\/urun\/ali-cavide-karsi\/"},"modified":"2026-04-16T02:35:27","modified_gmt":"2026-04-15T23:35:27","slug":"ali-cavide-karsi","status":"publish","type":"product","link":"https:\/\/roveyayinevi.com.tr\/index.php\/urun\/ali-cavide-karsi\/","title":{"rendered":"Ali Cavid&#8217;e Kar\u015f\u0131"},"content":{"rendered":"<p>P-andemiye bilimle direnen bir \u00e7ocu\u011fun \u00f6yk\u00fcs\u00fc&#8230; Sevilen yazar \u0130rem U\u015far, C*OVID 19 pande*misiyle du\u0308nyaya yay\u0131lan k*orona virusu\u0308 bir c\u0327ocug\u0306un g\u00f6zu\u0308nden \u00f6yku\u0308les\u0327tiriyor. Bu olag\u0306anu\u0308stu\u0308 su\u0308rec\u0327ten birc\u0327ok ac\u0327\u0131dan olumsuz etkilenen c\u0327ocuklar\u0131 bilime yak\u0131nlas\u0327t\u0131rmay\u0131, bilim insan\u0131 olmaya heveslendirmeyi amac\u0327layan yazar, her yas\u0327tan okuruna umut dolu bir macera anlat\u0131yor. P-andemiyle birlikte okul ve aile yas\u0327a mi altu\u0308st olan bir c\u0327ocug\u0306un kes\u0327if yolculug\u0306u, yetis\u0327kinlerin c\u0327ocuklar\u0131n viru\u0308sle ilgili sordug\u0306u sorular\u0131 du\u0308ru\u0308stc\u0327e ve anlas\u0327\u0131l\u0131r bic\u0327imde yan\u0131tlamas\u0131na yard\u0131mc\u0131 olacak nitelikte. Tu\u0308rkiye\u2019nin 2021 ALMA (Astrid Lindgren Anma O\u0308du\u0308lu\u0308) aday\u0131 olan \u00f6du\u0308llu\u0308 sanatc\u0327\u0131 Huban Korman\u0131n renkli resimleriyle canlanan kitap, Prof. Dr. O\u0308nder Erg\u00f6nu\u0308l\u2019u\u0308n dan\u0131s\u0327manl\u0131g\u0306\u0131nda haz\u0131rland\u0131. Ali ve ailesinin yas\u0327a mi, pandemi nedeniyle c\u0327ok deg\u0306is\u0327mis\u0327tir. Ali uzaktan eg\u0306itimle cebelles\u0327mekte, sag\u0306l\u0131k c\u0327al\u0131s\u0327an\u0131 annesi ic\u0327in de kayg\u0131lanmaktad\u0131r. Aile, korunma o\u0308nlemlerini tam uygulasa da, aksi koms\u0327ular\u0131 Ku\u0308lyutmaz\u2019\u0131n dikkatsizlig\u0306i, Yas\u0327ar Nine\u2019nin viru\u0308s kapmas\u0131na neden olur. Hastaneye kald\u0131r\u0131lan ninesini c\u0327ok merak eden Ali, beklenmedik bir anda, C*OVID Cavid\u2019le kars\u0327\u0131las\u0327\u0131r. Onunla konus\u0327tukc\u0327a da, insan bedeniyle ilgili yepyeni bilgiler o\u0308g\u0306renir. Ninesi, bu o\u0308lu\u0308mcu\u0308l viru\u0308sle mu\u0308cadeleyi kazan\u0131p eve do\u0308necek midir?..<\/p>\n","protected":false},"excerpt":{"rendered":"<p>P-andemiye bilimle direnen bir \u00e7ocu\u011fun \u00f6yk\u00fcs\u00fc&#8230; Sevilen yazar \u0130rem U\u015far, C*OVID 19 pande*misiyle du\u0308nyaya yay\u0131lan k*orona virusu\u0308 bir c\u0327ocug\u0306un g\u00f6zu\u0308nden \u00f6yku\u0308les\u0327tiriyor. Bu olag\u0306anu\u0308stu\u0308 su\u0308rec\u0327ten birc\u0327ok ac\u0327\u0131dan<span class=\"excerpt-hellip\"> [\u2026]<\/span><\/p>\n","protected":false},"featured_media":0,"template":"","meta":{"_monsterinsights_skip_tracking":false,"_monsterinsights_sitenote_active":false,"_monsterinsights_sitenote_note":"","_monsterinsights_sitenote_category":0},"product_brand":[],"product_cat":[12275,12274],"product_tag":[],"class_list":{"0":"post-727853","1":"product","2":"type-product","3":"status-publish","5":"product_cat-6-12-yas-kitaplari","6":"product_cat-cocuk-ve-genclik-kitaplari","7":"pa_cilt-ciltsiz","8":"pa_tur-kitap","9":"pa_yayinevi-gunisigi-kitapligi","10":"pa_yazar-irem-usar","12":"first","13":"instock","14":"sale","15":"shipping-taxable","16":"purchasable","17":"product-type-simple"},"_links":{"self":[{"href":"https:\/\/roveyayinevi.com.tr\/index.php\/wp-json\/wp\/v2\/product\/727853","targetHints":{"allow":["GET"]}}],"collection":[{"href":"https:\/\/roveyayinevi.com.tr\/index.php\/wp-json\/wp\/v2\/product"}],"about":[{"href":"https:\/\/roveyayinevi.com.tr\/index.php\/wp-json\/wp\/v2\/types\/product"}],"wp:attachment":[{"href":"https:\/\/roveyayinevi.com.tr\/index.php\/wp-json\/wp\/v2\/media?parent=727853"}],"wp:term":[{"taxonomy":"product_brand","embeddable":true,"href":"https:\/\/roveyayinevi.com.tr\/index.php\/wp-json\/wp\/v2\/product_brand?post=727853"},{"taxonomy":"product_cat","embeddable":true,"href":"https:\/\/roveyayinevi.com.tr\/index.php\/wp-json\/wp\/v2\/product_cat?post=727853"},{"taxonomy":"product_tag","embeddable":true,"href":"https:\/\/roveyayinevi.com.tr\/index.php\/wp-json\/wp\/v2\/product_tag?post=727853"}],"curies":[{"name":"wp","href":"https:\/\/api.w.org\/{rel}","templated":true}]}}