{"id":727852,"date":"2025-08-27T20:29:33","date_gmt":"2025-08-27T17:29:33","guid":{"rendered":"https:\/\/roveyayinevi.com.tr\/index.php\/urun\/oya-ile-cografya\/"},"modified":"2025-12-30T10:35:14","modified_gmt":"2025-12-30T07:35:14","slug":"oya-ile-cografya","status":"publish","type":"product","link":"https:\/\/roveyayinevi.com.tr\/index.php\/urun\/oya-ile-cografya\/","title":{"rendered":"Oya \u0130le Co\u011frafya"},"content":{"rendered":"<p>\u201cAlt\u0131n \u00c7a\u011f\u201d olarak addedilen; \u0130sl\u00e2m Bilim K\u00fclt\u00fcr\u00fc\u2019n\u00fcn yakla\u015f\u0131k 800 y\u0131ll\u0131k yarat\u0131c\u0131 d\u00f6neminde Astronomi, T\u0131p, Matematik, Geometri, Optik, Fizik, Kimya, Madencilik, Mimarl\u0131k, Denizcilik gibi bir\u00e7ok alanda \u00f6nemli geli\u015fmeler kaydedilmi\u015f; \u00f6nemli bulu\u015flar ger\u00e7ekle\u015fmi\u015ftir. Co\u011frafya da bu alanlardan biridir. Kendi i\u00e7inde farkl\u0131 alanlarda geli\u015fme g\u00f6stermi\u015ftir. Bilhassa Matematik Co\u011frafya\u2019da yol kat edilmesinde; bu d\u00f6nemde ya\u015fam\u0131\u015f bilginlerin \u00f6zverili \u00e7al\u0131\u015fmalar\u0131 etkili olmu\u015ftur. T\u00fcm bilimlerde oldu\u011fu gibi Matematik Co\u011frafya da ihtiya\u00e7tan do\u011fmu\u015ftur\u2026 Bu kitapta \u201cCo\u011frafya Nedir?, Co\u011frafya\u2019n\u0131n Alt Dallar\u0131, Co\u011frafya Bilimi\u2019nin Geli\u015fimi, M\u00fcsl\u00fcman ve T\u00fcrk Bilginlerin Co\u011frafya Bilimi\u2019ne Katk\u0131lar\u0131\u201d konular\u0131n\u0131 i\u00e7erecek \u015fekilde kurgu olu\u015fturulmu\u015ftur. Kurgu kapsam\u0131nda bilgilerin daha somut, kal\u0131c\u0131; kitab\u0131n da daha ak\u0131c\u0131, e\u011flenceli ve s\u00fcr\u00fckleyici olmas\u0131 ama\u00e7lanm\u0131\u015ft\u0131r. Kahraman\u0131m\u0131z Oya, Co\u011frafya tarihinde k\u0131sa bir yolculuk yapmakta; \u00f6devini haz\u0131rlarken \u00f6\u011frendi\u011fi bilgileri, okuyucusuyla payla\u015fmaktad\u0131r. Kurgu sonunda \u201c\u015eifreyi \u00c7\u00f6z\u201d adl\u0131 bir bulmacaya ve \u201cEkler\u201d b\u00f6l\u00fcm\u00fcne yer verilmi\u015ftir\u2026<\/p>\n","protected":false},"excerpt":{"rendered":"<p>\u201cAlt\u0131n \u00c7a\u011f\u201d olarak addedilen; \u0130sl\u00e2m Bilim K\u00fclt\u00fcr\u00fc\u2019n\u00fcn yakla\u015f\u0131k 800 y\u0131ll\u0131k yarat\u0131c\u0131 d\u00f6neminde Astronomi, T\u0131p, Matematik, Geometri, Optik, Fizik, Kimya, Madencilik, Mimarl\u0131k, Denizcilik gibi bir\u00e7ok alanda \u00f6nemli<span class=\"excerpt-hellip\"> [\u2026]<\/span><\/p>\n","protected":false},"featured_media":0,"template":"","meta":{"_monsterinsights_skip_tracking":false,"_monsterinsights_sitenote_active":false,"_monsterinsights_sitenote_note":"","_monsterinsights_sitenote_category":0},"product_brand":[],"product_cat":[12274,15842],"product_tag":[],"class_list":{"0":"post-727852","1":"product","2":"type-product","3":"status-publish","5":"product_cat-cocuk-ve-genclik-kitaplari","6":"product_cat-egitici-kitaplar","7":"pa_cilt-ciltsiz","8":"pa_tur-kitap","9":"pa_yayinevi-kitap72-yayinlari","10":"pa_yazar-esila-tekkesin","12":"first","13":"instock","14":"sale","15":"shipping-taxable","16":"purchasable","17":"product-type-simple"},"_links":{"self":[{"href":"https:\/\/roveyayinevi.com.tr\/index.php\/wp-json\/wp\/v2\/product\/727852","targetHints":{"allow":["GET"]}}],"collection":[{"href":"https:\/\/roveyayinevi.com.tr\/index.php\/wp-json\/wp\/v2\/product"}],"about":[{"href":"https:\/\/roveyayinevi.com.tr\/index.php\/wp-json\/wp\/v2\/types\/product"}],"wp:attachment":[{"href":"https:\/\/roveyayinevi.com.tr\/index.php\/wp-json\/wp\/v2\/media?parent=727852"}],"wp:term":[{"taxonomy":"product_brand","embeddable":true,"href":"https:\/\/roveyayinevi.com.tr\/index.php\/wp-json\/wp\/v2\/product_brand?post=727852"},{"taxonomy":"product_cat","embeddable":true,"href":"https:\/\/roveyayinevi.com.tr\/index.php\/wp-json\/wp\/v2\/product_cat?post=727852"},{"taxonomy":"product_tag","embeddable":true,"href":"https:\/\/roveyayinevi.com.tr\/index.php\/wp-json\/wp\/v2\/product_tag?post=727852"}],"curies":[{"name":"wp","href":"https:\/\/api.w.org\/{rel}","templated":true}]}}