{"id":727850,"date":"2025-08-27T20:29:32","date_gmt":"2025-08-27T17:29:32","guid":{"rendered":"https:\/\/roveyayinevi.com.tr\/index.php\/urun\/21-yuzyilda-jeostrateji-ve-turkiye\/"},"modified":"2026-04-16T02:35:27","modified_gmt":"2026-04-15T23:35:27","slug":"21-yuzyilda-jeostrateji-ve-turkiye","status":"publish","type":"product","link":"https:\/\/roveyayinevi.com.tr\/index.php\/urun\/21-yuzyilda-jeostrateji-ve-turkiye\/","title":{"rendered":"21. Y\u00fczy\u0131lda Jeostrateji ve T\u00fcrkiye"},"content":{"rendered":"<p>Amerika\u2019n\u0131n \u0130kinci D\u00fcnya Sava\u015f\u0131\u2019ndan sonra kurdu\u011fu liberal ekonomiyi esas alan d\u00fcnya d\u00fczeni ve Amerikan liderli\u011fi tehlikededir. Amerika, k\u00fcresel inisiyatifi giderek kaybetmektedir.ABD ile \u00c7in aras\u0131ndaki k\u00fcresel liderlik m\u00fccadelesi giderek k\u0131z\u0131\u015facakt\u0131r. Co\u011frafi konumu ile Afro Avrasya\u2019n\u0131n (D\u00fcnya Adas\u0131\u2019 n\u0131n) tam merkezinde yer alan T\u00fcrkiye, bu m\u00fccadeleden ve de\u011fi\u015fimden mutlaka etkilenecektir. K\u00fcresel de\u011fi\u015fim, uzun bir s\u00fcre\u00e7tir ve T\u00fcrkiye i\u00e7in zorlu ge\u00e7ecektir.K\u00fcresel de\u011fi\u015fim, \u0130kinci D\u00fcnya Sava\u015f\u0131\u2019ndan sonra Atlantik yap\u0131s\u0131n\u0131n i\u00e7inde yer alan T\u00fcrkiye i\u00e7in yeni tehditlere neden olacak, yeni f\u0131rsatlar ortaya \u00e7\u0131karacakt\u0131r. T\u00fcrkiye\u2019nin k\u00fcresel g\u00fc\u00e7 m\u00fccadelesini ve de\u011fi\u015fimini iyi takip etmesi, kurulmakta olan yeni d\u00fcnya d\u00fczeni, yeni tehditler ve f\u0131rsatlar i\u00e7in haz\u0131rl\u0131k yapmas\u0131, yeni jeopolitik kimli\u011fini tan\u0131mlamaya haz\u0131r olmas\u0131 gerekmektedir.Bu uzun ve zorlu s\u00fcre\u00e7 i\u00e7in asli cephe i\u00e7 cephenin g\u00fc\u00e7l\u00fc tutulmas\u0131 \u015fartt\u0131r.<\/p>\n","protected":false},"excerpt":{"rendered":"<p>Amerika\u2019n\u0131n \u0130kinci D\u00fcnya Sava\u015f\u0131\u2019ndan sonra kurdu\u011fu liberal ekonomiyi esas alan d\u00fcnya d\u00fczeni ve Amerikan liderli\u011fi tehlikededir. Amerika, k\u00fcresel inisiyatifi giderek kaybetmektedir.ABD ile \u00c7in aras\u0131ndaki k\u00fcresel liderlik<span class=\"excerpt-hellip\"> [\u2026]<\/span><\/p>\n","protected":false},"featured_media":0,"template":"","meta":{"_monsterinsights_skip_tracking":false,"_monsterinsights_sitenote_active":false,"_monsterinsights_sitenote_note":"","_monsterinsights_sitenote_category":0},"product_brand":[],"product_cat":[12312,12304],"product_tag":[],"class_list":{"0":"post-727850","1":"product","2":"type-product","3":"status-publish","5":"product_cat-diger","6":"product_cat-tarih","7":"pa_cilt-ciltsiz","8":"pa_tur-kitap","9":"pa_yayinevi-pankus-yayinlari","10":"pa_yazar-nejat-eslen","12":"first","13":"instock","14":"sale","15":"shipping-taxable","16":"purchasable","17":"product-type-simple"},"_links":{"self":[{"href":"https:\/\/roveyayinevi.com.tr\/index.php\/wp-json\/wp\/v2\/product\/727850","targetHints":{"allow":["GET"]}}],"collection":[{"href":"https:\/\/roveyayinevi.com.tr\/index.php\/wp-json\/wp\/v2\/product"}],"about":[{"href":"https:\/\/roveyayinevi.com.tr\/index.php\/wp-json\/wp\/v2\/types\/product"}],"wp:attachment":[{"href":"https:\/\/roveyayinevi.com.tr\/index.php\/wp-json\/wp\/v2\/media?parent=727850"}],"wp:term":[{"taxonomy":"product_brand","embeddable":true,"href":"https:\/\/roveyayinevi.com.tr\/index.php\/wp-json\/wp\/v2\/product_brand?post=727850"},{"taxonomy":"product_cat","embeddable":true,"href":"https:\/\/roveyayinevi.com.tr\/index.php\/wp-json\/wp\/v2\/product_cat?post=727850"},{"taxonomy":"product_tag","embeddable":true,"href":"https:\/\/roveyayinevi.com.tr\/index.php\/wp-json\/wp\/v2\/product_tag?post=727850"}],"curies":[{"name":"wp","href":"https:\/\/api.w.org\/{rel}","templated":true}]}}