{"id":727849,"date":"2025-08-27T20:29:31","date_gmt":"2025-08-27T17:29:31","guid":{"rendered":"https:\/\/roveyayinevi.com.tr\/index.php\/urun\/mavi-vatanin-guney-cephesi-dogu-akdeniz\/"},"modified":"2026-04-16T02:35:27","modified_gmt":"2026-04-15T23:35:27","slug":"mavi-vatanin-guney-cephesi-dogu-akdeniz","status":"publish","type":"product","link":"https:\/\/roveyayinevi.com.tr\/index.php\/urun\/mavi-vatanin-guney-cephesi-dogu-akdeniz\/","title":{"rendered":"Mavi Vatan\u2019\u0131n G\u00fcney Cephesi: Do\u011fu Akdeniz"},"content":{"rendered":"<p>Mavi Vatan Doktrini kuramc\u0131s\u0131 ve Mavi Vatan kavram\u0131n\u0131n isim babas\u0131 Amiral Cem G\u00fcrdeniz; \u2018Mavi Vatan\u0131n G\u00fcney Cephesi Do\u011fu Akdeniz\u2019 kitab\u0131 ile \u00f6zellikle son d\u00f6nemde T\u00fcrkiye g\u00fcndemine tekrar oturan Do\u011fu Akdeniz\u2019in tarihsel, jeostratejik ve jeopolitik boyutlarda derinli\u011fini t\u00fcm y\u00f6nleriyle ortaya koyuyor. G\u00fcrdeniz, Ege ve Do\u011fu Akdeniz\u2019de Mavi Vatan\u0131m\u0131zdan yakla\u015f\u0131k 200 bin km\u00b2 lik bir alan\u0131n \u00e7al\u0131nmak istenmesinin \u0130kinci Sevr oldu\u011fundan yola \u00e7\u0131karak ve Mustafa Kemal Atat\u00fcrk\u2019\u00fcn \u201c\u0130lk hedefiniz Akdeniz\u2019dir.\u201d direktifinden hareketle; d\u00fcnden bug\u00fcne ve yar\u0131n\u0131m\u0131za \u0131\u015f\u0131k tutan \u2018Mavi Vatan Doktrini\u2019nin ayr\u0131nt\u0131lar\u0131n\u0131 okuyucunun g\u00f6zleri \u00f6n\u00fcne seriyor.\u201c1920\u2019lerde yenilmi\u015f ve i\u015fgale u\u011fram\u0131\u015f bir imparatorluk kal\u0131nt\u0131s\u0131 \u00fczerinde ana vatan\u0131n\u0131 koruma ve Sevr\u2019i y\u0131rt\u0131p atma g\u00fcd\u00fcs\u00fc ile k\u0131sa s\u00fcre i\u00e7inde kurtulu\u015f ve kurulu\u015fu ba\u015faran T\u00fcrk Ulusu, 21. y\u00fczy\u0131lda Ege ve Do\u011fu Akdeniz\u2019deki \u2018Mavi Vatan \u0130\u015fgal Te\u015febb\u00fcs\u00fc\u2019n\u00fc def etmelidir. Bu ancak partiler \u00fcst\u00fc milli bir konsens\u00fcs ile ger\u00e7ekle\u015febilir. Bug\u00fcn Mavi Vatan bir doktrin olarak haz\u0131rd\u0131r. Ancak h\u00fck\u00fcmet, muhalefet ve parlamento marifetiyle askeri, diplomatik ve ekonomik alt stratejilerle desteklenmesi ve t\u00fcm bunlar\u0131n uzun erimli bir siyasa belgesi ile sonu\u00e7land\u0131r\u0131lmas\u0131 gerekir. Mavi Vatan Doktrini g\u00fcnl\u00fck kararlar \u00fczerinden de\u011fil, milli g\u00fcvenlik siyaset belgesi g\u00fcc\u00fcnde kurumsal bir rehber ile uygulanmal\u0131d\u0131r. 100 y\u0131l sonra denizde kar\u015f\u0131 kar\u015f\u0131ya kald\u0131\u011f\u0131m\u0131z \u0130kinci Sevr belas\u0131 ancak toplumsal mutabakat, birlik ve beraberlikle y\u0131rt\u0131p at\u0131labilir.\u201d<\/p>\n","protected":false},"excerpt":{"rendered":"<p>Mavi Vatan Doktrini kuramc\u0131s\u0131 ve Mavi Vatan kavram\u0131n\u0131n isim babas\u0131 Amiral Cem G\u00fcrdeniz; \u2018Mavi Vatan\u0131n G\u00fcney Cephesi Do\u011fu Akdeniz\u2019 kitab\u0131 ile \u00f6zellikle son d\u00f6nemde T\u00fcrkiye g\u00fcndemine<span class=\"excerpt-hellip\"> [\u2026]<\/span><\/p>\n","protected":false},"featured_media":0,"template":"","meta":{"_monsterinsights_skip_tracking":false,"_monsterinsights_sitenote_active":false,"_monsterinsights_sitenote_note":"","_monsterinsights_sitenote_category":0},"product_brand":[],"product_cat":[12370,12304],"product_tag":[],"class_list":{"0":"post-727849","1":"product","2":"type-product","3":"status-publish","5":"product_cat-arastirma-inceleme","6":"product_cat-tarih","7":"pa_cilt-ciltsiz","8":"pa_tur-kitap","9":"pa_yayinevi-pankus-yayinlari","10":"pa_yazar-cem-gurdeniz","12":"first","13":"instock","14":"sale","15":"shipping-taxable","16":"purchasable","17":"product-type-simple"},"_links":{"self":[{"href":"https:\/\/roveyayinevi.com.tr\/index.php\/wp-json\/wp\/v2\/product\/727849","targetHints":{"allow":["GET"]}}],"collection":[{"href":"https:\/\/roveyayinevi.com.tr\/index.php\/wp-json\/wp\/v2\/product"}],"about":[{"href":"https:\/\/roveyayinevi.com.tr\/index.php\/wp-json\/wp\/v2\/types\/product"}],"wp:attachment":[{"href":"https:\/\/roveyayinevi.com.tr\/index.php\/wp-json\/wp\/v2\/media?parent=727849"}],"wp:term":[{"taxonomy":"product_brand","embeddable":true,"href":"https:\/\/roveyayinevi.com.tr\/index.php\/wp-json\/wp\/v2\/product_brand?post=727849"},{"taxonomy":"product_cat","embeddable":true,"href":"https:\/\/roveyayinevi.com.tr\/index.php\/wp-json\/wp\/v2\/product_cat?post=727849"},{"taxonomy":"product_tag","embeddable":true,"href":"https:\/\/roveyayinevi.com.tr\/index.php\/wp-json\/wp\/v2\/product_tag?post=727849"}],"curies":[{"name":"wp","href":"https:\/\/api.w.org\/{rel}","templated":true}]}}