{"id":727847,"date":"2025-08-27T20:29:29","date_gmt":"2025-08-27T17:29:29","guid":{"rendered":"https:\/\/roveyayinevi.com.tr\/index.php\/urun\/aylaklar-icin-bir-savunu\/"},"modified":"2026-04-16T02:35:27","modified_gmt":"2026-04-15T23:35:27","slug":"aylaklar-icin-bir-savunu","status":"publish","type":"product","link":"https:\/\/roveyayinevi.com.tr\/index.php\/urun\/aylaklar-icin-bir-savunu\/","title":{"rendered":"Aylaklar \u0130\u00e7in Bir Savunu"},"content":{"rendered":"<p>Bu kitapta Robert Louis Stevenson&#8217;\u0131n \u00e7al\u0131\u015fma eti\u011fini reddedip hayat\u0131n (g\u00fclmek, yiyip, i\u00e7mek ve a\u00e7\u0131k havda yat\u0131p uzanmak gibi) basit zevklerinin tad\u0131n\u0131 \u00e7\u0131karmay\u0131 te\u015fvik eden, hem mizahi hem de ufuk a\u00e7\u0131c\u0131 denemesini, ona ek olarak da yazar\u0131n ya\u015flanmaya, naho\u015f mekanlar\u0131 ziyaret etmeye, a\u015f\u0131k olmaya ve benzeri konalra dair yaz\u0131lar\u0131n\u0131 bulacaks\u0131n\u0131z.Tarih boyunca baz\u0131 kitaplar d\u00fcnyay\u0131 de\u011fi\u015ftirdi. Bununla kalmay\u0131p bizleri ve birbirimizi g\u00f6rme bi\u00e7imimizi etkiledi. O kitaplar ki tart\u0131\u015fmalar\u0131, muhalif fikirlere, sava\u015f ve devrimlere esin kayna\u011f\u0131 oldular. Ayd\u0131nlatt\u0131lar, harekete ge\u00e7irdiler, k\u0131\u015fk\u0131rtt\u0131lar, teselli ettiler. Ya\u015fam\u0131m\u0131z\u0131 zenginle\u015ftirdiler ve bizleri ayr\u0131 ayr\u0131 kendi ya\u015famlar\u0131m\u0131z\u0131 sorgulamaya y\u00f6nelttiler Kafka Kitap, &#8221;B\u00fcy\u00fck Fikirler&#8221; dizisiyle sizlere uygarl\u0131\u011f\u0131 sarsan, insanl\u0131k tarhine y\u00f6n veren ve kendimizi ke\u015ffetmemize yard\u0131m eden fikirleriyle; b\u00fcy\u00fck d\u00fc\u015f\u00fcn\u00fcrlerin, \u00e7\u0131\u011f\u0131r a\u00e7anlar\u0131n, radikallerin ve ileriyi g\u00f6renlerin eserlerini sunuyor.<\/p>\n","protected":false},"excerpt":{"rendered":"<p>Bu kitapta Robert Louis Stevenson&#8217;\u0131n \u00e7al\u0131\u015fma eti\u011fini reddedip hayat\u0131n (g\u00fclmek, yiyip, i\u00e7mek ve a\u00e7\u0131k havda yat\u0131p uzanmak gibi) basit zevklerinin tad\u0131n\u0131 \u00e7\u0131karmay\u0131 te\u015fvik eden, hem mizahi<span class=\"excerpt-hellip\"> [\u2026]<\/span><\/p>\n","protected":false},"featured_media":0,"template":"","meta":{"_monsterinsights_skip_tracking":false,"_monsterinsights_sitenote_active":false,"_monsterinsights_sitenote_note":"","_monsterinsights_sitenote_category":0},"product_brand":[],"product_cat":[12291,12711],"product_tag":[],"class_list":{"0":"post-727847","1":"product","2":"type-product","3":"status-publish","5":"product_cat-edebiyat","6":"product_cat-roman-oyku","7":"pa_cilt-ciltsiz","8":"pa_tur-kitap","9":"pa_yayinevi-kafka-yayinevi","10":"pa_yazar-robert-louis-stevenson","12":"first","13":"instock","14":"sale","15":"shipping-taxable","16":"purchasable","17":"product-type-simple"},"_links":{"self":[{"href":"https:\/\/roveyayinevi.com.tr\/index.php\/wp-json\/wp\/v2\/product\/727847","targetHints":{"allow":["GET"]}}],"collection":[{"href":"https:\/\/roveyayinevi.com.tr\/index.php\/wp-json\/wp\/v2\/product"}],"about":[{"href":"https:\/\/roveyayinevi.com.tr\/index.php\/wp-json\/wp\/v2\/types\/product"}],"wp:attachment":[{"href":"https:\/\/roveyayinevi.com.tr\/index.php\/wp-json\/wp\/v2\/media?parent=727847"}],"wp:term":[{"taxonomy":"product_brand","embeddable":true,"href":"https:\/\/roveyayinevi.com.tr\/index.php\/wp-json\/wp\/v2\/product_brand?post=727847"},{"taxonomy":"product_cat","embeddable":true,"href":"https:\/\/roveyayinevi.com.tr\/index.php\/wp-json\/wp\/v2\/product_cat?post=727847"},{"taxonomy":"product_tag","embeddable":true,"href":"https:\/\/roveyayinevi.com.tr\/index.php\/wp-json\/wp\/v2\/product_tag?post=727847"}],"curies":[{"name":"wp","href":"https:\/\/api.w.org\/{rel}","templated":true}]}}