{"id":727842,"date":"2025-08-27T20:29:25","date_gmt":"2025-08-27T17:29:25","guid":{"rendered":"https:\/\/roveyayinevi.com.tr\/index.php\/urun\/ozel-egitim-ve-kaynastirma-2\/"},"modified":"2026-04-16T02:35:27","modified_gmt":"2026-04-15T23:35:27","slug":"ozel-egitim-ve-kaynastirma-2","status":"publish","type":"product","link":"https:\/\/roveyayinevi.com.tr\/index.php\/urun\/ozel-egitim-ve-kaynastirma-2\/","title":{"rendered":"\u00d6zel E\u011fitim ve Kayna\u015ft\u0131rma"},"content":{"rendered":"<p>Bu kitap, \u00f6\u011fretmen adaylar\u0131n\u0131n \u00f6zel e\u011fitim alan\u0131nda bilgi ve becerilerini desteklemek, \u00fclkemizde genel e\u011fitim okullar\u0131nda y\u00fcr\u00fct\u00fclen \u00f6zel e\u011fitim hizmetlerine katk\u0131da bulunmak amac\u0131yla haz\u0131rlanm\u0131\u015ft\u0131r.Kitap on iki b\u00f6l\u00fcmden olu\u015fmaktad\u0131r. Kitab\u0131n haz\u0131rlanmas\u0131nda bir\u00e7ok uzman g\u00f6rev alm\u0131\u015f ve \u00f6\u011fretmen adaylar\u0131, \u00f6\u011fretmenler ve ailelerin fayda sa\u011flayabilece\u011fi \u015fekilde g\u00fcncel geli\u015fme ve yasal d\u00fczenlemeler dikkate al\u0131narak haz\u0131rlanm\u0131\u015ft\u0131r.<\/p>\n","protected":false},"excerpt":{"rendered":"<p>Bu kitap, \u00f6\u011fretmen adaylar\u0131n\u0131n \u00f6zel e\u011fitim alan\u0131nda bilgi ve becerilerini desteklemek, \u00fclkemizde genel e\u011fitim okullar\u0131nda y\u00fcr\u00fct\u00fclen \u00f6zel e\u011fitim hizmetlerine katk\u0131da bulunmak amac\u0131yla haz\u0131rlanm\u0131\u015ft\u0131r.Kitap on iki b\u00f6l\u00fcmden<span class=\"excerpt-hellip\"> [\u2026]<\/span><\/p>\n","protected":false},"featured_media":0,"template":"","meta":{"_monsterinsights_skip_tracking":false,"_monsterinsights_sitenote_active":false,"_monsterinsights_sitenote_note":"","_monsterinsights_sitenote_category":0},"product_brand":[],"product_cat":[12573,12566],"product_tag":[],"class_list":{"0":"post-727842","1":"product","2":"type-product","3":"status-publish","5":"product_cat-akademik-kitaplar","6":"product_cat-egitim","7":"pa_cilt-ciltsiz","8":"pa_tur-kitap","9":"pa_yayinevi-egiten-kitap","10":"pa_yazar-egiten-kitap-kolektif","12":"first","13":"instock","14":"sale","15":"shipping-taxable","16":"purchasable","17":"product-type-simple"},"_links":{"self":[{"href":"https:\/\/roveyayinevi.com.tr\/index.php\/wp-json\/wp\/v2\/product\/727842","targetHints":{"allow":["GET"]}}],"collection":[{"href":"https:\/\/roveyayinevi.com.tr\/index.php\/wp-json\/wp\/v2\/product"}],"about":[{"href":"https:\/\/roveyayinevi.com.tr\/index.php\/wp-json\/wp\/v2\/types\/product"}],"wp:attachment":[{"href":"https:\/\/roveyayinevi.com.tr\/index.php\/wp-json\/wp\/v2\/media?parent=727842"}],"wp:term":[{"taxonomy":"product_brand","embeddable":true,"href":"https:\/\/roveyayinevi.com.tr\/index.php\/wp-json\/wp\/v2\/product_brand?post=727842"},{"taxonomy":"product_cat","embeddable":true,"href":"https:\/\/roveyayinevi.com.tr\/index.php\/wp-json\/wp\/v2\/product_cat?post=727842"},{"taxonomy":"product_tag","embeddable":true,"href":"https:\/\/roveyayinevi.com.tr\/index.php\/wp-json\/wp\/v2\/product_tag?post=727842"}],"curies":[{"name":"wp","href":"https:\/\/api.w.org\/{rel}","templated":true}]}}