{"id":727840,"date":"2025-08-27T20:29:24","date_gmt":"2025-08-27T17:29:24","guid":{"rendered":"https:\/\/roveyayinevi.com.tr\/index.php\/urun\/hastanelerde-maliyet-analizi-modellemesi-ve-maliyet-azaltilmasi\/"},"modified":"2026-04-16T02:35:27","modified_gmt":"2026-04-15T23:35:27","slug":"hastanelerde-maliyet-analizi-modellemesi-ve-maliyet-azaltilmasi","status":"publish","type":"product","link":"https:\/\/roveyayinevi.com.tr\/index.php\/urun\/hastanelerde-maliyet-analizi-modellemesi-ve-maliyet-azaltilmasi\/","title":{"rendered":"Hastanelerde Maliyet Analizi Modellemesi ve Maliyet Azalt\u0131lmas\u0131"},"content":{"rendered":"<p>Hastane faaliyetleri do\u011fas\u0131 gere\u011fi \u00e7ok \u00fcr\u00fcnl\u00fcd\u00fcr. Bu ise hastane \u00e7\u0131kt\u0131lar\u0131n\u0131n maliyet analizlerinin belirlenmesinde ve tahmin edilmesinde \u00e7e\u015fitli zorluklar\u0131 beraberinde getirmektedir. G\u00fcn\u00fcm\u00fcz hastaneleri i\u00e7in girdi, s\u00fcre\u00e7 ve \u00e7\u0131kt\u0131 boyutlar\u0131n\u0131 da dikkate alarak \u00fcr\u00fcnlerin maliyetlerini analiz etmek i\u00e7in \u00e7e\u015fitli maliyet sistemleri kullan\u0131lmaktad\u0131r. \u00dcr\u00fcne y\u00f6nelik maliyete ula\u015fmada \u00e7\u0131kt\u0131ya do\u011frudan y\u00fcklenebilecek maliyetler nispeten analiz s\u00fcrecini kolayla\u015ft\u0131r\u0131rken, genel \u00fcretim maliyetleri olarak adland\u0131rd\u0131\u011f\u0131m\u0131z maliyet unsurlar\u0131n\u0131n \u00fcr\u00fcn i\u00e7erisindeki pay\u0131n\u0131 isabetli olarak bulmak daha zorlu \u00e7aba ve s\u00fcre\u00e7leri gerektirmektedir. Bu kitap bir yandan hastane maliyet analizine genel bir bak\u0131\u015f ve a\u00e7\u0131klama getirmeyi ama\u00e7larken, di\u011fer yandan yukar\u0131da ifade edilen zorlu s\u00fcrece y\u00f6nelik bir modellemeyi i\u015flemektedir.Bu kitaptaki maliyet modellemesi genel bir hastanede ger\u00e7ekle\u015ftirilen maliyet analizi \u00e7al\u0131\u015fmas\u0131na dayanmaktad\u0131r. Bu \u00e7al\u0131\u015fman\u0131n ard\u0131ndaki fikir, maliyet analizinin ger\u00e7ekle\u015ftirilmesine y\u00f6nelik sa\u011fl\u0131k kurumlar\u0131n\u0131n karma\u015f\u0131k yap\u0131 ve i\u015fleyi\u015finin neden oldu\u011fu zorluklar\u0131n \u00fcstesinden gelecek yal\u0131n bir model ortaya koymakt\u0131r.<\/p>\n","protected":false},"excerpt":{"rendered":"<p>Hastane faaliyetleri do\u011fas\u0131 gere\u011fi \u00e7ok \u00fcr\u00fcnl\u00fcd\u00fcr. Bu ise hastane \u00e7\u0131kt\u0131lar\u0131n\u0131n maliyet analizlerinin belirlenmesinde ve tahmin edilmesinde \u00e7e\u015fitli zorluklar\u0131 beraberinde getirmektedir. G\u00fcn\u00fcm\u00fcz hastaneleri i\u00e7in girdi, s\u00fcre\u00e7 ve<span class=\"excerpt-hellip\"> [\u2026]<\/span><\/p>\n","protected":false},"featured_media":0,"template":"","meta":{"_monsterinsights_skip_tracking":false,"_monsterinsights_sitenote_active":false,"_monsterinsights_sitenote_note":"","_monsterinsights_sitenote_category":0},"product_brand":[],"product_cat":[12573,12566],"product_tag":[],"class_list":{"0":"post-727840","1":"product","2":"type-product","3":"status-publish","5":"product_cat-akademik-kitaplar","6":"product_cat-egitim","7":"pa_cilt-ciltsiz","8":"pa_tur-kitap","9":"pa_yayinevi-egiten-kitap","10":"pa_yazar-tuncay-palteki","12":"first","13":"instock","14":"sale","15":"shipping-taxable","16":"purchasable","17":"product-type-simple"},"_links":{"self":[{"href":"https:\/\/roveyayinevi.com.tr\/index.php\/wp-json\/wp\/v2\/product\/727840","targetHints":{"allow":["GET"]}}],"collection":[{"href":"https:\/\/roveyayinevi.com.tr\/index.php\/wp-json\/wp\/v2\/product"}],"about":[{"href":"https:\/\/roveyayinevi.com.tr\/index.php\/wp-json\/wp\/v2\/types\/product"}],"wp:attachment":[{"href":"https:\/\/roveyayinevi.com.tr\/index.php\/wp-json\/wp\/v2\/media?parent=727840"}],"wp:term":[{"taxonomy":"product_brand","embeddable":true,"href":"https:\/\/roveyayinevi.com.tr\/index.php\/wp-json\/wp\/v2\/product_brand?post=727840"},{"taxonomy":"product_cat","embeddable":true,"href":"https:\/\/roveyayinevi.com.tr\/index.php\/wp-json\/wp\/v2\/product_cat?post=727840"},{"taxonomy":"product_tag","embeddable":true,"href":"https:\/\/roveyayinevi.com.tr\/index.php\/wp-json\/wp\/v2\/product_tag?post=727840"}],"curies":[{"name":"wp","href":"https:\/\/api.w.org\/{rel}","templated":true}]}}