{"id":727839,"date":"2025-08-27T20:29:23","date_gmt":"2025-08-27T17:29:23","guid":{"rendered":"https:\/\/roveyayinevi.com.tr\/index.php\/urun\/ailelere-ev-ici-guvenlik-becerilerinin-ogretimi-el-kitabi\/"},"modified":"2026-04-16T02:35:27","modified_gmt":"2026-04-15T23:35:27","slug":"ailelere-ev-ici-guvenlik-becerilerinin-ogretimi-el-kitabi","status":"publish","type":"product","link":"https:\/\/roveyayinevi.com.tr\/index.php\/urun\/ailelere-ev-ici-guvenlik-becerilerinin-ogretimi-el-kitabi\/","title":{"rendered":"Ailelere Ev \u0130\u00e7i G\u00fcvenlik Becerilerinin \u00d6\u011fretimi El Kitab\u0131"},"content":{"rendered":"<p>D\u00fcnyada her g\u00fcn binlerce \u00e7ocuk \u00f6nlenebilir nedenlerle ya\u015fam\u0131n\u0131 yitirmektedir. \u00d6nlenebilir nedenlerin ba\u015f\u0131nda ise ev kazalar\u0131 gelmektedir. Ev kazalar\u0131 \u00f6nemli bir halk sa\u011fl\u0131\u011f\u0131 sorunu olmakla birlikte kazan\u0131n \u00f6ng\u00f6r\u00fclemeyece\u011fi ve \u00f6nlenemeyece\u011fine ili\u015fkin yanl\u0131\u015f inan\u0131\u015flar ve ailelerin kazadan korunmayla ilgili bilgi d\u00fczeyinin yetersiz olmas\u0131 kazalar\u0131n \u00f6nlenmesinde engel olu\u015fturmaktad\u0131r. Ailelerin ev i\u00e7i g\u00fcvenli\u011fe ili\u015fkin bilgilendirilmesi ve ev i\u00e7i g\u00fcvenlik becerilerini g\u00fcnl\u00fck \u00f6\u011fretim f\u0131rsatlar\u0131n\u0131 kullanarak \u00e7ocuklar\u0131na \u00f6\u011fretmesi kazalar\u0131n \u00f6nlenmesinde son derece \u00f6nemli ve etkin bir ad\u0131m olacakt\u0131r.Bu kitapta; ailelere evde olu\u015fabilecek risklerden ve al\u0131nmas\u0131 gereken \u00f6nlemlerden, g\u00fcvenlik becerilerine y\u00f6nelik \u00e7ocuklar\u0131yla nas\u0131l bir \u00f6\u011fretim planlay\u0131p uygulayacaklar\u0131ndan bahsedilmektedir. Ayr\u0131ca y\u00fcksek risk grubunda yer alan OSB olan \u00e7ocuklar\u0131n ev kazalar\u0131ndan korunmas\u0131na y\u00f6nelik ailelerin fark\u0131ndal\u0131klar\u0131n\u0131n artt\u0131r\u0131lmas\u0131nda, ailelerin g\u00fcvenlik becerilerinin \u00f6\u011fretiminde e\u011fitici rol \u00fcstlenmelerinde ve geli\u015fimsel yetersizli\u011fi olan \u00e7ocuklar\u0131n yan\u0131 s\u0131ra tipik geli\u015fen \u00e7ocuklar\u0131n ailelerine ve bu ailelerle \u00e7al\u0131\u015fan uzmanlara da yol g\u00f6sterici olmas\u0131 umulmaktad\u0131r.<\/p>\n","protected":false},"excerpt":{"rendered":"<p>D\u00fcnyada her g\u00fcn binlerce \u00e7ocuk \u00f6nlenebilir nedenlerle ya\u015fam\u0131n\u0131 yitirmektedir. \u00d6nlenebilir nedenlerin ba\u015f\u0131nda ise ev kazalar\u0131 gelmektedir. Ev kazalar\u0131 \u00f6nemli bir halk sa\u011fl\u0131\u011f\u0131 sorunu olmakla birlikte kazan\u0131n<span class=\"excerpt-hellip\"> [\u2026]<\/span><\/p>\n","protected":false},"featured_media":0,"template":"","meta":{"_monsterinsights_skip_tracking":false,"_monsterinsights_sitenote_active":false,"_monsterinsights_sitenote_note":"","_monsterinsights_sitenote_category":0},"product_brand":[],"product_cat":[12573,12566],"product_tag":[],"class_list":{"0":"post-727839","1":"product","2":"type-product","3":"status-publish","5":"product_cat-akademik-kitaplar","6":"product_cat-egitim","7":"pa_cilt-ciltsiz","8":"pa_tur-kitap","9":"pa_yayinevi-egiten-kitap","10":"pa_yazar-candan-hasret-sahin-aysun-colak","12":"first","13":"instock","14":"sale","15":"shipping-taxable","16":"purchasable","17":"product-type-simple"},"_links":{"self":[{"href":"https:\/\/roveyayinevi.com.tr\/index.php\/wp-json\/wp\/v2\/product\/727839","targetHints":{"allow":["GET"]}}],"collection":[{"href":"https:\/\/roveyayinevi.com.tr\/index.php\/wp-json\/wp\/v2\/product"}],"about":[{"href":"https:\/\/roveyayinevi.com.tr\/index.php\/wp-json\/wp\/v2\/types\/product"}],"wp:attachment":[{"href":"https:\/\/roveyayinevi.com.tr\/index.php\/wp-json\/wp\/v2\/media?parent=727839"}],"wp:term":[{"taxonomy":"product_brand","embeddable":true,"href":"https:\/\/roveyayinevi.com.tr\/index.php\/wp-json\/wp\/v2\/product_brand?post=727839"},{"taxonomy":"product_cat","embeddable":true,"href":"https:\/\/roveyayinevi.com.tr\/index.php\/wp-json\/wp\/v2\/product_cat?post=727839"},{"taxonomy":"product_tag","embeddable":true,"href":"https:\/\/roveyayinevi.com.tr\/index.php\/wp-json\/wp\/v2\/product_tag?post=727839"}],"curies":[{"name":"wp","href":"https:\/\/api.w.org\/{rel}","templated":true}]}}