{"id":727838,"date":"2025-08-27T20:29:22","date_gmt":"2025-08-27T17:29:22","guid":{"rendered":"https:\/\/roveyayinevi.com.tr\/index.php\/urun\/0-36-aylik-cocuklarla-calisan-egitimciler-icin-el-kitabi\/"},"modified":"2026-04-16T02:35:27","modified_gmt":"2026-04-15T23:35:27","slug":"0-36-aylik-cocuklarla-calisan-egitimciler-icin-el-kitabi","status":"publish","type":"product","link":"https:\/\/roveyayinevi.com.tr\/index.php\/urun\/0-36-aylik-cocuklarla-calisan-egitimciler-icin-el-kitabi\/","title":{"rendered":"0-36 Ayl\u0131k \u00c7ocuklarla \u00c7al\u0131\u015fan E\u011fitimciler \u0130\u00e7in El Kitab\u0131"},"content":{"rendered":"<p>Yeni dogan bir bebek i\u00e7in d\u00fcnya inan\u0131lmaz bir yerdir. D\u00fcnyadaki her sey bebek i\u00e7in kesfedilmeyi beklemektedir. Hayatlar\u0131 boyunca en \u00e7ok seyi \u00f6grenebildikleri y\u0131llar olan ilk birka\u00e7 y\u0131l \u00e7ocuga sunulan profesyonel ve nitelikli egitim \u00e7ocugun gelisiminde \u00f6nemlidir. Eldeki t\u00fcm olanaklar kullan\u0131larak gereksinimleri kars\u0131lanmas\u0131 gereken bebeklerin ve y\u00fcr\u00fcme \u00e7ag\u0131ndaki \u00e7ocuklar\u0131n bak\u0131m\u0131ndan sorumlu olan kisiler onlar\u0131n d\u00fcnyay\u0131 kesfetmelerinde \u00e7ok \u00f6nemli birer sorumluluga sahiptirler. Sadece \u00e7al\u0131san ebeveynlere yard\u0131mc\u0131 olmay\u0131p ayn\u0131 zamanda \u00e7ocugun t\u00fcm gelisim alanlar\u0131n\u0131n dengeli bir bi\u00e7imde desteklenmesini saglayan, ileri ki egitim basamaklar\u0131na haz\u0131rlayan ve aileyi de erken y\u0131llarda egitimin i\u00e7erisine \u00e7eken okul \u00f6ncesi egitim kurumlar\u0131 \u00e7ocuklar\u0131n bulunduklar\u0131 \u00e7evreye uyumunu saglamada etkilidir.Yasam\u0131n ilk 3 y\u0131l\u0131nda devam edebilecekleri kresler, onlara destekleyici ortamlar sunmada ve d\u00fcnyay\u0131 kesfetmelerinde en \u00f6nemli belirleyicilerden biridir. \u00c7ocuga yeni \u00f6grenme deneyimleri sunarak s\u0131radanl\u0131g\u0131 ortadan kald\u0131rmaya y\u00f6nelik faaliyetler y\u00fcr\u00fctebilen kreslere ihtiya\u00e7 duyulmaktad\u0131r. Bu nedenle bebeklerin ve y\u00fcr\u00fcmeye baslayan \u00e7ocuklar\u0131n yer ald\u0131g\u0131 0-36 ayl\u0131k d\u00f6neme her y\u00f6n\u00fcyle hitap edebilecek, temel bilgi ve pratiklerin yer ald\u0131g\u0131, y\u00fcksek kalite standartlar\u0131na sahip kreslere iliskin egitici el kitab\u0131m\u0131z ile \u00c7ocuk Gelisimi alan\u0131na yararl\u0131 olacag\u0131n\u0131 \u00fcmit ettigimiz baz\u0131 bilgiler sunulmustur.<\/p>\n","protected":false},"excerpt":{"rendered":"<p>Yeni dogan bir bebek i\u00e7in d\u00fcnya inan\u0131lmaz bir yerdir. D\u00fcnyadaki her sey bebek i\u00e7in kesfedilmeyi beklemektedir. Hayatlar\u0131 boyunca en \u00e7ok seyi \u00f6grenebildikleri y\u0131llar olan ilk birka\u00e7<span class=\"excerpt-hellip\"> [\u2026]<\/span><\/p>\n","protected":false},"featured_media":0,"template":"","meta":{"_monsterinsights_skip_tracking":false,"_monsterinsights_sitenote_active":false,"_monsterinsights_sitenote_note":"","_monsterinsights_sitenote_category":0},"product_brand":[],"product_cat":[12573,12566],"product_tag":[],"class_list":{"0":"post-727838","1":"product","2":"type-product","3":"status-publish","5":"product_cat-akademik-kitaplar","6":"product_cat-egitim","7":"pa_cilt-ciltsiz","8":"pa_tur-kitap","9":"pa_yayinevi-egiten-kitap","10":"pa_yazar-aysegul-ulutas-keskinkilic-oguz-emre","12":"first","13":"instock","14":"sale","15":"shipping-taxable","16":"purchasable","17":"product-type-simple"},"_links":{"self":[{"href":"https:\/\/roveyayinevi.com.tr\/index.php\/wp-json\/wp\/v2\/product\/727838","targetHints":{"allow":["GET"]}}],"collection":[{"href":"https:\/\/roveyayinevi.com.tr\/index.php\/wp-json\/wp\/v2\/product"}],"about":[{"href":"https:\/\/roveyayinevi.com.tr\/index.php\/wp-json\/wp\/v2\/types\/product"}],"wp:attachment":[{"href":"https:\/\/roveyayinevi.com.tr\/index.php\/wp-json\/wp\/v2\/media?parent=727838"}],"wp:term":[{"taxonomy":"product_brand","embeddable":true,"href":"https:\/\/roveyayinevi.com.tr\/index.php\/wp-json\/wp\/v2\/product_brand?post=727838"},{"taxonomy":"product_cat","embeddable":true,"href":"https:\/\/roveyayinevi.com.tr\/index.php\/wp-json\/wp\/v2\/product_cat?post=727838"},{"taxonomy":"product_tag","embeddable":true,"href":"https:\/\/roveyayinevi.com.tr\/index.php\/wp-json\/wp\/v2\/product_tag?post=727838"}],"curies":[{"name":"wp","href":"https:\/\/api.w.org\/{rel}","templated":true}]}}