{"id":727837,"date":"2025-08-27T20:29:22","date_gmt":"2025-08-27T17:29:22","guid":{"rendered":"https:\/\/roveyayinevi.com.tr\/index.php\/urun\/cocuklarla-evde-sosyallesmenin-sihirli-gucu\/"},"modified":"2026-04-16T02:35:27","modified_gmt":"2026-04-15T23:35:27","slug":"cocuklarla-evde-sosyallesmenin-sihirli-gucu","status":"publish","type":"product","link":"https:\/\/roveyayinevi.com.tr\/index.php\/urun\/cocuklarla-evde-sosyallesmenin-sihirli-gucu\/","title":{"rendered":"\u00c7ocuklarla Evde Sosyalle\u015fmenin Sihirli G\u00fcc\u00fc"},"content":{"rendered":"<p>Sosyal beceriler, bireyin toplumsal yasamda kabul g\u00f6rmesini ve \u00e7evreye uyum saglamas\u0131n\u0131 kolaylast\u0131rmaktad\u0131r. Sosyal becerilere sahip olan bireyler; kendine g\u00fcvenir, yeni seyler \u00f6grenmeye merakl\u0131d\u0131r, isbirligi i\u00e7erinde \u00e7al\u0131smaya isteklidir, baskalar\u0131yla sagl\u0131kl\u0131 iliskiler kurabilir, duygular\u0131n\u0131 kontrol edebilir, baskalar\u0131n\u0131n haklar\u0131na ve duygular\u0131na sayg\u0131 duyar ve gelecekle ilgili hedefler olustur. Sosyal becerilerin kazand\u0131r\u0131lmas\u0131nda yetiskinlere \u00f6nemli g\u00f6revler d\u00fcsmektedir. \u00d6zellikle \u00e7ocugun en yak\u0131n \u00e7evresi olan aile ile \u00e7ocuk aras\u0131nda erken yaslarda kurulan baglar\u0131n niteligi, sosyal becerilerin kazand\u0131r\u0131lmas\u0131nda temel olusturur.Ayn\u0131 zamanda ailenin \u00e7ocuga model olmas\u0131 ve olumlu etkilesiminin yan\u0131 s\u0131ra \u00e7ocuklar\u0131na y\u00f6nelik tutum ve yaklas\u0131mlar\u0131 da sosyal becerilerin kazand\u0131r\u0131lmas\u0131nda \u00f6nemli bir rol oynar. Aileyle iliskiler kadar akranlarla olan iliskiler de sosyal beceriler a\u00e7\u0131s\u0131ndan degerlidir.Bu kitapta, \u00f6ncelikle sosyal becerilerin \u00f6nemi ve \u00e7ocugunuzun sosyal becerilerinidesteklemek ama\u00e7l\u0131 hi\u00e7bir materyale ihtiya\u00e7 duymadan aile bireyleriyle oynayabileceginiz pratik ve eglenceli oyun \u00f6nerileri yer almaktad\u0131r.<\/p>\n","protected":false},"excerpt":{"rendered":"<p>Sosyal beceriler, bireyin toplumsal yasamda kabul g\u00f6rmesini ve \u00e7evreye uyum saglamas\u0131n\u0131 kolaylast\u0131rmaktad\u0131r. Sosyal becerilere sahip olan bireyler; kendine g\u00fcvenir, yeni seyler \u00f6grenmeye merakl\u0131d\u0131r, isbirligi i\u00e7erinde \u00e7al\u0131smaya<span class=\"excerpt-hellip\"> [\u2026]<\/span><\/p>\n","protected":false},"featured_media":0,"template":"","meta":{"_monsterinsights_skip_tracking":false,"_monsterinsights_sitenote_active":false,"_monsterinsights_sitenote_note":"","_monsterinsights_sitenote_category":0},"product_brand":[],"product_cat":[12573,12566],"product_tag":[],"class_list":{"0":"post-727837","1":"product","2":"type-product","3":"status-publish","5":"product_cat-akademik-kitaplar","6":"product_cat-egitim","7":"pa_cilt-ciltsiz","8":"pa_tur-kitap","9":"pa_yayinevi-egiten-kitap","10":"pa_yazar-sehnaz-ceylan-nida-kilinc","12":"first","13":"instock","14":"sale","15":"shipping-taxable","16":"purchasable","17":"product-type-simple"},"_links":{"self":[{"href":"https:\/\/roveyayinevi.com.tr\/index.php\/wp-json\/wp\/v2\/product\/727837","targetHints":{"allow":["GET"]}}],"collection":[{"href":"https:\/\/roveyayinevi.com.tr\/index.php\/wp-json\/wp\/v2\/product"}],"about":[{"href":"https:\/\/roveyayinevi.com.tr\/index.php\/wp-json\/wp\/v2\/types\/product"}],"wp:attachment":[{"href":"https:\/\/roveyayinevi.com.tr\/index.php\/wp-json\/wp\/v2\/media?parent=727837"}],"wp:term":[{"taxonomy":"product_brand","embeddable":true,"href":"https:\/\/roveyayinevi.com.tr\/index.php\/wp-json\/wp\/v2\/product_brand?post=727837"},{"taxonomy":"product_cat","embeddable":true,"href":"https:\/\/roveyayinevi.com.tr\/index.php\/wp-json\/wp\/v2\/product_cat?post=727837"},{"taxonomy":"product_tag","embeddable":true,"href":"https:\/\/roveyayinevi.com.tr\/index.php\/wp-json\/wp\/v2\/product_tag?post=727837"}],"curies":[{"name":"wp","href":"https:\/\/api.w.org\/{rel}","templated":true}]}}