{"id":727836,"date":"2025-08-27T20:29:21","date_gmt":"2025-08-27T17:29:21","guid":{"rendered":"https:\/\/roveyayinevi.com.tr\/index.php\/urun\/cocuk-oyunlarindan-ornekler-turk-dunyasi-ve-komsu-ulkeler\/"},"modified":"2026-04-16T02:35:27","modified_gmt":"2026-04-15T23:35:27","slug":"cocuk-oyunlarindan-ornekler-turk-dunyasi-ve-komsu-ulkeler","status":"publish","type":"product","link":"https:\/\/roveyayinevi.com.tr\/index.php\/urun\/cocuk-oyunlarindan-ornekler-turk-dunyasi-ve-komsu-ulkeler\/","title":{"rendered":"\u00c7ocuk Oyunlar\u0131ndan \u00d6rnekler : T\u00fcrk D\u00fcnyas\u0131 ve Kom\u015fu \u00dclkeler"},"content":{"rendered":"<p>Ge\u00e7misten g\u00fcn\u00fcm\u00fcze atalar\u0131m\u0131z\u0131n bize aktard\u0131g\u0131, kimlik ve kisiligimizi sekillendiren ve karakterimizi insa eden bu degerleri, bizlerinde ayn\u0131 hassasiyetle koruyarak, gelistirerek \u00e7ocuklar\u0131m\u0131za aktarmam\u0131z gerekmektedir. Yasam\u0131 ve d\u00fcnyay\u0131 oyun yoluyla kesfeden ve \u00f6grenen \u00e7ocugun kendi k\u00fclt\u00fcrel degerlerini kazanmas\u0131n\u0131n en temel yolu ise yine oyunlard\u0131r.Bu projenin haz\u0131rlanmas\u0131n\u0131n en \u00f6nemli nedeni su olmustur: Bizler T\u00fcrkiye Cumhuriyeti\u2019nde yasayan T\u00fcrkler olarak daha \u00e7ok Anadolu ve Trakya\u2019daki milli \u00e7ocuk oyunlar\u0131m\u0131z\u0131 iyi biliyoruz. Ancak T\u00fcrkiye d\u0131s\u0131nda Avrasya\u2019n\u0131n genis cografyas\u0131nda yasayan baska T\u00fcrk topluluklar\u0131n\u0131n \u00e7ocuk oyunlar\u0131ndan tek t\u00fck \u00f6rnekler d\u0131s\u0131nda fazla bilgimiz yok. Bu eksikligimizi gidermek i\u00e7in \u00e7esitli T\u00fcrk topluluklar\u0131nda bug\u00fcn canl\u0131 olarak yasat\u0131lan ve bizi daha eski d\u00f6nemdeki T\u00fcrklerin \u00e7ocuk oyunlar\u0131n\u0131n \u00e7esitli bi\u00e7imlerine, benzer yanlar\u0131 yan\u0131nda benzer olmayan yanlar\u0131na g\u00f6t\u00fcrecek k\u00fclt\u00fcrel miras\u0131m\u0131z\u0131n bir d\u00f6k\u00fcm\u00fcn\u00fc alan \u00e7al\u0131smas\u0131yla ortaya koymak ama\u00e7lanm\u0131st\u0131r.Bu saha arast\u0131rmas\u0131 projesinde, T\u00fcrk topluluklar\u0131 yan\u0131nda, T\u00fcrk olmayan baz\u0131 komsu topluluklar aras\u0131nda da, T\u00fcrk topluluklar\u0131n\u0131n \u00e7ocuk oyunlar\u0131yla kars\u0131last\u0131rma imkan\u0131 vermesi bak\u0131m\u0131ndan \u00e7ocuk oyunlar\u0131n\u0131 derlemeye \u00e7al\u0131s\u0131lm\u0131st\u0131r.<\/p>\n","protected":false},"excerpt":{"rendered":"<p>Ge\u00e7misten g\u00fcn\u00fcm\u00fcze atalar\u0131m\u0131z\u0131n bize aktard\u0131g\u0131, kimlik ve kisiligimizi sekillendiren ve karakterimizi insa eden bu degerleri, bizlerinde ayn\u0131 hassasiyetle koruyarak, gelistirerek \u00e7ocuklar\u0131m\u0131za aktarmam\u0131z gerekmektedir. Yasam\u0131 ve d\u00fcnyay\u0131<span class=\"excerpt-hellip\"> [\u2026]<\/span><\/p>\n","protected":false},"featured_media":0,"template":"","meta":{"_monsterinsights_skip_tracking":false,"_monsterinsights_sitenote_active":false,"_monsterinsights_sitenote_note":"","_monsterinsights_sitenote_category":0},"product_brand":[],"product_cat":[12573,12566],"product_tag":[],"class_list":{"0":"post-727836","1":"product","2":"type-product","3":"status-publish","5":"product_cat-akademik-kitaplar","6":"product_cat-egitim","7":"pa_cilt-ciltsiz","8":"pa_tur-kitap","9":"pa_yayinevi-egiten-kitap","10":"pa_yazar-d-neslihan-bay-yalcin-bay","12":"first","13":"instock","14":"sale","15":"shipping-taxable","16":"purchasable","17":"product-type-simple"},"_links":{"self":[{"href":"https:\/\/roveyayinevi.com.tr\/index.php\/wp-json\/wp\/v2\/product\/727836","targetHints":{"allow":["GET"]}}],"collection":[{"href":"https:\/\/roveyayinevi.com.tr\/index.php\/wp-json\/wp\/v2\/product"}],"about":[{"href":"https:\/\/roveyayinevi.com.tr\/index.php\/wp-json\/wp\/v2\/types\/product"}],"wp:attachment":[{"href":"https:\/\/roveyayinevi.com.tr\/index.php\/wp-json\/wp\/v2\/media?parent=727836"}],"wp:term":[{"taxonomy":"product_brand","embeddable":true,"href":"https:\/\/roveyayinevi.com.tr\/index.php\/wp-json\/wp\/v2\/product_brand?post=727836"},{"taxonomy":"product_cat","embeddable":true,"href":"https:\/\/roveyayinevi.com.tr\/index.php\/wp-json\/wp\/v2\/product_cat?post=727836"},{"taxonomy":"product_tag","embeddable":true,"href":"https:\/\/roveyayinevi.com.tr\/index.php\/wp-json\/wp\/v2\/product_tag?post=727836"}],"curies":[{"name":"wp","href":"https:\/\/api.w.org\/{rel}","templated":true}]}}