{"id":727835,"date":"2025-08-27T20:29:20","date_gmt":"2025-08-27T17:29:20","guid":{"rendered":"https:\/\/roveyayinevi.com.tr\/index.php\/urun\/fen-egitiminde-robotik-kodlama-seruveni\/"},"modified":"2026-04-16T02:35:27","modified_gmt":"2026-04-15T23:35:27","slug":"fen-egitiminde-robotik-kodlama-seruveni","status":"publish","type":"product","link":"https:\/\/roveyayinevi.com.tr\/index.php\/urun\/fen-egitiminde-robotik-kodlama-seruveni\/","title":{"rendered":"Fen E\u011fitiminde Robotik Kodlama Ser\u00fcveni"},"content":{"rendered":"<p>Derslerinde veya projelerinde robotik kodlama uygulamalar\u0131na yer vermek isteyen \u00f6gretmenlerin yararlanabilecegi bu kitap bes b\u00f6l\u00fcmden olusmaktad\u0131r. Ilk b\u00f6l\u00fcmde fen \u00f6gretimi ile robotik kodlama uygulamalar\u0131n\u0131n iliskisi, ikinci b\u00f6l\u00fcmde kodlaman\u0131n ne oldugu, nas\u0131l yap\u0131ld\u0131g\u0131, hangi kodlama platformlar\u0131n\u0131n kullan\u0131labilecegi, kullan\u0131m\u0131 kolay ve \u00f6grenci seviyesine uygun mBlock kodlama platformunun ayr\u0131nt\u0131l\u0131 olarak kurulum, kullan\u0131m ve tan\u0131t\u0131m asamalar\u0131 yer almaktad\u0131r. \u00dc\u00e7\u00fcnc\u00fc b\u00f6l\u00fcmde \u00f6grenme ortamlar\u0131nda robotik d\u00fczeneklerin nas\u0131l kuruldugu, farkl\u0131 \u00f6gretim kademelerinde hangi egitsel robotik setlerin kullan\u0131labilecegi, Arduino\u2019nun ne oldugu ve hangi modellerinin tercih edilebilecegi, Arduino\u2019da devre kurulumu ve devre elemanlar\u0131na y\u00f6nelik bilgiler verilmistir. D\u00f6rd\u00fcnc\u00fc b\u00f6l\u00fcmde fen derslerinde kullan\u0131labilecek sens\u00f6rler ve bu sens\u00f6rlerin baglant\u0131lar\u0131n\u0131n nas\u0131l ger\u00e7eklestirildigi, yap\u0131l\u0131s asamalar\u0131, baglant\u0131 semas\u0131, algoritmas\u0131 ve mBlock kodlar\u0131 verilerek, sens\u00f6rlerin fen \u00f6gretimi ile iliskisi ayr\u0131nt\u0131l\u0131 olarak a\u00e7\u0131klanm\u0131st\u0131r. Son b\u00f6l\u00fcmde ise fen \u00f6gretiminde kullan\u0131labilecek \u00f6rnek robotik kodlama etkinlik uygulamalar\u0131 yer almaktad\u0131r. B\u00f6ylece bu kitap ile kodlama ve robotik hakk\u0131nda ayr\u0131nt\u0131l\u0131 bilgiye sahip olarak robotik ara\u00e7 ve sens\u00f6r baglant\u0131lar\u0131 kolay bir sekilde ger\u00e7eklestirilebilecek ve bir ders ortam\u0131nda bu t\u00fcr uygulamalar\u0131n nas\u0131l kullan\u0131ld\u0131g\u0131na y\u00f6nelik \u00f6rnek etkinlikler ile farkl\u0131 etkinlik uygulamalar\u0131 tasarlanabilecektir.<\/p>\n","protected":false},"excerpt":{"rendered":"<p>Derslerinde veya projelerinde robotik kodlama uygulamalar\u0131na yer vermek isteyen \u00f6gretmenlerin yararlanabilecegi bu kitap bes b\u00f6l\u00fcmden olusmaktad\u0131r. Ilk b\u00f6l\u00fcmde fen \u00f6gretimi ile robotik kodlama uygulamalar\u0131n\u0131n iliskisi, ikinci<span class=\"excerpt-hellip\"> [\u2026]<\/span><\/p>\n","protected":false},"featured_media":0,"template":"","meta":{"_monsterinsights_skip_tracking":false,"_monsterinsights_sitenote_active":false,"_monsterinsights_sitenote_note":"","_monsterinsights_sitenote_category":0},"product_brand":[],"product_cat":[12573,12566],"product_tag":[],"class_list":{"0":"post-727835","1":"product","2":"type-product","3":"status-publish","5":"product_cat-akademik-kitaplar","6":"product_cat-egitim","7":"pa_cilt-ciltsiz","8":"pa_tur-kitap","9":"pa_yayinevi-egiten-kitap","10":"pa_yazar-gokhan-guven-nevin-kozcu-cakir","12":"first","13":"instock","14":"sale","15":"shipping-taxable","16":"purchasable","17":"product-type-simple"},"_links":{"self":[{"href":"https:\/\/roveyayinevi.com.tr\/index.php\/wp-json\/wp\/v2\/product\/727835","targetHints":{"allow":["GET"]}}],"collection":[{"href":"https:\/\/roveyayinevi.com.tr\/index.php\/wp-json\/wp\/v2\/product"}],"about":[{"href":"https:\/\/roveyayinevi.com.tr\/index.php\/wp-json\/wp\/v2\/types\/product"}],"wp:attachment":[{"href":"https:\/\/roveyayinevi.com.tr\/index.php\/wp-json\/wp\/v2\/media?parent=727835"}],"wp:term":[{"taxonomy":"product_brand","embeddable":true,"href":"https:\/\/roveyayinevi.com.tr\/index.php\/wp-json\/wp\/v2\/product_brand?post=727835"},{"taxonomy":"product_cat","embeddable":true,"href":"https:\/\/roveyayinevi.com.tr\/index.php\/wp-json\/wp\/v2\/product_cat?post=727835"},{"taxonomy":"product_tag","embeddable":true,"href":"https:\/\/roveyayinevi.com.tr\/index.php\/wp-json\/wp\/v2\/product_tag?post=727835"}],"curies":[{"name":"wp","href":"https:\/\/api.w.org\/{rel}","templated":true}]}}