{"id":727833,"date":"2025-08-27T20:29:18","date_gmt":"2025-08-27T17:29:18","guid":{"rendered":"https:\/\/roveyayinevi.com.tr\/index.php\/urun\/afacan-tayfa-2-1-sinif-okuma-seti-10-kitap-takim\/"},"modified":"2026-04-16T02:35:27","modified_gmt":"2026-04-15T23:35:27","slug":"afacan-tayfa-2-1-sinif-okuma-seti-10-kitap-takim","status":"publish","type":"product","link":"https:\/\/roveyayinevi.com.tr\/index.php\/urun\/afacan-tayfa-2-1-sinif-okuma-seti-10-kitap-takim\/","title":{"rendered":"Afacan Tayfa 2 &#8211; 1.S\u0131n\u0131f Okuma Seti (10 Kitap Tak\u0131m)"},"content":{"rendered":"<p>1. s\u0131n\u0131flara hitap eden bu on kitapta on farkl\u0131 maceraya yelken a\u00e7acaks\u0131n\u0131z.Peki bu hik\u00e2yelerde sadece macera m\u0131 var? Tabii ki hay\u0131r!Analitik ve bilimsel d\u00fc\u015f\u00fcnme, problem \u00e7\u00f6zme, payla\u015fma, arkada\u015fl\u0131k gibi de\u011ferler bu kitaplar\u0131n i\u00e7inde&#8230;\u00dcstelik hik\u00e2yelere dair etkinlikler, bulmacalar, sorularla birlikte&#8230;Okumak isteyene, okumas\u0131n\u0131 bilene&#8230;\u0130\u00e7indeki Kitaplar:Acaba Bu Kimin?Bu S\u00fcrprizi \u00c7ok SevdimKarde\u015f Okul ZiyaretiKim Yemi\u015f Olabilir?Nas\u0131l B\u00f6yle D\u00fc\u015f\u00fcn\u00fcr\u00fcmNe\u015feli Bir G\u00fcnMe\u011fer Kimler Varm\u0131\u015fOkulda \u0130lk G\u00fcn<\/p>\n","protected":false},"excerpt":{"rendered":"<p>1. s\u0131n\u0131flara hitap eden bu on kitapta on farkl\u0131 maceraya yelken a\u00e7acaks\u0131n\u0131z.Peki bu hik\u00e2yelerde sadece macera m\u0131 var? Tabii ki hay\u0131r!Analitik ve bilimsel d\u00fc\u015f\u00fcnme, problem \u00e7\u00f6zme,<span class=\"excerpt-hellip\"> [\u2026]<\/span><\/p>\n","protected":false},"featured_media":0,"template":"","meta":{"_monsterinsights_skip_tracking":false,"_monsterinsights_sitenote_active":false,"_monsterinsights_sitenote_note":"","_monsterinsights_sitenote_category":0},"product_brand":[],"product_cat":[12274,12284],"product_tag":[],"class_list":{"0":"post-727833","1":"product","2":"type-product","3":"status-publish","5":"product_cat-cocuk-ve-genclik-kitaplari","6":"product_cat-hikayeler","7":"pa_cilt-takim","8":"pa_tur-kitap","9":"pa_yayinevi-mavi-kirpi-yayinlari","10":"pa_yazar-vildan-ozdemir","12":"first","13":"instock","14":"sale","15":"shipping-taxable","16":"purchasable","17":"product-type-simple"},"_links":{"self":[{"href":"https:\/\/roveyayinevi.com.tr\/index.php\/wp-json\/wp\/v2\/product\/727833","targetHints":{"allow":["GET"]}}],"collection":[{"href":"https:\/\/roveyayinevi.com.tr\/index.php\/wp-json\/wp\/v2\/product"}],"about":[{"href":"https:\/\/roveyayinevi.com.tr\/index.php\/wp-json\/wp\/v2\/types\/product"}],"wp:attachment":[{"href":"https:\/\/roveyayinevi.com.tr\/index.php\/wp-json\/wp\/v2\/media?parent=727833"}],"wp:term":[{"taxonomy":"product_brand","embeddable":true,"href":"https:\/\/roveyayinevi.com.tr\/index.php\/wp-json\/wp\/v2\/product_brand?post=727833"},{"taxonomy":"product_cat","embeddable":true,"href":"https:\/\/roveyayinevi.com.tr\/index.php\/wp-json\/wp\/v2\/product_cat?post=727833"},{"taxonomy":"product_tag","embeddable":true,"href":"https:\/\/roveyayinevi.com.tr\/index.php\/wp-json\/wp\/v2\/product_tag?post=727833"}],"curies":[{"name":"wp","href":"https:\/\/api.w.org\/{rel}","templated":true}]}}