{"id":727831,"date":"2025-08-27T20:29:16","date_gmt":"2025-08-27T17:29:16","guid":{"rendered":"https:\/\/roveyayinevi.com.tr\/index.php\/urun\/benimle-dostluk-zordur\/"},"modified":"2026-04-16T02:35:27","modified_gmt":"2026-04-15T23:35:27","slug":"benimle-dostluk-zordur","status":"publish","type":"product","link":"https:\/\/roveyayinevi.com.tr\/index.php\/urun\/benimle-dostluk-zordur\/","title":{"rendered":"&#8220;Benimle Dostluk Zordur&#8221;"},"content":{"rendered":"<p>Uluslar\u00fcst\u00fc bir Avrupa k\u00fclt\u00fcr\u00fcn\u00fcn inan\u00e7l\u0131 temsilcileri iki yak\u0131n dost: Joseph Roth ve Stefan Zweig. \u201cBenimle Dostluk Zordur\u201d, bu iki ismin 1927-1938 aras\u0131 birbirine yollad\u0131\u011f\u0131 mektuplardan olu\u015fuyor. Roth\u2019un Zweig\u2019a k\u0131yasla biraz daha ki\u015fisel konulardan dem vurdu\u011fu ve \u00e7ok yerde daha duygusal tepkiler g\u00f6sterdi\u011fi mektuplarda iki yazar; d\u00f6nemin politik sorunlar\u0131ndan, ya\u015fanan olaylara ili\u015fkin ki\u015fisel g\u00f6r\u00fc\u015flerinden, edebiyat \u00fczerine d\u00fc\u015f\u00fcncelerinden s\u00f6z ediyorlar. En \u00f6nemlisi y\u0131llar ilerledik\u00e7e; Almanya\u2019dan t\u00fcm Avrupa\u2019ya yay\u0131lan Hitler karanl\u0131\u011f\u0131 sat\u0131rlara da s\u0131z\u0131yor\u2026\u201cBenimle Dostluk Zordur\u201d, Joseph Roth\u2019la Stefan Zweig\u2019\u0131n \u00f6zel ve meslek ya\u015famlar\u0131nda ya\u015fam\u0131\u015f oldu\u011fu sorunlarla beraber 1930\u2019lu y\u0131llarda Alman sivil toplumunun alt\u0131nda ezildi\u011fi bask\u0131y\u0131 da t\u00fcm karanl\u0131\u011f\u0131yla ortaya koyuyor.<\/p>\n","protected":false},"excerpt":{"rendered":"<p>Uluslar\u00fcst\u00fc bir Avrupa k\u00fclt\u00fcr\u00fcn\u00fcn inan\u00e7l\u0131 temsilcileri iki yak\u0131n dost: Joseph Roth ve Stefan Zweig. \u201cBenimle Dostluk Zordur\u201d, bu iki ismin 1927-1938 aras\u0131 birbirine yollad\u0131\u011f\u0131 mektuplardan olu\u015fuyor.<span class=\"excerpt-hellip\"> [\u2026]<\/span><\/p>\n","protected":false},"featured_media":0,"template":"","meta":{"_monsterinsights_skip_tracking":false,"_monsterinsights_sitenote_active":false,"_monsterinsights_sitenote_note":"","_monsterinsights_sitenote_category":0},"product_brand":[],"product_cat":[12291,12711],"product_tag":[],"class_list":{"0":"post-727831","1":"product","2":"type-product","3":"status-publish","5":"product_cat-edebiyat","6":"product_cat-roman-oyku","7":"pa_cilt-ciltsiz","8":"pa_tur-kitap","9":"pa_yayinevi-kirmizi-kedi-yayinevi","10":"pa_yazar-joseph-roth-stefan-zweig","12":"first","13":"instock","14":"sale","15":"shipping-taxable","16":"purchasable","17":"product-type-simple"},"_links":{"self":[{"href":"https:\/\/roveyayinevi.com.tr\/index.php\/wp-json\/wp\/v2\/product\/727831","targetHints":{"allow":["GET"]}}],"collection":[{"href":"https:\/\/roveyayinevi.com.tr\/index.php\/wp-json\/wp\/v2\/product"}],"about":[{"href":"https:\/\/roveyayinevi.com.tr\/index.php\/wp-json\/wp\/v2\/types\/product"}],"wp:attachment":[{"href":"https:\/\/roveyayinevi.com.tr\/index.php\/wp-json\/wp\/v2\/media?parent=727831"}],"wp:term":[{"taxonomy":"product_brand","embeddable":true,"href":"https:\/\/roveyayinevi.com.tr\/index.php\/wp-json\/wp\/v2\/product_brand?post=727831"},{"taxonomy":"product_cat","embeddable":true,"href":"https:\/\/roveyayinevi.com.tr\/index.php\/wp-json\/wp\/v2\/product_cat?post=727831"},{"taxonomy":"product_tag","embeddable":true,"href":"https:\/\/roveyayinevi.com.tr\/index.php\/wp-json\/wp\/v2\/product_tag?post=727831"}],"curies":[{"name":"wp","href":"https:\/\/api.w.org\/{rel}","templated":true}]}}