{"id":727828,"date":"2025-08-27T20:28:41","date_gmt":"2025-08-27T17:28:41","guid":{"rendered":"https:\/\/roveyayinevi.com.tr\/index.php\/urun\/hayvanligin-alemi-var\/"},"modified":"2026-04-16T02:35:27","modified_gmt":"2026-04-15T23:35:27","slug":"hayvanligin-alemi-var","status":"publish","type":"product","link":"https:\/\/roveyayinevi.com.tr\/index.php\/urun\/hayvanligin-alemi-var\/","title":{"rendered":"Hayvanl\u0131\u011f\u0131n Alemi Var"},"content":{"rendered":"<p>-Kitapta hayvanlar de\u011fer yarg\u0131lar\u0131m\u0131za dil uzat\u0131yor. Onlara atfetti\u011fimiz g\u00fcl\u00fcn\u00e7l\u00fc\u011f\u00fc bize iade ediyorlar. &#8211; \u0130nce esprilerimiz kal\u0131n kafalara girmez. Kullan\u0131mdankaynaklanan hatalardan sorumluluk kabul edilmez. &#8211; Esprilerimiz koltuk alt\u0131 g\u0131d\u0131klamas\u0131 de\u011fil beyin g\u0131d\u0131klamas\u0131 etkisi yapar. Beklenmeyen bir etki oldu\u011funda doktorunuza ba\u015fvurunuz. -Bir zihin \u015fenli\u011fi ya da akl\u0131n g\u00fcl\u00fcmsemesi i\u00e7in hayvan ile insan ara kesitinde; felsefe, mizah ve ahl\u00e2k komik bir koalisyon olu\u015fturdu. A\u00e7\u0131k b\u00fcfe bir mizah sofras\u0131 sizi bekliyor. &#8211; G\u00fclmek elinizdeki bu kitap kadar size yak\u0131nd\u0131r. Bu f\u0131rsat\u0131 de\u011ferlendirin, g\u00fcn\u00fcn\u00fcz bo\u015fa ge\u00e7mi\u015f olmas\u0131n.<\/p>\n","protected":false},"excerpt":{"rendered":"<p>-Kitapta hayvanlar de\u011fer yarg\u0131lar\u0131m\u0131za dil uzat\u0131yor. Onlara atfetti\u011fimiz g\u00fcl\u00fcn\u00e7l\u00fc\u011f\u00fc bize iade ediyorlar. &#8211; \u0130nce esprilerimiz kal\u0131n kafalara girmez. Kullan\u0131mdankaynaklanan hatalardan sorumluluk kabul edilmez. &#8211; Esprilerimiz koltuk<span class=\"excerpt-hellip\"> [\u2026]<\/span><\/p>\n","protected":false},"featured_media":0,"template":"","meta":{"_monsterinsights_skip_tracking":false,"_monsterinsights_sitenote_active":false,"_monsterinsights_sitenote_note":"","_monsterinsights_sitenote_category":0},"product_brand":[],"product_cat":[12291,14825],"product_tag":[],"class_list":{"0":"post-727828","1":"product","2":"type-product","3":"status-publish","5":"product_cat-edebiyat","6":"product_cat-mizah","7":"pa_cilt-ciltsiz","8":"pa_tur-kitap","9":"pa_yayinevi-gulnar-yayinlari","10":"pa_yazar-durdu-gunes","12":"first","13":"instock","14":"sale","15":"shipping-taxable","16":"purchasable","17":"product-type-simple"},"_links":{"self":[{"href":"https:\/\/roveyayinevi.com.tr\/index.php\/wp-json\/wp\/v2\/product\/727828","targetHints":{"allow":["GET"]}}],"collection":[{"href":"https:\/\/roveyayinevi.com.tr\/index.php\/wp-json\/wp\/v2\/product"}],"about":[{"href":"https:\/\/roveyayinevi.com.tr\/index.php\/wp-json\/wp\/v2\/types\/product"}],"wp:attachment":[{"href":"https:\/\/roveyayinevi.com.tr\/index.php\/wp-json\/wp\/v2\/media?parent=727828"}],"wp:term":[{"taxonomy":"product_brand","embeddable":true,"href":"https:\/\/roveyayinevi.com.tr\/index.php\/wp-json\/wp\/v2\/product_brand?post=727828"},{"taxonomy":"product_cat","embeddable":true,"href":"https:\/\/roveyayinevi.com.tr\/index.php\/wp-json\/wp\/v2\/product_cat?post=727828"},{"taxonomy":"product_tag","embeddable":true,"href":"https:\/\/roveyayinevi.com.tr\/index.php\/wp-json\/wp\/v2\/product_tag?post=727828"}],"curies":[{"name":"wp","href":"https:\/\/api.w.org\/{rel}","templated":true}]}}