{"id":727826,"date":"2025-08-27T20:28:39","date_gmt":"2025-08-27T17:28:39","guid":{"rendered":"https:\/\/roveyayinevi.com.tr\/index.php\/urun\/assurlular-dicleden-toroslara-tanri-assurun-kralligi-kucuk-boy\/"},"modified":"2026-04-16T02:35:27","modified_gmt":"2026-04-15T23:35:27","slug":"assurlular-dicleden-toroslara-tanri-assurun-kralligi-kucuk-boy","status":"publish","type":"product","link":"https:\/\/roveyayinevi.com.tr\/index.php\/urun\/assurlular-dicleden-toroslara-tanri-assurun-kralligi-kucuk-boy\/","title":{"rendered":"Assurlular &#8211; Dicle\u2019den Toroslar\u2019a Tanr\u0131 Assur\u2019un Krall\u0131\u011f\u0131 (K\u00fc\u00e7\u00fck Boy)"},"content":{"rendered":"<p>Assur kenti ve ad\u0131n\u0131 bu kentten alan krall\u0131k, M\u00d6 2. biny\u0131l\u0131n ba\u015flar\u0131nda Kuzey Irak\u2019ta, Dicle Nehri k\u0131y\u0131s\u0131nda kurulmu\u015f ve M\u00d6 7. y\u00fczy\u0131l\u0131n sonlar\u0131na kadar yakla\u015f\u0131k 1400 y\u0131l neredeyse kesintisiz bi\u00e7imde varl\u0131\u011f\u0131n\u0131 s\u00fcrd\u00fcrm\u00fc\u015ft\u00fcr. Assur kral listeleri, baz\u0131 belirsizlikler olmakla birlikte, \u00f6nce 1000 y\u0131ldan uzun s\u00fcre Assur\u2019da (Kalat \u015eerkat) sonras\u0131nda ise Yeni Assur D\u00f6nemi boyunca s\u0131ras\u0131yla; Kalhu (Nimrud), Dur-\u015earrukin (Horsabad) ve Ninive (Koyuncuk) gibi ba\u015fkentlerde h\u00fck\u00fcm s\u00fcren krallar\u0131n adlar\u0131n\u0131 i\u00e7ermektedir. Assur bu y\u00f6n\u00fcyle, \u00d6nasya\u2019da y\u00f6netim bi\u00e7imini ve kurumlar\u0131n\u0131 en uzun s\u00fcre devam ettiren devletlerden biridir. Mezopotamya\u2019da M\u00d6 4. biny\u0131lda \u015fekillenen, S\u00fcmerlerin ve Akkadlar\u0131n katk\u0131s\u0131yla geli\u015fen devlet modeli, uzun tarihsel s\u00fcre\u00e7 boyunca Assurlular\u0131n katk\u0131s\u0131yla olgunla\u015fm\u0131\u015ft\u0131r. Yeni Assur Krall\u0131\u011f\u0131\u2019n\u0131n k\u00f6kl\u00fc Mezopotamya uygarl\u0131klar\u0131ndan ald\u0131\u011f\u0131 birikimle olu\u015fturdu\u011fu bu model, krall\u0131k anlay\u0131\u015f\u0131 ve saray plan\u0131, birimleriyle birlikte \u00d6nasya\u2019da Assur sonras\u0131ndaki b\u00fct\u00fcn krall\u0131klar ve imparatorluklar taraf\u0131ndan benimsenmi\u015f ve bir\u00e7ok y\u00f6n\u00fcyle taklit edilmi\u015f g\u00f6z\u00fckmektedir. <\/p>\n","protected":false},"excerpt":{"rendered":"<p>Assur kenti ve ad\u0131n\u0131 bu kentten alan krall\u0131k, M\u00d6 2. biny\u0131l\u0131n ba\u015flar\u0131nda Kuzey Irak\u2019ta, Dicle Nehri k\u0131y\u0131s\u0131nda kurulmu\u015f ve M\u00d6 7. y\u00fczy\u0131l\u0131n sonlar\u0131na kadar yakla\u015f\u0131k 1400<span class=\"excerpt-hellip\"> [\u2026]<\/span><\/p>\n","protected":false},"featured_media":0,"template":"","meta":{"_monsterinsights_skip_tracking":false,"_monsterinsights_sitenote_active":false,"_monsterinsights_sitenote_note":"","_monsterinsights_sitenote_category":0},"product_brand":[],"product_cat":[12408,14197],"product_tag":[],"class_list":{"0":"post-727826","1":"product","2":"type-product","3":"status-publish","5":"product_cat-sanat","6":"product_cat-sanat-tarihi","7":"pa_cilt-ciltsiz","8":"pa_tur-kitap","9":"pa_yayinevi-yapi-kredi-yayinlari","10":"pa_yazar-yapi-kredi-yayinlari-kolektif","12":"first","13":"instock","14":"sale","15":"shipping-taxable","16":"purchasable","17":"product-type-simple"},"_links":{"self":[{"href":"https:\/\/roveyayinevi.com.tr\/index.php\/wp-json\/wp\/v2\/product\/727826","targetHints":{"allow":["GET"]}}],"collection":[{"href":"https:\/\/roveyayinevi.com.tr\/index.php\/wp-json\/wp\/v2\/product"}],"about":[{"href":"https:\/\/roveyayinevi.com.tr\/index.php\/wp-json\/wp\/v2\/types\/product"}],"wp:attachment":[{"href":"https:\/\/roveyayinevi.com.tr\/index.php\/wp-json\/wp\/v2\/media?parent=727826"}],"wp:term":[{"taxonomy":"product_brand","embeddable":true,"href":"https:\/\/roveyayinevi.com.tr\/index.php\/wp-json\/wp\/v2\/product_brand?post=727826"},{"taxonomy":"product_cat","embeddable":true,"href":"https:\/\/roveyayinevi.com.tr\/index.php\/wp-json\/wp\/v2\/product_cat?post=727826"},{"taxonomy":"product_tag","embeddable":true,"href":"https:\/\/roveyayinevi.com.tr\/index.php\/wp-json\/wp\/v2\/product_tag?post=727826"}],"curies":[{"name":"wp","href":"https:\/\/api.w.org\/{rel}","templated":true}]}}