{"id":727825,"date":"2025-08-27T20:28:38","date_gmt":"2025-08-27T17:28:38","guid":{"rendered":"https:\/\/roveyayinevi.com.tr\/index.php\/urun\/fasulye-ayiklama-sanati-uzerine-bir-tez\/"},"modified":"2026-04-16T02:35:27","modified_gmt":"2026-04-15T23:35:27","slug":"fasulye-ayiklama-sanati-uzerine-bir-tez","status":"publish","type":"product","link":"https:\/\/roveyayinevi.com.tr\/index.php\/urun\/fasulye-ayiklama-sanati-uzerine-bir-tez\/","title":{"rendered":"Fasulye Ay\u0131klama Sanat\u0131 \u00dczerine Bir Tez"},"content":{"rendered":"<p>\u00c7a\u011fda\u015f Leh edebiyat\u0131n\u0131n \u00f6nde gelen isimlerinden My\u015bliwski\u2019nin Fasulye Ay\u0131klama Sanat\u0131 \u00dczerine Bir Tez roman\u0131n\u0131n ads\u0131z m\u00fczisyen ba\u015fkarakteri gizemli konu\u011fuyla s\u00fcrd\u00fcrd\u00fc\u011f\u00fc monologda hayat\u0131n\u0131n muhasebesini yap\u0131yor. Tek bir g\u00fcnde ger\u00e7ekle\u015ftirilen fasulye ay\u0131klama etkinli\u011fi boyunca devam eden bu monologda sava\u015f s\u0131ras\u0131nda ya\u015fad\u0131\u011f\u0131 travmal\u0131 d\u00f6nemleri, gen\u00e7lik sanr\u0131lar\u0131n\u0131, tutkular\u0131n\u0131, \u201c\u00f6\u011frenme ve oradan oraya g\u00f6\u00e7me\u201d y\u0131llar\u0131n\u0131, gurbetteki ekmek kavgas\u0131n\u0131 ve en sonunda yurda d\u00f6n\u00fc\u015f\u00fcn\u00fc anlat\u0131yor. \u201cSa\u011fduyu iyidir, g\u00fczeldir&#8230; Ama ger\u00e7ekte nedir? Ba\u015fka ne s\u00f6ylenece\u011fini bilmedi\u011finizde s\u00f6yledi\u011finiz \u015feydir.\u201d \u0130nsan hayat\u0131nda kaderin ve talihin rol\u00fc \u00fczerine d\u00fc\u015f\u00fcnen, ac\u0131y\u0131, kederi, g\u00fcl\u00fc\u015f\u00fc, umudu, d\u00fc\u015fleri i\u00e7selle\u015ftiren bir t\u00fcr \u201cfelsefi komedi\u201d olarak nitelenebilecek Fasulye Ay\u0131klama Sanat\u0131 \u00dczerine Bir Tez\u2019de My\u015bliwski\u2019nin ustal\u0131\u011f\u0131, kolay \u00e7\u00f6z\u00fcmler ya da avunmalar aramak yerine felsefenin hi\u00e7 de as\u0131k suratl\u0131 olmayan do\u011fas\u0131n\u0131 a\u00e7\u0131\u011fa \u00e7\u0131karabilen bir dille, pek \u00e7o\u011funa yan\u0131t bulamayaca\u011f\u0131n\u0131n bilincinde oldu\u011fu en hayati sorular\u0131 ard\u0131 ard\u0131na s\u0131ralamaktan geri durmay\u0131\u015f\u0131nda ve gizemle dalga ge\u00e7ebilmesinde kendini g\u00f6steriyor.   (Fasulye Ay\u0131klama Sanat\u0131 \u00dczerine Bir Tez 2007 y\u0131l\u0131nda Nagroda Literacka \u201cNike\u201dye de\u011fer g\u00f6r\u00fcld\u00fc.) Wies\u0142aw My\u015bliwski bir \u201cstar\u201d\u0131n z\u0131dd\u0131 \u2013  televizyona \u00e7\u0131km\u0131yor, kitleyi e\u011flendirmiyor. Basit\u00e7e d\u00fc\u015f\u00fcn\u00fcyor ve roman yaz\u0131yor. -Dariusz Nowacki, Newsweek Wies\u0142aw My\u015bliwski edebiyat\u0131n antropolojinin bir par\u00e7as\u0131 oldu\u011funu d\u00fc\u015f\u00fcnen az say\u0131daki yazardan biridir. \u0130nsan deneyiminin b\u00fct\u00fcnl\u00fc\u011f\u00fcnden s\u00f6z ederken, en \u00f6nemli olan yerine, olan biten her \u015feyi anlatmak ister. B\u00f6yle bir monologdan ortaya \u00e7\u0131kabilecek hikmet, teklifsiz bir dille aktar\u0131lan bir hikmet olacakt\u0131r. Hani Descartes birden ortaya \u00e7\u0131ksa, bu konuda \u201cFasulyeleri ay\u0131kl\u0131yoruz, \u00f6yleyse var\u0131z\u201d derdi herhalde. -Przemys\u0142aw Czapli\u0144ski   Diyebilirim ki fasulyelerin ay\u0131klanmas\u0131 30 y\u0131ld\u0131r ba\u015f\u0131ma dert olmu\u015ftur. Bildi\u011finiz gibi, insanlar\u0131n g\u00fcne\u015fin alt\u0131nda bir yandan fasulye ay\u0131klay\u0131p, bir yandan farkl\u0131 konularda sohbet etmeleri bir kom\u015fuluk ili\u015fkisi bi\u00e7imiydi. G\u00fcnl\u00fck olaylar, eski zamanlar, hayaller, hayaletler, \u015fimdiki ve sonraki d\u00fcnya, Tanr\u0131, bireysel ve ortak deneyimler hakk\u0131ndayd\u0131 bu sohbetler; insanlar bilgeymi\u015f gibi davran\u0131rlar, felsefe yaparlard\u0131, k\u0131sacas\u0131 s\u0131n\u0131r yoktu, s\u00f6zc\u00fckler insanlar\u0131 her y\u00f6ne g\u00f6t\u00fcr\u00fcrd\u00fc. Herkes kat\u0131l\u0131rd\u0131 bu eyleme, kad\u0131nlar, erkekler, ya\u015fl\u0131 ve gen\u00e7 insanlar, hatta \u00e7ocuklar bile. Bazen d\u00fc\u015f\u00fcn\u00fcr\u00fcm de, belki de fasulyeler sadece bu ama\u00e7la b\u00fcy\u00fck miktarlarda ekilir, zira bu kadar \u00e7ok fasulye yedi\u011fimi an\u0131msayam\u0131yorum. Ve \u00e7ocuklu\u011fumdaki bu gelene\u011fi an\u0131msayarak, onun s\u00f6zel yap\u0131s\u0131n\u0131, bir kitap yazman\u0131n yap\u0131s\u0131na nas\u0131l d\u00f6n\u00fc\u015ft\u00fcrece\u011fimi d\u00fc\u015f\u00fcnmeye ba\u015flam\u0131\u015ft\u0131m. <\/p>\n","protected":false},"excerpt":{"rendered":"<p>\u00c7a\u011fda\u015f Leh edebiyat\u0131n\u0131n \u00f6nde gelen isimlerinden My\u015bliwski\u2019nin Fasulye Ay\u0131klama Sanat\u0131 \u00dczerine Bir Tez roman\u0131n\u0131n ads\u0131z m\u00fczisyen ba\u015fkarakteri gizemli konu\u011fuyla s\u00fcrd\u00fcrd\u00fc\u011f\u00fc monologda hayat\u0131n\u0131n muhasebesini yap\u0131yor. Tek bir<span class=\"excerpt-hellip\"> [\u2026]<\/span><\/p>\n","protected":false},"featured_media":0,"template":"","meta":{"_monsterinsights_skip_tracking":false,"_monsterinsights_sitenote_active":false,"_monsterinsights_sitenote_note":"","_monsterinsights_sitenote_category":0},"product_brand":[],"product_cat":[12291,12711],"product_tag":[],"class_list":{"0":"post-727825","1":"product","2":"type-product","3":"status-publish","5":"product_cat-edebiyat","6":"product_cat-roman-oyku","7":"pa_cilt-ciltsiz","8":"pa_tur-kitap","9":"pa_yayinevi-yapi-kredi-yayinlari","10":"pa_yazar-wieslaw-mysliwski","12":"first","13":"instock","14":"sale","15":"shipping-taxable","16":"purchasable","17":"product-type-simple"},"_links":{"self":[{"href":"https:\/\/roveyayinevi.com.tr\/index.php\/wp-json\/wp\/v2\/product\/727825","targetHints":{"allow":["GET"]}}],"collection":[{"href":"https:\/\/roveyayinevi.com.tr\/index.php\/wp-json\/wp\/v2\/product"}],"about":[{"href":"https:\/\/roveyayinevi.com.tr\/index.php\/wp-json\/wp\/v2\/types\/product"}],"wp:attachment":[{"href":"https:\/\/roveyayinevi.com.tr\/index.php\/wp-json\/wp\/v2\/media?parent=727825"}],"wp:term":[{"taxonomy":"product_brand","embeddable":true,"href":"https:\/\/roveyayinevi.com.tr\/index.php\/wp-json\/wp\/v2\/product_brand?post=727825"},{"taxonomy":"product_cat","embeddable":true,"href":"https:\/\/roveyayinevi.com.tr\/index.php\/wp-json\/wp\/v2\/product_cat?post=727825"},{"taxonomy":"product_tag","embeddable":true,"href":"https:\/\/roveyayinevi.com.tr\/index.php\/wp-json\/wp\/v2\/product_tag?post=727825"}],"curies":[{"name":"wp","href":"https:\/\/api.w.org\/{rel}","templated":true}]}}