{"id":727823,"date":"2025-08-27T20:28:37","date_gmt":"2025-08-27T17:28:37","guid":{"rendered":"https:\/\/roveyayinevi.com.tr\/index.php\/urun\/unutmanin-sabahi\/"},"modified":"2026-04-16T02:35:27","modified_gmt":"2026-04-15T23:35:27","slug":"unutmanin-sabahi","status":"publish","type":"product","link":"https:\/\/roveyayinevi.com.tr\/index.php\/urun\/unutmanin-sabahi\/","title":{"rendered":"Unutman\u0131n Sabah\u0131"},"content":{"rendered":"<p>manzaras\u0131 akl\u0131mda kalm\u0131\u015f g\u00fcl a\u00e7an yanaklar\u0131nk\u0131r\u0131ld\u0131m, melekler ta\u015f\u0131nd\u0131 benden \u00f6teyebir k\u0131z\u0131n elleri sinmi\u015f g\u00f6vdemeal\u0131n bu g\u00f6\u011fs\u00fcm\u00fc, bende telef olmas\u0131n<\/p>\n","protected":false},"excerpt":{"rendered":"<p>manzaras\u0131 akl\u0131mda kalm\u0131\u015f g\u00fcl a\u00e7an yanaklar\u0131nk\u0131r\u0131ld\u0131m, melekler ta\u015f\u0131nd\u0131 benden \u00f6teyebir k\u0131z\u0131n elleri sinmi\u015f g\u00f6vdemeal\u0131n bu g\u00f6\u011fs\u00fcm\u00fc, bende telef olmas\u0131n<\/p>\n","protected":false},"featured_media":0,"template":"","meta":{"_monsterinsights_skip_tracking":false,"_monsterinsights_sitenote_active":false,"_monsterinsights_sitenote_note":"","_monsterinsights_sitenote_category":0},"product_brand":[],"product_cat":[12291,12509],"product_tag":[],"class_list":{"0":"post-727823","1":"product","2":"type-product","3":"status-publish","5":"product_cat-edebiyat","6":"product_cat-siir","7":"pa_cilt-ciltsiz","8":"pa_tur-kitap","9":"pa_yayinevi-profil-kitap","10":"pa_yazar-cengizhan-konus","12":"first","13":"instock","14":"sale","15":"shipping-taxable","16":"purchasable","17":"product-type-simple"},"_links":{"self":[{"href":"https:\/\/roveyayinevi.com.tr\/index.php\/wp-json\/wp\/v2\/product\/727823","targetHints":{"allow":["GET"]}}],"collection":[{"href":"https:\/\/roveyayinevi.com.tr\/index.php\/wp-json\/wp\/v2\/product"}],"about":[{"href":"https:\/\/roveyayinevi.com.tr\/index.php\/wp-json\/wp\/v2\/types\/product"}],"wp:attachment":[{"href":"https:\/\/roveyayinevi.com.tr\/index.php\/wp-json\/wp\/v2\/media?parent=727823"}],"wp:term":[{"taxonomy":"product_brand","embeddable":true,"href":"https:\/\/roveyayinevi.com.tr\/index.php\/wp-json\/wp\/v2\/product_brand?post=727823"},{"taxonomy":"product_cat","embeddable":true,"href":"https:\/\/roveyayinevi.com.tr\/index.php\/wp-json\/wp\/v2\/product_cat?post=727823"},{"taxonomy":"product_tag","embeddable":true,"href":"https:\/\/roveyayinevi.com.tr\/index.php\/wp-json\/wp\/v2\/product_tag?post=727823"}],"curies":[{"name":"wp","href":"https:\/\/api.w.org\/{rel}","templated":true}]}}