{"id":727822,"date":"2025-08-27T20:28:36","date_gmt":"2025-08-27T17:28:36","guid":{"rendered":"https:\/\/roveyayinevi.com.tr\/index.php\/urun\/minnet-eylemem\/"},"modified":"2026-04-16T02:35:27","modified_gmt":"2026-04-15T23:35:27","slug":"minnet-eylemem","status":"publish","type":"product","link":"https:\/\/roveyayinevi.com.tr\/index.php\/urun\/minnet-eylemem\/","title":{"rendered":"Minnet Eylemem"},"content":{"rendered":"<p>Her \u015fey yolundaym\u0131\u015f gibi \u00e7\u0131kard\u0131m yola, ne mutlu bana At\u0131m\u0131 d\u00fcr\u00fcstl\u00fc\u011f\u00fcn bah\u00e7esine ba\u011flard\u0131m yaln\u0131z kalabilmek i\u00e7in Kimseye inanmad\u0131m kimseye g\u00fcvenmedim bunda hata etmedim Ne \u00f6\u011frendimse yola \u00e7\u0131kt\u0131k\u00e7a \u00f6\u011frendim bir de yolda kald\u0131k\u00e7a <\/p>\n","protected":false},"excerpt":{"rendered":"<p>Her \u015fey yolundaym\u0131\u015f gibi \u00e7\u0131kard\u0131m yola, ne mutlu bana At\u0131m\u0131 d\u00fcr\u00fcstl\u00fc\u011f\u00fcn bah\u00e7esine ba\u011flard\u0131m yaln\u0131z kalabilmek i\u00e7in Kimseye inanmad\u0131m kimseye g\u00fcvenmedim bunda hata etmedim Ne \u00f6\u011frendimse yola<span class=\"excerpt-hellip\"> [\u2026]<\/span><\/p>\n","protected":false},"featured_media":0,"template":"","meta":{"_monsterinsights_skip_tracking":false,"_monsterinsights_sitenote_active":false,"_monsterinsights_sitenote_note":"","_monsterinsights_sitenote_category":0},"product_brand":[],"product_cat":[12291,12509],"product_tag":[],"class_list":{"0":"post-727822","1":"product","2":"type-product","3":"status-publish","5":"product_cat-edebiyat","6":"product_cat-siir","7":"pa_cilt-ciltsiz","8":"pa_tur-kitap","9":"pa_yayinevi-profil-kitap","10":"pa_yazar-yagiz-gonuler","12":"first","13":"instock","14":"sale","15":"shipping-taxable","16":"purchasable","17":"product-type-simple"},"_links":{"self":[{"href":"https:\/\/roveyayinevi.com.tr\/index.php\/wp-json\/wp\/v2\/product\/727822","targetHints":{"allow":["GET"]}}],"collection":[{"href":"https:\/\/roveyayinevi.com.tr\/index.php\/wp-json\/wp\/v2\/product"}],"about":[{"href":"https:\/\/roveyayinevi.com.tr\/index.php\/wp-json\/wp\/v2\/types\/product"}],"wp:attachment":[{"href":"https:\/\/roveyayinevi.com.tr\/index.php\/wp-json\/wp\/v2\/media?parent=727822"}],"wp:term":[{"taxonomy":"product_brand","embeddable":true,"href":"https:\/\/roveyayinevi.com.tr\/index.php\/wp-json\/wp\/v2\/product_brand?post=727822"},{"taxonomy":"product_cat","embeddable":true,"href":"https:\/\/roveyayinevi.com.tr\/index.php\/wp-json\/wp\/v2\/product_cat?post=727822"},{"taxonomy":"product_tag","embeddable":true,"href":"https:\/\/roveyayinevi.com.tr\/index.php\/wp-json\/wp\/v2\/product_tag?post=727822"}],"curies":[{"name":"wp","href":"https:\/\/api.w.org\/{rel}","templated":true}]}}