{"id":727820,"date":"2025-08-27T20:28:34","date_gmt":"2025-08-27T17:28:34","guid":{"rendered":"https:\/\/roveyayinevi.com.tr\/index.php\/urun\/gunes-dogudan-batar\/"},"modified":"2026-03-09T02:42:27","modified_gmt":"2026-03-08T23:42:27","slug":"gunes-dogudan-batar","status":"publish","type":"product","link":"https:\/\/roveyayinevi.com.tr\/index.php\/urun\/gunes-dogudan-batar\/","title":{"rendered":"G\u00fcne\u015f Do\u011fudan Batar"},"content":{"rendered":"<p>\u201c\u2026 Ebulkas\u0131m\u2019\u0131n ruhu \u015fimdi \u00e7i\u00e7ekler a\u00e7m\u0131\u015f taze bahar \u00e7ay\u0131rlar\u0131ndad\u0131r. R\u00fczg\u00e2r bir ninni gibi esmekte, ba\u015f\u0131ndan sarkan salk\u0131m s\u00f6\u011f\u00fct dallar\u0131na \u015fark\u0131lar s\u00f6yletmektedir. Bir \u00e7ay\u0131r\u0131n ortas\u0131nda, bir evin bah\u00e7e kap\u0131s\u0131n\u0131n \u00f6n\u00fcndedir. \u00dczerinde hi\u00e7 sava\u015f g\u00f6rmemi\u015f gibi tertemiz bir g\u00f6mlek, i\u00e7inde al\u0131\u015f\u0131k olmad\u0131\u011f\u0131 bir ne\u015fe vard\u0131r. Yeni elbisesini giyen bir bayram \u00e7ocu\u011fu ne\u015fesi\u2026\u201d Kafkas Cephesi\u2019ndeki Ruslara kar\u015f\u0131, k\u0131\u015f\u0131n ortas\u0131nda giri\u015filen bir harek\u00e2t\u0131; Sar\u0131kam\u0131\u015f Harek\u00e2t\u0131\u2019n\u0131 ve t\u00fcrl\u00fc zorluklara g\u00f6\u011f\u00fcs germeye \u00e7al\u0131\u015fan insanlar\u0131m\u0131z\u0131n hik\u00e2yesini anlat\u0131yor G\u00fcne\u015f Do\u011fudan Batar. A\u00e7l\u0131kla, so\u011fukla, Rus sald\u0131r\u0131lar\u0131yla, tif\u00fcsle m\u00fccadele eden halk \u201cgeri d\u00f6n\u00fc\u015f\u00fc olmayan bir mevsim\u201din ba\u015flad\u0131\u011f\u0131n\u0131 biliyor, \u201cbahar\u0131n gelece\u011fine art\u0131k inanm\u0131yordu\u201d.T\u00fcm bu facian\u0131n ortas\u0131nda s\u0131\u011f\u0131nd\u0131klar\u0131 limansa, sevgiydi. Her \u00e7atlaktan i\u00e7eri s\u0131zan \u00f6l\u00fcm, Ebulkas\u0131m ile Y\u0131ld\u0131z\u2019\u0131n a\u015fk\u0131, Zehra ile Halil\u2019in cesareti, Sabiha ile Peynirci \u00d6mer\u2019in merhameti, Muallime Nesrin Han\u0131m\u2019\u0131n fedak\u00e2rl\u0131\u011f\u0131 kar\u015f\u0131s\u0131nda bir hi\u00e7 oluyordu. Caner \u00c7aylak, tarih\u00ee ger\u00e7eklere kap\u0131 aralarken bir yandan da insan kalabilmenin en zorlu ama en g\u00fczel yan\u0131n\u0131 anlat\u0131yor bu kitapta.<\/p>\n","protected":false},"excerpt":{"rendered":"<p>\u201c\u2026 Ebulkas\u0131m\u2019\u0131n ruhu \u015fimdi \u00e7i\u00e7ekler a\u00e7m\u0131\u015f taze bahar \u00e7ay\u0131rlar\u0131ndad\u0131r. R\u00fczg\u00e2r bir ninni gibi esmekte, ba\u015f\u0131ndan sarkan salk\u0131m s\u00f6\u011f\u00fct dallar\u0131na \u015fark\u0131lar s\u00f6yletmektedir. Bir \u00e7ay\u0131r\u0131n ortas\u0131nda, bir evin<span class=\"excerpt-hellip\"> [\u2026]<\/span><\/p>\n","protected":false},"featured_media":0,"template":"","meta":{"_monsterinsights_skip_tracking":false,"_monsterinsights_sitenote_active":false,"_monsterinsights_sitenote_note":"","_monsterinsights_sitenote_category":0},"product_brand":[],"product_cat":[12291,12711],"product_tag":[],"class_list":{"0":"post-727820","1":"product","2":"type-product","3":"status-publish","5":"product_cat-edebiyat","6":"product_cat-roman-oyku","7":"pa_cilt-ciltsiz","8":"pa_tur-kitap","9":"pa_yayinevi-otuken-nesriyat","10":"pa_yazar-caner-caylak","12":"first","13":"instock","14":"sale","15":"shipping-taxable","16":"purchasable","17":"product-type-simple"},"_links":{"self":[{"href":"https:\/\/roveyayinevi.com.tr\/index.php\/wp-json\/wp\/v2\/product\/727820","targetHints":{"allow":["GET"]}}],"collection":[{"href":"https:\/\/roveyayinevi.com.tr\/index.php\/wp-json\/wp\/v2\/product"}],"about":[{"href":"https:\/\/roveyayinevi.com.tr\/index.php\/wp-json\/wp\/v2\/types\/product"}],"wp:attachment":[{"href":"https:\/\/roveyayinevi.com.tr\/index.php\/wp-json\/wp\/v2\/media?parent=727820"}],"wp:term":[{"taxonomy":"product_brand","embeddable":true,"href":"https:\/\/roveyayinevi.com.tr\/index.php\/wp-json\/wp\/v2\/product_brand?post=727820"},{"taxonomy":"product_cat","embeddable":true,"href":"https:\/\/roveyayinevi.com.tr\/index.php\/wp-json\/wp\/v2\/product_cat?post=727820"},{"taxonomy":"product_tag","embeddable":true,"href":"https:\/\/roveyayinevi.com.tr\/index.php\/wp-json\/wp\/v2\/product_tag?post=727820"}],"curies":[{"name":"wp","href":"https:\/\/api.w.org\/{rel}","templated":true}]}}