{"id":727819,"date":"2025-08-27T20:28:33","date_gmt":"2025-08-27T17:28:33","guid":{"rendered":"https:\/\/roveyayinevi.com.tr\/index.php\/urun\/butun-ayriliklar\/"},"modified":"2026-04-16T02:35:27","modified_gmt":"2026-04-15T23:35:27","slug":"butun-ayriliklar","status":"publish","type":"product","link":"https:\/\/roveyayinevi.com.tr\/index.php\/urun\/butun-ayriliklar\/","title":{"rendered":"B\u00fct\u00fcn Ayr\u0131l\u0131klar"},"content":{"rendered":"<p>Bana yaz\u0131ld\u0131 b\u00fct\u00fcn ayr\u0131l\u0131klar ve bana yazmak d\u00fc\u015ft\u00fc b\u00fct\u00fcn ayr\u0131l\u0131klar\u0131 .<\/p>\n","protected":false},"excerpt":{"rendered":"<p>Bana yaz\u0131ld\u0131 b\u00fct\u00fcn ayr\u0131l\u0131klar ve bana yazmak d\u00fc\u015ft\u00fc b\u00fct\u00fcn ayr\u0131l\u0131klar\u0131 .<\/p>\n","protected":false},"featured_media":0,"template":"","meta":{"_monsterinsights_skip_tracking":false,"_monsterinsights_sitenote_active":false,"_monsterinsights_sitenote_note":"","_monsterinsights_sitenote_category":0},"product_brand":[],"product_cat":[12291,12509],"product_tag":[],"class_list":{"0":"post-727819","1":"product","2":"type-product","3":"status-publish","5":"product_cat-edebiyat","6":"product_cat-siir","7":"pa_cilt-ciltsiz","8":"pa_tur-kitap","9":"pa_yayinevi-profil-kitap","10":"pa_yazar-suavi-kemal-yazgic","12":"first","13":"instock","14":"sale","15":"shipping-taxable","16":"purchasable","17":"product-type-simple"},"_links":{"self":[{"href":"https:\/\/roveyayinevi.com.tr\/index.php\/wp-json\/wp\/v2\/product\/727819","targetHints":{"allow":["GET"]}}],"collection":[{"href":"https:\/\/roveyayinevi.com.tr\/index.php\/wp-json\/wp\/v2\/product"}],"about":[{"href":"https:\/\/roveyayinevi.com.tr\/index.php\/wp-json\/wp\/v2\/types\/product"}],"wp:attachment":[{"href":"https:\/\/roveyayinevi.com.tr\/index.php\/wp-json\/wp\/v2\/media?parent=727819"}],"wp:term":[{"taxonomy":"product_brand","embeddable":true,"href":"https:\/\/roveyayinevi.com.tr\/index.php\/wp-json\/wp\/v2\/product_brand?post=727819"},{"taxonomy":"product_cat","embeddable":true,"href":"https:\/\/roveyayinevi.com.tr\/index.php\/wp-json\/wp\/v2\/product_cat?post=727819"},{"taxonomy":"product_tag","embeddable":true,"href":"https:\/\/roveyayinevi.com.tr\/index.php\/wp-json\/wp\/v2\/product_tag?post=727819"}],"curies":[{"name":"wp","href":"https:\/\/api.w.org\/{rel}","templated":true}]}}