{"id":727818,"date":"2025-08-27T20:28:32","date_gmt":"2025-08-27T17:28:32","guid":{"rendered":"https:\/\/roveyayinevi.com.tr\/index.php\/urun\/ben-bir-dagin-agaciyim\/"},"modified":"2026-04-12T02:42:29","modified_gmt":"2026-04-11T23:42:29","slug":"ben-bir-dagin-agaciyim","status":"publish","type":"product","link":"https:\/\/roveyayinevi.com.tr\/index.php\/urun\/ben-bir-dagin-agaciyim\/","title":{"rendered":"Ben Bir Da\u011f\u0131n A\u011fac\u0131y\u0131m"},"content":{"rendered":"<p>\u0130nsan kendinden ba\u015flar insanlar\u0131 okumaya. Kendini eskitti\u011fi yerden okur zaman\u0131. Zaman\u0131 eksiltti\u011fi yerden var\u0131r kendine. \u0130nsand\u0131r, s\u00fcrekli olmu\u015fu, olan\u0131, olaca\u011f\u0131 hep zan ile kutsayan. \u0130nsand\u0131r, g\u00f6nendik\u00e7e d\u00fcnya vuslat\u0131n\u0131 bir \u015feye ba\u011flayan. Oysa \u00fcryan geldik, \u00fcryan gidece\u011fiz. Bir vakit burada, bir \u015fark\u0131, bir r\u00fcya, bir hasret, bir a\u011fr\u0131 olarak\u2026 <\/p>\n","protected":false},"excerpt":{"rendered":"<p>\u0130nsan kendinden ba\u015flar insanlar\u0131 okumaya. Kendini eskitti\u011fi yerden okur zaman\u0131. Zaman\u0131 eksiltti\u011fi yerden var\u0131r kendine. \u0130nsand\u0131r, s\u00fcrekli olmu\u015fu, olan\u0131, olaca\u011f\u0131 hep zan ile kutsayan. \u0130nsand\u0131r, g\u00f6nendik\u00e7e<span class=\"excerpt-hellip\"> [\u2026]<\/span><\/p>\n","protected":false},"featured_media":0,"template":"","meta":{"_monsterinsights_skip_tracking":false,"_monsterinsights_sitenote_active":false,"_monsterinsights_sitenote_note":"","_monsterinsights_sitenote_category":0},"product_brand":[],"product_cat":[12777,12291],"product_tag":[],"class_list":{"0":"post-727818","1":"product","2":"type-product","3":"status-publish","5":"product_cat-deneme","6":"product_cat-edebiyat","7":"pa_cilt-ciltsiz","8":"pa_tur-kitap","9":"pa_yayinevi-profil-kitap","10":"pa_yazar-ebubekir-kurban","12":"first","13":"instock","14":"sale","15":"shipping-taxable","16":"purchasable","17":"product-type-simple"},"_links":{"self":[{"href":"https:\/\/roveyayinevi.com.tr\/index.php\/wp-json\/wp\/v2\/product\/727818","targetHints":{"allow":["GET"]}}],"collection":[{"href":"https:\/\/roveyayinevi.com.tr\/index.php\/wp-json\/wp\/v2\/product"}],"about":[{"href":"https:\/\/roveyayinevi.com.tr\/index.php\/wp-json\/wp\/v2\/types\/product"}],"wp:attachment":[{"href":"https:\/\/roveyayinevi.com.tr\/index.php\/wp-json\/wp\/v2\/media?parent=727818"}],"wp:term":[{"taxonomy":"product_brand","embeddable":true,"href":"https:\/\/roveyayinevi.com.tr\/index.php\/wp-json\/wp\/v2\/product_brand?post=727818"},{"taxonomy":"product_cat","embeddable":true,"href":"https:\/\/roveyayinevi.com.tr\/index.php\/wp-json\/wp\/v2\/product_cat?post=727818"},{"taxonomy":"product_tag","embeddable":true,"href":"https:\/\/roveyayinevi.com.tr\/index.php\/wp-json\/wp\/v2\/product_tag?post=727818"}],"curies":[{"name":"wp","href":"https:\/\/api.w.org\/{rel}","templated":true}]}}